{"id":487,"date":"2017-09-28T12:37:05","date_gmt":"2017-09-28T15:37:05","guid":{"rendered":"https:\/\/www.brmedal.com.br\/product\/avental-ou-jaleco-masculino-branco-em-oxford\/"},"modified":"2026-02-26T23:43:50","modified_gmt":"2026-02-27T02:43:50","slug":"avental-ou-jaleco-masculino-branco-em-oxford","status":"publish","type":"product","link":"https:\/\/www.brmedal.com.br\/?product=avental-ou-jaleco-masculino-branco-em-oxford","title":{"rendered":"Jaleco avental Unissex branco tecido Oxford"},"content":{"rendered":"<table>\n<tbody>\n<tr>\n<td><strong>Jaleco Branco<\/strong><\/td>\n<td style=\"text-align: center\"><strong>Compr<\/strong><\/td>\n<td style=\"text-align: center\"><strong>Largura<\/strong><\/td>\n<td style=\"text-align: center\"><strong>Mangas<\/strong><\/td>\n<\/tr>\n<tr>\n<td>Tamanho P<\/td>\n<td style=\"text-align: center\">86<\/td>\n<td style=\"text-align: center\">54<\/td>\n<td style=\"text-align: center\">58<\/td>\n<\/tr>\n<tr>\n<td>Tamanho M<\/td>\n<td style=\"text-align: center\">89<\/td>\n<td style=\"text-align: center\">56<\/td>\n<td style=\"text-align: center\">60<\/td>\n<\/tr>\n<tr>\n<td>Tamanho G<\/td>\n<td style=\"text-align: center\">91<\/td>\n<td style=\"text-align: center\">58<\/td>\n<td style=\"text-align: center\">62<\/td>\n<\/tr>\n<tr>\n<td>Tamanho GG<\/td>\n<td style=\"text-align: center\">93<\/td>\n<td style=\"text-align: center\">60<\/td>\n<td style=\"text-align: center\">64<\/td>\n<\/tr>\n<tr>\n<td>Tamanho XG<\/td>\n<td style=\"text-align: center\">95<\/td>\n<td style=\"text-align: center\">62<\/td>\n<td style=\"text-align: center\">66<\/td>\n<\/tr>\n<\/tbody>\n<\/table>\n<div id=\"njcdgcofcbnlbpkpdhmlmiblaglnkpnj\"><\/div>\n","protected":false},"excerpt":{"rendered":"<p>Jalecos brancos confeccionados em tecido Oxford, composi\u00e7\u00e3o 100% poli\u00e9ster.<\/p>\n<p>Resistente e dur\u00e1vel!<\/p>\n<p>Manga longa, sem punho, com 3 bolsos, sendo 2 bolsos inferiores e 1 superior esquerdo.<\/p>\n<p>Aplicamos seu logo sob pedido<\/p>\n<p><b>Personlizamos sob encomenda.<\/b><\/p>\n<div id=\"njcdgcofcbnlbpkpdhmlmiblaglnkpnj\">\n<div><strong>CONDI\u00c7\u00d5ES ESPECIAIS PARA QUANTIDADES, HOSPITAIS, CL\u00cdNICAS E REVENDAS!<\/strong><\/div>\n<\/div>\n<p><strong>CLIENTES SATISFEITOS:<\/strong><\/p>\n<p><img loading=\"lazy\" decoding=\"async\" class=\"alignnone size-full wp-image-15129\" src=\"https:\/\/www.brmedal.com.br\/wp-content\/uploads\/2024\/09\/cliente-nel-3.jpg\" alt=\"\" width=\"150\" height=\"75\" \/> <img loading=\"lazy\" decoding=\"async\" class=\"alignnone size-full wp-image-15126\" src=\"https:\/\/www.brmedal.com.br\/wp-content\/uploads\/2024\/09\/cliente-nel-2.jpg\" alt=\"\" width=\"150\" height=\"75\" \/> <img loading=\"lazy\" decoding=\"async\" class=\"alignnone size-full wp-image-15123\" src=\"https:\/\/www.brmedal.com.br\/wp-content\/uploads\/2024\/09\/cliente-nel-1.jpg\" alt=\"\" width=\"150\" height=\"75\" \/> <img loading=\"lazy\" decoding=\"async\" class=\"alignnone size-full wp-image-15135\" src=\"https:\/\/www.brmedal.com.br\/wp-content\/uploads\/2024\/09\/cliente-nel-5.jpg\" alt=\"\" width=\"150\" height=\"75\" \/> <img loading=\"lazy\" decoding=\"async\" class=\"alignnone size-medium wp-image-15132\" src=\"https:\/\/www.brmedal.com.br\/wp-content\/uploads\/2024\/09\/cliente-nel-4.jpg\" alt=\"\" width=\"150\" height=\"75\" \/> <img loading=\"lazy\" decoding=\"async\" class=\"alignnone size-full wp-image-15138\" src=\"https:\/\/www.brmedal.com.br\/wp-content\/uploads\/2024\/09\/cliente-nel-6.jpg\" alt=\"\" width=\"150\" height=\"75\" \/> <img loading=\"lazy\" decoding=\"async\" class=\"alignnone size-full wp-image-15141\" src=\"https:\/\/www.brmedal.com.br\/wp-content\/uploads\/2024\/09\/cliente-nel-7.jpg\" alt=\"\" width=\"150\" height=\"75\" \/> <img loading=\"lazy\" decoding=\"async\" class=\"alignnone size-full wp-image-15144\" src=\"https:\/\/www.brmedal.com.br\/wp-content\/uploads\/2024\/09\/cliente-nel-8.jpg\" alt=\"\" width=\"150\" height=\"75\" \/> <img loading=\"lazy\" decoding=\"async\" class=\"alignnone size-full wp-image-15147\" src=\"https:\/\/www.brmedal.com.br\/wp-content\/uploads\/2024\/09\/cliente-nel-9.jpg\" alt=\"\" width=\"150\" height=\"75\" \/><\/p>\n","protected":false},"featured_media":15245,"comment_status":"open","ping_status":"closed","template":"","meta":[],"product_brand":[],"product_cat":[776,508,786,571],"product_tag":[],"class_list":{"0":"post-487","1":"product","2":"type-product","3":"status-publish","4":"has-post-thumbnail","6":"product_cat-destaque","7":"product_cat-inicio","8":"product_cat-promocao","9":"product_cat-rouparia","10":"pa_taamanhos-aventais-p-ao-eg-g","11":"pa_taamanhos-aventais-p-ao-eg-gg","12":"pa_taamanhos-aventais-p-ao-eg-m","13":"pa_taamanhos-aventais-p-ao-eg-p","15":"first","16":"instock","17":"shipping-taxable","18":"purchasable","19":"product-type-variable"},"_links":{"self":[{"href":"https:\/\/www.brmedal.com.br\/index.php?rest_route=\/wp\/v2\/product\/487","targetHints":{"allow":["GET"]}}],"collection":[{"href":"https:\/\/www.brmedal.com.br\/index.php?rest_route=\/wp\/v2\/product"}],"about":[{"href":"https:\/\/www.brmedal.com.br\/index.php?rest_route=\/wp\/v2\/types\/product"}],"replies":[{"embeddable":true,"href":"https:\/\/www.brmedal.com.br\/index.php?rest_route=%2Fwp%2Fv2%2Fcomments&post=487"}],"wp:featuredmedia":[{"embeddable":true,"href":"https:\/\/www.brmedal.com.br\/index.php?rest_route=\/wp\/v2\/media\/15245"}],"wp:attachment":[{"href":"https:\/\/www.brmedal.com.br\/index.php?rest_route=%2Fwp%2Fv2%2Fmedia&parent=487"}],"wp:term":[{"taxonomy":"product_brand","embeddable":true,"href":"https:\/\/www.brmedal.com.br\/index.php?rest_route=%2Fwp%2Fv2%2Fproduct_brand&post=487"},{"taxonomy":"product_cat","embeddable":true,"href":"https:\/\/www.brmedal.com.br\/index.php?rest_route=%2Fwp%2Fv2%2Fproduct_cat&post=487"},{"taxonomy":"product_tag","embeddable":true,"href":"https:\/\/www.brmedal.com.br\/index.php?rest_route=%2Fwp%2Fv2%2Fproduct_tag&post=487"}],"curies":[{"name":"wp","href":"https:\/\/api.w.org\/{rel}","templated":true}]}}