{"id":4993,"date":"2018-07-04T12:49:32","date_gmt":"2018-07-04T15:49:32","guid":{"rendered":"https:\/\/www.brmedal.com.br\/product\/edta-gel-24\/"},"modified":"2022-10-31T00:23:37","modified_gmt":"2022-10-31T03:23:37","slug":"edta-gel-24","status":"publish","type":"product","link":"https:\/\/www.brmedal.com.br\/?product=edta-gel-24","title":{"rendered":"E.D.T.A GEL 24%"},"content":{"rendered":"<p>O EDTA \u00e9 geralmente aceito como o mais efetivo agente quelante. Quando colocado no interior da cavidade pulpar, age sobre as paredes dentin\u00e1rias, desmineralizando-as e tornando-as menos resistente \u00e0 a\u00e7\u00e3o dos instrumentos endod\u00f4nticos, o que facilita o preparo do canal. Remove ainda de forma eficiente, a lama dentin\u00e1ria, aumentando a permeabilidade da dentina.<\/p>\n","protected":false},"excerpt":{"rendered":"<p>O EDTA \u00e9 geralmente aceito como o mais efetivo agente quelante. Quando colocado no interior da cavidade pulpar, age sobre as paredes dentin\u00e1rias, desmineralizando-as e tornando-as<span class=\"excerpt-hellip\"> [\u2026]<\/span><\/p>\n","protected":false},"featured_media":4986,"comment_status":"open","ping_status":"closed","template":"","meta":[],"product_brand":[],"product_cat":[515,510],"product_tag":[],"class_list":{"0":"post-4993","1":"product","2":"type-product","3":"status-publish","4":"has-post-thumbnail","6":"product_cat-acessorios","7":"product_cat-odontologia","9":"first","10":"onbackorder","11":"shipping-taxable","12":"purchasable","13":"product-type-simple"},"_links":{"self":[{"href":"https:\/\/www.brmedal.com.br\/index.php?rest_route=\/wp\/v2\/product\/4993","targetHints":{"allow":["GET"]}}],"collection":[{"href":"https:\/\/www.brmedal.com.br\/index.php?rest_route=\/wp\/v2\/product"}],"about":[{"href":"https:\/\/www.brmedal.com.br\/index.php?rest_route=\/wp\/v2\/types\/product"}],"replies":[{"embeddable":true,"href":"https:\/\/www.brmedal.com.br\/index.php?rest_route=%2Fwp%2Fv2%2Fcomments&post=4993"}],"wp:featuredmedia":[{"embeddable":true,"href":"https:\/\/www.brmedal.com.br\/index.php?rest_route=\/wp\/v2\/media\/4986"}],"wp:attachment":[{"href":"https:\/\/www.brmedal.com.br\/index.php?rest_route=%2Fwp%2Fv2%2Fmedia&parent=4993"}],"wp:term":[{"taxonomy":"product_brand","embeddable":true,"href":"https:\/\/www.brmedal.com.br\/index.php?rest_route=%2Fwp%2Fv2%2Fproduct_brand&post=4993"},{"taxonomy":"product_cat","embeddable":true,"href":"https:\/\/www.brmedal.com.br\/index.php?rest_route=%2Fwp%2Fv2%2Fproduct_cat&post=4993"},{"taxonomy":"product_tag","embeddable":true,"href":"https:\/\/www.brmedal.com.br\/index.php?rest_route=%2Fwp%2Fv2%2Fproduct_tag&post=4993"}],"curies":[{"name":"wp","href":"https:\/\/api.w.org\/{rel}","templated":true}]}}