{"id":5190,"date":"2019-04-22T08:39:31","date_gmt":"2019-04-22T11:39:31","guid":{"rendered":"https:\/\/www.brmedal.com.br\/product\/e-432-flex\/"},"modified":"2022-10-30T23:48:36","modified_gmt":"2022-10-31T02:48:36","slug":"e-432-flex","status":"publish","type":"product","link":"https:\/\/www.brmedal.com.br\/?product=e-432-flex","title":{"rendered":"M\u00e1quina fabricar blocos E 432 FLEX"},"content":{"rendered":"<table>\n<tbody>\n<tr>\n<td colspan=\"2\">\n<table>\n<tbody>\n<tr>\n<td><strong>Equipamento montado em chassis de<\/strong><\/td>\n<td><strong>50mm<\/strong><\/td>\n<\/tr>\n<tr>\n<td><strong>Compacta at\u00e9:<\/strong><\/td>\n<td><strong>120 Libras<\/strong><\/td>\n<\/tr>\n<tr>\n<td><strong>Vibra\u00e7\u00e3o com Impacto:<\/strong><\/td>\n<td><strong>13<\/strong><\/td>\n<\/tr>\n<tr>\n<td><strong>Dimens\u00f5es:<\/strong><\/td>\n<td><strong>1,60m H \u2013 1,00m L \u2013 1,05m C <\/strong><\/td>\n<\/tr>\n<tr>\n<td><strong>Peso do equipamento:<\/strong><\/td>\n<td><strong>580 kg<\/strong><\/td>\n<\/tr>\n<tr>\n<td>&nbsp;<\/td>\n<td>&nbsp;<\/td>\n<\/tr>\n<\/tbody>\n<\/table>\n<\/td>\n<\/tr>\n<tr>\n<td>\n<table>\n<tbody>\n<tr>\n<td colspan=\"2\"><strong>Produ\u00e7\u00e3o em 8 horas de trabalho:<\/strong><\/td>\n<\/tr>\n<tr>\n<td><strong>4 blocos de 10 =<\/strong><\/td>\n<td><strong>4.000 blocos\/dia<\/strong><\/td>\n<\/tr>\n<tr>\n<td><strong>3 blocos de 15 =<\/strong><\/td>\n<td><strong>3.000 blocos\/dia<\/strong><\/td>\n<\/tr>\n<tr>\n<td><strong>2 bloco de 20 =<\/strong><\/td>\n<td><strong>2.000 blocos\/dia<\/strong><\/td>\n<\/tr>\n<tr>\n<td colspan=\"2\"><strong>Lajotas para pavimenta\u00e7\u00e3o at\u00e9 160m\u00b2\/dia<\/strong><\/td>\n<\/tr>\n<tr>\n<td colspan=\"2\"><strong>Funcion\u00e1rios necess\u00e1rios: 06<\/strong><\/td>\n<\/tr>\n<\/tbody>\n<\/table>\n<\/td>\n<\/tr>\n<\/tbody>\n<\/table>\n","protected":false},"excerpt":{"rendered":"<p><b>\u00c9 recomend\u00e1vel o uso de Betoneira.<\/b><\/p>\n","protected":false},"featured_media":5187,"comment_status":"open","ping_status":"closed","template":"","meta":[],"product_brand":[],"product_cat":[525,511,508],"product_tag":[],"class_list":{"0":"post-5190","1":"product","2":"type-product","3":"status-publish","4":"has-post-thumbnail","6":"product_cat-equipamentos-para-construcao-civis","7":"product_cat-equipamentos","8":"product_cat-inicio","10":"first","11":"onbackorder","12":"shipping-taxable","13":"purchasable","14":"product-type-simple"},"_links":{"self":[{"href":"https:\/\/www.brmedal.com.br\/index.php?rest_route=\/wp\/v2\/product\/5190","targetHints":{"allow":["GET"]}}],"collection":[{"href":"https:\/\/www.brmedal.com.br\/index.php?rest_route=\/wp\/v2\/product"}],"about":[{"href":"https:\/\/www.brmedal.com.br\/index.php?rest_route=\/wp\/v2\/types\/product"}],"replies":[{"embeddable":true,"href":"https:\/\/www.brmedal.com.br\/index.php?rest_route=%2Fwp%2Fv2%2Fcomments&post=5190"}],"wp:featuredmedia":[{"embeddable":true,"href":"https:\/\/www.brmedal.com.br\/index.php?rest_route=\/wp\/v2\/media\/5187"}],"wp:attachment":[{"href":"https:\/\/www.brmedal.com.br\/index.php?rest_route=%2Fwp%2Fv2%2Fmedia&parent=5190"}],"wp:term":[{"taxonomy":"product_brand","embeddable":true,"href":"https:\/\/www.brmedal.com.br\/index.php?rest_route=%2Fwp%2Fv2%2Fproduct_brand&post=5190"},{"taxonomy":"product_cat","embeddable":true,"href":"https:\/\/www.brmedal.com.br\/index.php?rest_route=%2Fwp%2Fv2%2Fproduct_cat&post=5190"},{"taxonomy":"product_tag","embeddable":true,"href":"https:\/\/www.brmedal.com.br\/index.php?rest_route=%2Fwp%2Fv2%2Fproduct_tag&post=5190"}],"curies":[{"name":"wp","href":"https:\/\/api.w.org\/{rel}","templated":true}]}}