{"id":5198,"date":"2022-10-31T00:10:39","date_gmt":"2022-10-31T03:10:39","guid":{"rendered":"https:\/\/www.brmedal.com.br\/?post_type=product&#038;p=5198"},"modified":"2024-10-23T10:15:48","modified_gmt":"2024-10-23T13:15:48","slug":"acucar-cristal-peneirado-de-1kg","status":"publish","type":"product","link":"https:\/\/www.brmedal.com.br\/?product=acucar-cristal-peneirado-de-1kg","title":{"rendered":"A\u00e7\u00facar Refinado Granulado Icumsa 45 &#8211; sacos de 50 kgs"},"content":{"rendered":"<p>A mat\u00e9ria-prima \u00e9 o A\u00e7\u00facar Cristal produzido diretamente na usina atrav\u00e9s do caldo de cana-de-a\u00e7\u00facar.<\/p>\n<p>Composi\u00e7\u00e3o:\u00a0 Sacarose (99,7% m\u00ednimo ).<\/p>\n<p>Produto v\u00e1lido por 12 meses, desde que armazenado em local seco e fresco, longe de produtos qu\u00edmicos ou com odores fortes, sem varia\u00e7\u00f5es bruscas de temperatura e com umidade relativa do ar de no m\u00e1ximo 60%.Guara<\/p>\n","protected":false},"excerpt":{"rendered":"<p>A\u00e7\u00facar Cristal em forma cristalina; ado\u00e7ante natural de sacarose, na forma s\u00f3lida, com pequenos cristais de diferentes tamanhos; produto final caracterizado por cristais brancos, brilhantes e mais homog\u00eaneos.<\/p>\n<p>Embalado em sacos de 50 kgs \u2013 fardos com 5 sacos<\/p>\n<p><strong>PRE\u00c7O POR SACO DE 50 kg<\/strong> \u2013 Fob S\u00e3o Paulo \u2013 SP \u2013 Brasil.<\/p>\n<p>Sujeitos a varia\u00e7\u00e3o cambial e de oferta, bem como ao valor internacional do produto.<\/p>\n<p>Quantidade e condi\u00e7\u00f5es sob consulta.<\/p>\n<p><strong>Exportamos para todos os pa\u00edses.<\/strong><\/p>\n<p><strong>PE\u00c7A SUA COTA\u00c7\u00c3O!<\/strong><\/p>\n<p><strong>WHATSAPP ou TELEGRAM: +55 11 99570-0719<\/strong><\/p>\n","protected":false},"featured_media":15159,"comment_status":"open","ping_status":"closed","template":"","meta":[],"product_brand":[],"product_cat":[581,513],"product_tag":[],"class_list":{"0":"post-5198","1":"product","2":"type-product","3":"status-publish","4":"has-post-thumbnail","6":"product_cat-acucar","7":"product_cat-alimentos","9":"first","10":"onbackorder","11":"shipping-taxable","12":"purchasable","13":"product-type-simple"},"_links":{"self":[{"href":"https:\/\/www.brmedal.com.br\/index.php?rest_route=\/wp\/v2\/product\/5198","targetHints":{"allow":["GET"]}}],"collection":[{"href":"https:\/\/www.brmedal.com.br\/index.php?rest_route=\/wp\/v2\/product"}],"about":[{"href":"https:\/\/www.brmedal.com.br\/index.php?rest_route=\/wp\/v2\/types\/product"}],"replies":[{"embeddable":true,"href":"https:\/\/www.brmedal.com.br\/index.php?rest_route=%2Fwp%2Fv2%2Fcomments&post=5198"}],"wp:featuredmedia":[{"embeddable":true,"href":"https:\/\/www.brmedal.com.br\/index.php?rest_route=\/wp\/v2\/media\/15159"}],"wp:attachment":[{"href":"https:\/\/www.brmedal.com.br\/index.php?rest_route=%2Fwp%2Fv2%2Fmedia&parent=5198"}],"wp:term":[{"taxonomy":"product_brand","embeddable":true,"href":"https:\/\/www.brmedal.com.br\/index.php?rest_route=%2Fwp%2Fv2%2Fproduct_brand&post=5198"},{"taxonomy":"product_cat","embeddable":true,"href":"https:\/\/www.brmedal.com.br\/index.php?rest_route=%2Fwp%2Fv2%2Fproduct_cat&post=5198"},{"taxonomy":"product_tag","embeddable":true,"href":"https:\/\/www.brmedal.com.br\/index.php?rest_route=%2Fwp%2Fv2%2Fproduct_tag&post=5198"}],"curies":[{"name":"wp","href":"https:\/\/api.w.org\/{rel}","templated":true}]}}