{"id":5218,"date":"2019-04-22T12:56:00","date_gmt":"2019-04-22T15:56:00","guid":{"rendered":"https:\/\/www.brmedal.com.br\/product\/carro-termico-self-service-de-10-cubas\/"},"modified":"2022-10-31T00:08:34","modified_gmt":"2022-10-31T03:08:34","slug":"carro-termico-self-service-de-10-cubas","status":"publish","type":"product","link":"https:\/\/www.brmedal.com.br\/?product=carro-termico-self-service-de-10-cubas","title":{"rendered":"Carro T\u00e9rmico Self Service de 10 Cubas"},"content":{"rendered":"<p><strong>DESCRI\u00c7\u00c3O<\/strong><\/p>\n<p>Carro T\u00e9rmico Self Service de 10 Cubas, com ele ser\u00e1 mais f\u00e1cil servir dez tipos de alimentos e mant\u00ea-los na temperatura certa para agradar os clientes. Utens\u00edlio apenas para tens\u00e3o el\u00e9trica de 220 V.<\/p>\n<p><strong>CARACTER\u00cdSTICAS <\/strong><\/p>\n<p>Carro t\u00e9rmico todo em a\u00e7o inox brilhante AISI430 possuindo:<\/p>\n<p>10 cubas gastron\u00f4micas (GNs), cubas tamb\u00e9m em a\u00e7o inoxid\u00e1vel brilhante\u00a0 AISI430,\u00a0 confeccionadas conforme normas internacionais.<\/p>\n<p>Estrutura tubular pintada com processo de pintura eletrost\u00e1tica na cor cinza para maior qualidade e durabilidade da pe\u00e7a e facilidade na limpeza. Pois esse tipo de pintura deixa o objeto com textura mais\u00a0 lisa, al\u00e9m de deixar a cor mais uniforme.<\/p>\n<p>Protetor de saliva para dar maior condi\u00e7\u00e3o de higiene aos alimentos servidos nas cubas, evitando poss\u00edveis contamina\u00e7\u00f5es.<\/p>\n<p>Resist\u00eancia com pot\u00eancia de 2500 W. Pe\u00e7a de grande import\u00e2ncia para esse equipamento gastron\u00f4mico, sendo respons\u00e1vel por manter\u00a0 a \u00e1gua na temperatura adequada para conservar os alimentos quente, com qualidade e bom sabor.<\/p>\n<p>L\u00e2mpada piloto que se mant\u00e9m acesa at\u00e9 o momento que a \u00e1gua alcan\u00e7ar\u00a0 a temperatura marcada no termostato.<\/p>\n<p>Termostato do tipo capilar de bulbo sendo\u00a0 20 seu\u00a0 grau menor\u00a0 e\u00a0 120 seu maior grau.<\/p>\n<p>L\u00e2mpada fluorescente acoplada na travessa superior do carro t\u00e9rmico para dar possibilidade de iluminar muito bem o interior das 10 cubas.<\/p>\n<p>Registro para sa\u00edda da \u00e1gua do reservat\u00f3rio para facilitar a limpeza.<\/p>\n<p>Rod\u00edzios para maior facilidade na locomo\u00e7\u00e3o.<\/p>\n<p>Tens\u00e3o el\u00e9trica: 220 V<\/p>\n<p>Dimens\u00f5es: 180 cm de comprimento; 62,5 cm de largura. Mesa das cubas com 59,5 cm de altura e 20 cm de profundidade.<\/p>\n<p>Travessa superior com largura de 24 cm e inferior com 12 cm.<\/p>\n","protected":false},"excerpt":{"rendered":"<p>Carro T\u00e9rmico Self Service de 10 Cubas da Ekenox<\/p>\n","protected":false},"featured_media":5214,"comment_status":"open","ping_status":"closed","template":"","meta":[],"product_brand":[],"product_cat":[511,516,508],"product_tag":[],"class_list":{"0":"post-5218","1":"product","2":"type-product","3":"status-publish","4":"has-post-thumbnail","6":"product_cat-equipamentos","7":"product_cat-equipamentos-comerciais","8":"product_cat-inicio","10":"first","11":"onbackorder","12":"shipping-taxable","13":"purchasable","14":"product-type-simple"},"_links":{"self":[{"href":"https:\/\/www.brmedal.com.br\/index.php?rest_route=\/wp\/v2\/product\/5218","targetHints":{"allow":["GET"]}}],"collection":[{"href":"https:\/\/www.brmedal.com.br\/index.php?rest_route=\/wp\/v2\/product"}],"about":[{"href":"https:\/\/www.brmedal.com.br\/index.php?rest_route=\/wp\/v2\/types\/product"}],"replies":[{"embeddable":true,"href":"https:\/\/www.brmedal.com.br\/index.php?rest_route=%2Fwp%2Fv2%2Fcomments&post=5218"}],"wp:featuredmedia":[{"embeddable":true,"href":"https:\/\/www.brmedal.com.br\/index.php?rest_route=\/wp\/v2\/media\/5214"}],"wp:attachment":[{"href":"https:\/\/www.brmedal.com.br\/index.php?rest_route=%2Fwp%2Fv2%2Fmedia&parent=5218"}],"wp:term":[{"taxonomy":"product_brand","embeddable":true,"href":"https:\/\/www.brmedal.com.br\/index.php?rest_route=%2Fwp%2Fv2%2Fproduct_brand&post=5218"},{"taxonomy":"product_cat","embeddable":true,"href":"https:\/\/www.brmedal.com.br\/index.php?rest_route=%2Fwp%2Fv2%2Fproduct_cat&post=5218"},{"taxonomy":"product_tag","embeddable":true,"href":"https:\/\/www.brmedal.com.br\/index.php?rest_route=%2Fwp%2Fv2%2Fproduct_tag&post=5218"}],"curies":[{"name":"wp","href":"https:\/\/api.w.org\/{rel}","templated":true}]}}