{"id":552,"date":"2022-11-12T23:38:48","date_gmt":"2022-11-13T02:38:48","guid":{"rendered":"https:\/\/www.brmedal.com.br\/?post_type=product&#038;p=552"},"modified":"2022-11-12T23:39:33","modified_gmt":"2022-11-13T02:39:33","slug":"toalha-de-rosto-gramatura-400gm","status":"publish","type":"product","link":"https:\/\/www.brmedal.com.br\/?product=toalha-de-rosto-gramatura-400gm","title":{"rendered":"Toalha de rosto Verona"},"content":{"rendered":"","protected":false},"excerpt":{"rendered":"<p>Confeccionada em tecido 100% Algod\u00e3o, com gramatura de 284 grs\/m\u00b2.<\/p>\n<p>Macia e absorvente.<\/p>\n<p>Medidas 50&#215;80 cms.<\/p>\n<p><strong>Descontos especiais para quantidades. Consulte-nos!<\/strong><\/p>\n<p><strong>Clientes fora do Brasil &#8211; SOLICITE CONDI\u00c7\u00c3O DE FRETE PARA SEU PA\u00cdS.<\/strong><\/p>\n","protected":false},"featured_media":551,"comment_status":"open","ping_status":"closed","template":"","meta":[],"product_brand":[],"product_cat":[571],"product_tag":[],"class_list":{"0":"post-552","1":"product","2":"type-product","3":"status-publish","4":"has-post-thumbnail","6":"product_cat-rouparia","8":"first","9":"onbackorder","10":"shipping-taxable","11":"purchasable","12":"product-type-simple"},"_links":{"self":[{"href":"https:\/\/www.brmedal.com.br\/index.php?rest_route=\/wp\/v2\/product\/552","targetHints":{"allow":["GET"]}}],"collection":[{"href":"https:\/\/www.brmedal.com.br\/index.php?rest_route=\/wp\/v2\/product"}],"about":[{"href":"https:\/\/www.brmedal.com.br\/index.php?rest_route=\/wp\/v2\/types\/product"}],"replies":[{"embeddable":true,"href":"https:\/\/www.brmedal.com.br\/index.php?rest_route=%2Fwp%2Fv2%2Fcomments&post=552"}],"wp:featuredmedia":[{"embeddable":true,"href":"https:\/\/www.brmedal.com.br\/index.php?rest_route=\/wp\/v2\/media\/551"}],"wp:attachment":[{"href":"https:\/\/www.brmedal.com.br\/index.php?rest_route=%2Fwp%2Fv2%2Fmedia&parent=552"}],"wp:term":[{"taxonomy":"product_brand","embeddable":true,"href":"https:\/\/www.brmedal.com.br\/index.php?rest_route=%2Fwp%2Fv2%2Fproduct_brand&post=552"},{"taxonomy":"product_cat","embeddable":true,"href":"https:\/\/www.brmedal.com.br\/index.php?rest_route=%2Fwp%2Fv2%2Fproduct_cat&post=552"},{"taxonomy":"product_tag","embeddable":true,"href":"https:\/\/www.brmedal.com.br\/index.php?rest_route=%2Fwp%2Fv2%2Fproduct_tag&post=552"}],"curies":[{"name":"wp","href":"https:\/\/api.w.org\/{rel}","templated":true}]}}