{"id":554,"date":"2022-11-12T23:34:26","date_gmt":"2022-11-13T02:34:26","guid":{"rendered":"https:\/\/www.brmedal.com.br\/?post_type=product&#038;p=554"},"modified":"2022-11-12T23:34:26","modified_gmt":"2022-11-13T02:34:26","slug":"capa-para-colchao-em-napa","status":"publish","type":"product","link":"https:\/\/www.brmedal.com.br\/?product=capa-para-colchao-em-napa","title":{"rendered":"Capa para colch\u00e3o em napa"},"content":{"rendered":"<p>Evita tamb\u00e9m futuros problemas, como manchas, rasgos e sujeiras e preserva a apar\u00eancia. Confeccionado com material de alt\u00edssima qualidade.<\/p>\n<p>Proporciona conforto, mantendo o colch\u00e3o sempre novo. Pr\u00e1tico e higi\u00eanico.<\/p>\n<p>Evita poeira, \u00e1gua, urina. Perfeito para pessoas al\u00e9rgicas; f\u00e1cil limpeza, usando pano umedecido com \u00e1lcool.<\/p>\n<p>Medidas 188 x 88 x 12 &#8211; costura linha nylon 0,60, z\u00edper e respiros laterais.<\/p>\n","protected":false},"excerpt":{"rendered":"<p>O protetor ou capa de colch\u00e3o hospitalar imperme\u00e1vel apresenta um \u00f3timo desempenho contra \u00e1gua, \u00f3leo e manchas, aumentando consideravelmente a vida \u00fatil do colch\u00e3o e com uma grande capacidade de impermeabilidade.<\/p>\n","protected":false},"featured_media":553,"comment_status":"open","ping_status":"closed","template":"","meta":[],"product_brand":[],"product_cat":[571],"product_tag":[],"class_list":{"0":"post-554","1":"product","2":"type-product","3":"status-publish","4":"has-post-thumbnail","6":"product_cat-rouparia","8":"first","9":"onbackorder","10":"shipping-taxable","11":"purchasable","12":"product-type-simple"},"_links":{"self":[{"href":"https:\/\/www.brmedal.com.br\/index.php?rest_route=\/wp\/v2\/product\/554","targetHints":{"allow":["GET"]}}],"collection":[{"href":"https:\/\/www.brmedal.com.br\/index.php?rest_route=\/wp\/v2\/product"}],"about":[{"href":"https:\/\/www.brmedal.com.br\/index.php?rest_route=\/wp\/v2\/types\/product"}],"replies":[{"embeddable":true,"href":"https:\/\/www.brmedal.com.br\/index.php?rest_route=%2Fwp%2Fv2%2Fcomments&post=554"}],"wp:featuredmedia":[{"embeddable":true,"href":"https:\/\/www.brmedal.com.br\/index.php?rest_route=\/wp\/v2\/media\/553"}],"wp:attachment":[{"href":"https:\/\/www.brmedal.com.br\/index.php?rest_route=%2Fwp%2Fv2%2Fmedia&parent=554"}],"wp:term":[{"taxonomy":"product_brand","embeddable":true,"href":"https:\/\/www.brmedal.com.br\/index.php?rest_route=%2Fwp%2Fv2%2Fproduct_brand&post=554"},{"taxonomy":"product_cat","embeddable":true,"href":"https:\/\/www.brmedal.com.br\/index.php?rest_route=%2Fwp%2Fv2%2Fproduct_cat&post=554"},{"taxonomy":"product_tag","embeddable":true,"href":"https:\/\/www.brmedal.com.br\/index.php?rest_route=%2Fwp%2Fv2%2Fproduct_tag&post=554"}],"curies":[{"name":"wp","href":"https:\/\/api.w.org\/{rel}","templated":true}]}}