{"id":563,"date":"2017-10-04T09:33:08","date_gmt":"2017-10-04T12:33:08","guid":{"rendered":"https:\/\/www.brmedal.com.br\/product\/vibramat-capsular-digital\/"},"modified":"2023-10-12T18:35:57","modified_gmt":"2023-10-12T21:35:57","slug":"vibramat-capsular-digital","status":"publish","type":"product","link":"https:\/\/www.brmedal.com.br\/?product=vibramat-capsular-digital","title":{"rendered":"Amalgamador Vibramat Automatico"},"content":{"rendered":"<p>Possui chave geral liga\/desliga.<\/p>\n<p>Temporizador eletr\u00f4nico digital at\u00e9 99 segundos &#8211; conserva o tempo pr\u00e9-determinado para uma nova opera\u00e7\u00e3o.<\/p>\n<p>Programa\u00e7\u00e3o de tempo com mem\u00f3ria autom\u00e1tica ao fim de cada opera\u00e7\u00e3o que garante a repeti\u00e7\u00e3o do tempo solicitado.<\/p>\n<p>Sistema de seguran\u00e7a que faz com que o equipamento funcione somente com a tampa acr\u00edlica protetora fechada, emitindo bips de advert\u00eancia se a mesma estiver aberta.<\/p>\n<p>Painel digital com acionamentos por micro switch para mais precis\u00e3o e suavidade.<\/p>\n<p>Sele\u00e7\u00e3o de baixa e alta velocidade, haste batedora com dupla velocidade, sendo: m\u00e9dia de 4200 oscila\u00e7\u00f5es por minuto e alta de 5000 oscila\u00e7\u00f5es por minuto.<\/p>\n<p>Corpo injetado em ABS.<\/p>\n<p>Grande amplitude e frequ\u00eancia da haste, em forma de oito.<\/p>\n<p>Biela de transmiss\u00e3o com rolamento de dupla blindagem.<\/p>\n<p>Sistema de amortecedores, anulando as vibra\u00e7\u00f5es transmitidas pela frequ\u00eancia da haste.<\/p>\n<p>Base em ABS com apoios emborrachados garantindo uma perfeita estabilidade.<\/p>\n<p>Silencioso e de f\u00e1cil limpeza.<\/p>\n<p>Temporizador eletr\u00f4nico digital microprocessado.<\/p>\n<p>Sistema de amortecedores que anulam as vibra\u00e7\u00f5es transmitidas pela frequ\u00eancia da haste, tornando o equipamento est\u00e1vel e extremamente silencioso.<\/p>\n<p>Informa\u00e7\u00f5es t\u00e9cnicas do Vibramat Capsular Speed II<\/p>\n<p>Dimens\u00f5es (L x A x C): 22,5 x 11,5 x 20,4 cm.<\/p>\n<p>Peso L\u00edquido: 2,10 Kg.<\/p>\n<p>Peso Bruto: 3,00 Kg.<\/p>\n<p>Alimenta\u00e7\u00e3o: Bivolt 127V \/ 220V \u2013 Autom\u00e1tico.<\/p>\n<p>Frequ\u00eancia do Motor: 50\/60 Hz.<\/p>\n<p>Pot\u00eancia do Motor: 35 W.<\/p>\n<p>Temporizador Eletr\u00f4nico: 1 a 99 segundos.<\/p>\n<p>Pot\u00eancia de Entrada: 72 VA.<\/p>\n<p>Consumo: 0,55A (127V) \/ 0,30A (220V).<\/p>\n<p>Garantia pelo fabricante: 1 ano.<\/p>\n","protected":false},"excerpt":{"rendered":"<p>Amalgamador Capsular Vibramat Speed II<\/p>\n<p>Amalgamador dental com tecnologia, temporizador digital e seguran\u00e7a.<\/p>\n<p>Ideal para todos os tipos de materiais odontol\u00f3gicos encapsulados.<\/p>\n<p>Garfo met\u00e1lico com sistema universal, permitindo a fixa\u00e7\u00e3o de todos os modelos de c\u00e1psulas de am\u00e1lgama, inclusive c\u00e1psulas com \u00eambolos (ion\u00f4meros de vidro).<\/p>\n<p>Tampa de prote\u00e7\u00e3o em acr\u00edlico transparente de alto impacto.<\/p>\n<p>Emiss\u00e3o de 3 bips de advert\u00eancia caso a tampa esteja aberta ao iniciar o funcionamento.<\/p>\n","protected":false},"featured_media":14745,"comment_status":"open","ping_status":"closed","template":"","meta":[],"product_brand":[],"product_cat":[546],"product_tag":[],"class_list":{"0":"post-563","1":"product","2":"type-product","3":"status-publish","4":"has-post-thumbnail","6":"product_cat-equipamentos-odontologia","8":"first","9":"instock","10":"shipping-taxable","11":"purchasable","12":"product-type-simple"},"_links":{"self":[{"href":"https:\/\/www.brmedal.com.br\/index.php?rest_route=\/wp\/v2\/product\/563","targetHints":{"allow":["GET"]}}],"collection":[{"href":"https:\/\/www.brmedal.com.br\/index.php?rest_route=\/wp\/v2\/product"}],"about":[{"href":"https:\/\/www.brmedal.com.br\/index.php?rest_route=\/wp\/v2\/types\/product"}],"replies":[{"embeddable":true,"href":"https:\/\/www.brmedal.com.br\/index.php?rest_route=%2Fwp%2Fv2%2Fcomments&post=563"}],"wp:featuredmedia":[{"embeddable":true,"href":"https:\/\/www.brmedal.com.br\/index.php?rest_route=\/wp\/v2\/media\/14745"}],"wp:attachment":[{"href":"https:\/\/www.brmedal.com.br\/index.php?rest_route=%2Fwp%2Fv2%2Fmedia&parent=563"}],"wp:term":[{"taxonomy":"product_brand","embeddable":true,"href":"https:\/\/www.brmedal.com.br\/index.php?rest_route=%2Fwp%2Fv2%2Fproduct_brand&post=563"},{"taxonomy":"product_cat","embeddable":true,"href":"https:\/\/www.brmedal.com.br\/index.php?rest_route=%2Fwp%2Fv2%2Fproduct_cat&post=563"},{"taxonomy":"product_tag","embeddable":true,"href":"https:\/\/www.brmedal.com.br\/index.php?rest_route=%2Fwp%2Fv2%2Fproduct_tag&post=563"}],"curies":[{"name":"wp","href":"https:\/\/api.w.org\/{rel}","templated":true}]}}