{"id":5692,"date":"2019-04-24T06:57:52","date_gmt":"2019-04-24T09:57:52","guid":{"rendered":"https:\/\/www.brmedal.com.br\/product\/acucar-cristal-peneirado-mais-doce\/"},"modified":"2022-10-30T19:56:41","modified_gmt":"2022-10-30T22:56:41","slug":"acucar-cristal-peneirado-mais-doce","status":"publish","type":"product","link":"https:\/\/www.brmedal.com.br\/?product=acucar-cristal-peneirado-mais-doce","title":{"rendered":"A\u00e7\u00facar Cristal peneirado Mais Doce"},"content":{"rendered":"<p>O A\u00e7\u00facar Cristal em forma cristalina, passa por peneiramento em malha com abertura de 14 mesh (ABNT) obtendo-se um produto final caracterizado por cristais brancos, brilhantes e mais homog\u00eaneos. A mat\u00e9ria-prima \u00e9 o A\u00e7\u00facar Cristal produzido diretamente na usina atrav\u00e9s do caldo de cana-de-a\u00e7\u00facar.<\/p>\n<p><strong>Composi\u00e7\u00e3o:<\/strong>\u00a0 Sacarose (99,7% m\u00ednimo )<\/p>\n<p><strong>Aplica\u00e7\u00f5es<\/strong><\/p>\n<p>\u2022 Ado\u00e7ante em sucos, bebidas e caf\u00e9;\u00a0\u00a0\u00a0 \u2022 Elabora\u00e7\u00e3o de bolos, doces e confeitos;<\/p>\n<p>\u2022 Preparo de p\u00e3es e biscoitos.\u00a0\u00a0 \u2022 Sorvetes;\u00a0\u00a0 \u2022 Cervejarias;<\/p>\n<p>\u2022 Ind\u00fastria aliment\u00edcia em geral\u00a0 \u2022 Refrigerantes;\u00a0\u00a0 \u2022 Fabrica\u00e7\u00e3o de gelatina;<\/p>\n<p><strong>Embalagens<\/strong><\/p>\n<p>Sacos de 25 khs, papel kraft c\/ laminado interno.<\/p>\n<p>Fardo de 10kg (10 pacotes de 1kg)<\/p>\n<p>Fardo de 10 kg (5 pacotes de 2 kg)<\/p>\n<p>Fardo de 25 kg (5 pacotes de 5 kg)<\/p>\n","protected":false},"excerpt":{"rendered":"<p>O A\u00e7\u00facar Cristal em forma cristalina, passa por peneiramento em malha com abertura de 14 mesh (ABNT) obtendo-se um produto final caracterizado por cristais brancos, brilhantes<span class=\"excerpt-hellip\"> [\u2026]<\/span><\/p>\n","protected":false},"featured_media":5691,"comment_status":"open","ping_status":"closed","template":"","meta":[],"product_brand":[],"product_cat":[581,513],"product_tag":[],"class_list":{"0":"post-5692","1":"product","2":"type-product","3":"status-publish","4":"has-post-thumbnail","6":"product_cat-acucar","7":"product_cat-alimentos","9":"first","10":"onbackorder","11":"shipping-taxable","12":"purchasable","13":"product-type-simple"},"_links":{"self":[{"href":"https:\/\/www.brmedal.com.br\/index.php?rest_route=\/wp\/v2\/product\/5692","targetHints":{"allow":["GET"]}}],"collection":[{"href":"https:\/\/www.brmedal.com.br\/index.php?rest_route=\/wp\/v2\/product"}],"about":[{"href":"https:\/\/www.brmedal.com.br\/index.php?rest_route=\/wp\/v2\/types\/product"}],"replies":[{"embeddable":true,"href":"https:\/\/www.brmedal.com.br\/index.php?rest_route=%2Fwp%2Fv2%2Fcomments&post=5692"}],"wp:featuredmedia":[{"embeddable":true,"href":"https:\/\/www.brmedal.com.br\/index.php?rest_route=\/wp\/v2\/media\/5691"}],"wp:attachment":[{"href":"https:\/\/www.brmedal.com.br\/index.php?rest_route=%2Fwp%2Fv2%2Fmedia&parent=5692"}],"wp:term":[{"taxonomy":"product_brand","embeddable":true,"href":"https:\/\/www.brmedal.com.br\/index.php?rest_route=%2Fwp%2Fv2%2Fproduct_brand&post=5692"},{"taxonomy":"product_cat","embeddable":true,"href":"https:\/\/www.brmedal.com.br\/index.php?rest_route=%2Fwp%2Fv2%2Fproduct_cat&post=5692"},{"taxonomy":"product_tag","embeddable":true,"href":"https:\/\/www.brmedal.com.br\/index.php?rest_route=%2Fwp%2Fv2%2Fproduct_tag&post=5692"}],"curies":[{"name":"wp","href":"https:\/\/api.w.org\/{rel}","templated":true}]}}