{"id":579,"date":"2017-10-05T08:14:43","date_gmt":"2017-10-05T11:14:43","guid":{"rendered":"https:\/\/www.brmedal.com.br\/product\/emitter-d-wireless-sem-fio\/"},"modified":"2023-10-12T18:14:56","modified_gmt":"2023-10-12T21:14:56","slug":"emitter-d-wireless-sem-fio","status":"publish","type":"product","link":"https:\/\/www.brmedal.com.br\/?product=emitter-d-wireless-sem-fio","title":{"rendered":"Fotopolimerizador Emitter D &#8211;  Wireless (Sem fio)"},"content":{"rendered":"<p><strong>APLICA\u00c7\u00d5ES:<\/strong><\/p>\n<p>Restaura\u00e7\u00f5es diretas e indiretas.<\/p>\n<p>Colagem de brackets e acess\u00f3rios ortod\u00f4nticos.<\/p>\n<p>Clareamento dental e fotopolimeriza\u00e7\u00e3o de barreiras gengivais.<\/p>\n<p>Cimenta\u00e7\u00e3o e adesiva\u00e7\u00e3o fotopolimeriz\u00e1veis.<\/p>\n<p><strong>TECNOLOGIA:<\/strong><\/p>\n<p>Wireless (sem fio). Maior praticidade de manuseio.<\/p>\n<p>Luz azul gerada por LED de alta pot\u00eancia (1250 mW\/cm2).<\/p>\n<p>BATERIA REMOV\u00cdVEL E DE ALTA PERFORMANCE:<\/p>\n<p>A substitui\u00e7\u00e3o da bateria, quando houver necessidade, \u00e9 de forma simples e r\u00e1pida, executada pelo pr\u00f3prio operador.<\/p>\n<p>Mais de 600 aplica\u00e7\u00f5es de 15 segundos com carga cheia.<\/p>\n<p><strong>OUTRAS CARACTER\u00cdSTICAS:<\/strong><\/p>\n<p>Display digital.<\/p>\n<p>Timer (3, 5, 10, 15, 20, 25, 30, 35 e 40 segundos), com bip sonoro indicativo a cada 5 seg e no final da opera\u00e7\u00e3o.<\/p>\n<p>Tempo m\u00e1ximo de uso continuo: 200 segundos.<\/p>\n<p>Comandos de programa\u00e7\u00e3o na pr\u00f3pria caneta.<\/p>\n<p>Corpo met\u00e1lico confeccionado em alum\u00ednio anodizado.<\/p>\n<p>Cores dispon\u00edveis: Preto ou Vermelho.<\/p>\n<p>Intensidade de luz constante, independente do n\u00edvel de carga da bateria.A solidifica\u00e7\u00e3o (cura) da resina n\u00e3o \u00e9 afetada pela diferen\u00e7a de carga da bateria.<\/p>\n<p>Tempo de uso cont\u00ednuo com carga total \u2013 150 minutos.<\/p>\n<p>Silencioso, pois n\u00e3o necessita de ventila\u00e7\u00e3o for\u00e7ada.<\/p>\n<p>Bivolt autom\u00e1tico 90\/240V.<\/p>\n<p>Ponteira de fotopolimeriza\u00e7\u00e3o confeccionada em fibra \u00f3tica orientada (sem fuga de luz), autoclav\u00e1vel a 134\u00baC e com giro de 360\u00ba.<\/p>\n<p>Sistema stand by. Desliga automaticamente ap\u00f3s 2 minutos sem utiliza\u00e7\u00e3o.<\/p>\n<p>MODOS DE USO:<\/p>\n<p>Rampa, cont\u00ednuo e pulsado.<\/p>\n<ul>\n<li>\u00a0\u00a0\u00a0\u00a0\u00a0\u00a0\u00a0\u00a0 <strong>Comprimento sem a ponteira:<\/strong><\/li>\n<li>\u00a0\u00a0\u00a0\u00a0\u00a0\u00a0\u00a0\u00a0 18,0 cm<\/li>\n<li>\u00a0\u00a0\u00a0\u00a0\u00a0\u00a0\u00a0\u00a0 <strong>Alimenta\u00e7\u00e3o:<\/strong><\/li>\n<li>\u00a0\u00a0\u00a0\u00a0\u00a0\u00a0\u00a0\u00a0 Bivolt autom\u00e1tico 90 \u2013 240 V<\/li>\n<li>\u00a0\u00a0\u00a0\u00a0\u00a0\u00a0\u00a0\u00a0 <strong>Freq\u00fc\u00eancia:<\/strong><\/li>\n<li>\u00a0\u00a0\u00a0\u00a0\u00a0\u00a0\u00a0\u00a0 50\/60 Hz<\/li>\n<li>\u00a0\u00a0\u00a0\u00a0\u00a0\u00a0\u00a0\u00a0 <strong>Peso da pe\u00e7a de m\u00e3o:<\/strong><\/li>\n<li>\u00a0\u00a0\u00a0\u00a0\u00a0\u00a0\u00a0\u00a0 0,158 Kg<\/li>\n<\/ul>\n<p><strong>EM AT\u00c9 6X SEM JUROS! CHAME AGORA!<\/strong><\/p>\n","protected":false},"excerpt":{"rendered":"<ul>\n<li>Tecnologia Wireless (sem fio).<\/li>\n<li>Luz azul gerada por LED de alta pot\u00eancia.<\/li>\n<li>Bateria remov\u00edvel e de alta performance.<\/li>\n<li>A substitui\u00e7\u00e3o da bateria, quando houver necessidade, \u00e9 de forma simples e r\u00e1pida, executada pelo pr\u00f3prio operador.<\/li>\n<li>Mais de 600 aplica\u00e7\u00f5es de 15 segundos com carga cheia.<\/li>\n<li>Display digital.<\/li>\n<li>Profundidade de polimeriza\u00e7\u00e3o de at\u00e9 6 mm.<\/li>\n<li>Temporizador para polimeriza\u00e7\u00e3o e clareamento: 05, 10, 15, 20, 30, 40 segundos.<\/li>\n<\/ul>\n<p>Restaura\u00e7\u00f5es diretas e indiretas.<\/p>\n<p>Colagem de brackets e acess\u00f3rios ortod\u00f4nticos.<\/p>\n<p>Clareamento dental e fotopolimeriza\u00e7\u00e3o de barreiras gengivais.<\/p>\n<p>Cimenta\u00e7\u00e3o e adesiva\u00e7\u00e3o fotopolimeriz\u00e1veis.<\/p>\n<p><strong>EM AT\u00c9 6X SEM JUROS! CHAME AGORA!<\/strong><\/p>\n","protected":false},"featured_media":578,"comment_status":"open","ping_status":"closed","template":"","meta":[],"product_brand":[],"product_cat":[546],"product_tag":[],"class_list":{"0":"post-579","1":"product","2":"type-product","3":"status-publish","4":"has-post-thumbnail","6":"product_cat-equipamentos-odontologia","7":"pa_kitdeponteirasdeclareamento-51-comkitdeponteirasdeclaream","8":"pa_kitdeponteirasdeclareamento-a8-semkitdeponteirasdeclaream","10":"first","11":"instock","12":"shipping-taxable","13":"purchasable","14":"product-type-simple"},"_links":{"self":[{"href":"https:\/\/www.brmedal.com.br\/index.php?rest_route=\/wp\/v2\/product\/579","targetHints":{"allow":["GET"]}}],"collection":[{"href":"https:\/\/www.brmedal.com.br\/index.php?rest_route=\/wp\/v2\/product"}],"about":[{"href":"https:\/\/www.brmedal.com.br\/index.php?rest_route=\/wp\/v2\/types\/product"}],"replies":[{"embeddable":true,"href":"https:\/\/www.brmedal.com.br\/index.php?rest_route=%2Fwp%2Fv2%2Fcomments&post=579"}],"wp:featuredmedia":[{"embeddable":true,"href":"https:\/\/www.brmedal.com.br\/index.php?rest_route=\/wp\/v2\/media\/578"}],"wp:attachment":[{"href":"https:\/\/www.brmedal.com.br\/index.php?rest_route=%2Fwp%2Fv2%2Fmedia&parent=579"}],"wp:term":[{"taxonomy":"product_brand","embeddable":true,"href":"https:\/\/www.brmedal.com.br\/index.php?rest_route=%2Fwp%2Fv2%2Fproduct_brand&post=579"},{"taxonomy":"product_cat","embeddable":true,"href":"https:\/\/www.brmedal.com.br\/index.php?rest_route=%2Fwp%2Fv2%2Fproduct_cat&post=579"},{"taxonomy":"product_tag","embeddable":true,"href":"https:\/\/www.brmedal.com.br\/index.php?rest_route=%2Fwp%2Fv2%2Fproduct_tag&post=579"}],"curies":[{"name":"wp","href":"https:\/\/api.w.org\/{rel}","templated":true}]}}