{"id":587,"date":"2017-10-05T08:30:47","date_gmt":"2017-10-05T11:30:47","guid":{"rendered":"https:\/\/www.brmedal.com.br\/product\/emitter-h-wireless-sem-fio\/"},"modified":"2022-11-12T12:06:57","modified_gmt":"2022-11-12T15:06:57","slug":"emitter-h-wireless-sem-fio","status":"publish","type":"product","link":"https:\/\/www.brmedal.com.br\/?product=emitter-h-wireless-sem-fio","title":{"rendered":"Fotopolimerizador Emitter H &#8211; Wireless (Sem fio)"},"content":{"rendered":"<p><strong>APLICA\u00c7\u00d5ES:<\/strong><\/p>\n<p>Restaura\u00e7\u00f5es diretas e indiretas.<\/p>\n<p>Colagem de brackets e acess\u00f3rios ortod\u00f4nticos.<\/p>\n<p>Cimenta\u00e7\u00e3o e adesiva\u00e7\u00e3o fotopolimeriz\u00e1veis.<\/p>\n<p><strong>TECNOLOGIA:<\/strong><\/p>\n<p>Wireless (sem fio). Maior praticidade de manuseio.<\/p>\n<p><strong>Luz azul gerada por LED de alta pot\u00eancia (1250 mW\/cm2).<\/strong><\/p>\n<p><strong>BATERIA REMOV\u00cdVEL:<\/strong><\/p>\n<p>A substitui\u00e7\u00e3o da bateria, quando houver necessidade, \u00e9 de forma simples e r\u00e1pida, executada pelo pr\u00f3prio operador.<\/p>\n<p>Mais de 400 aplica\u00e7\u00f5es de 15 segundos com carga cheia.<\/p>\n<p><strong>TERMINAL:<\/strong><\/p>\n<p>Com luva descart\u00e1vel, n\u00e3o h\u00e1 necessidade de autoclavar, economizando tempo.<\/p>\n<p>Possui giro de 220\u00b0, facilitando a posi\u00e7\u00e3o de uso.<\/p>\n<p>OUTRAS CARACTER\u00cdSTICAS:<\/p>\n<p>Display digital.<\/p>\n<p>Timer (5, 10, 15 e 20 seg), com bip sonoro indicativo a cada 5 seg e no final da opera\u00e7\u00e3o.<\/p>\n<p>Tempo m\u00e1ximo de uso continuo: 200 segundos.<\/p>\n<p>Comandos de programa\u00e7\u00e3o na pr\u00f3pria caneta.<\/p>\n<p>Corpo confeccionado em ABS injetado.<\/p>\n<p>Intensidade de luz constante, independente do n\u00edvel de carga da bateria. A solidifica\u00e7\u00e3o (cura) da resina n\u00e3o \u00e9 afetada pela diferen\u00e7a de carga da bateria.<\/p>\n<p>Tempo de uso cont\u00ednuo com carga total &#8211; 120 minutos.<\/p>\n<p>Silencioso, pois n\u00e3o necessita de ventila\u00e7\u00e3o for\u00e7ada.<\/p>\n<p>Bivolt autom\u00e1tico 90\/240V.<\/p>\n<p>Sistema stand by. Desliga automaticamente ap\u00f3s 2 minutos sem utiliza\u00e7\u00e3o.<\/p>\n<p>MODOS DE USO:<\/p>\n<p>Rampa, cont\u00ednuo e pulsado.<\/p>\n<ul>\n<li>\u00a0\u00a0\u00a0\u00a0\u00a0\u00a0\u00a0\u00a0 <strong>Comprimento:<\/strong><\/li>\n<li>\u00a0\u00a0\u00a0\u00a0\u00a0\u00a0\u00a0\u00a0 24,0 cm<\/li>\n<li>\u00a0\u00a0\u00a0\u00a0\u00a0\u00a0\u00a0\u00a0 <strong>Alimenta\u00e7\u00e3o:<\/strong><\/li>\n<li>\u00a0\u00a0\u00a0\u00a0\u00a0\u00a0\u00a0\u00a0 Bivolt autom\u00e1tico 90 \u2013 240 V<\/li>\n<li>\u00a0\u00a0\u00a0\u00a0\u00a0\u00a0\u00a0\u00a0 <strong>Freq\u00fc\u00eancia:<\/strong><\/li>\n<li>\u00a0\u00a0\u00a0\u00a0\u00a0\u00a0\u00a0\u00a0 50\/60 Hz<\/li>\n<li>\u00a0\u00a0\u00a0\u00a0\u00a0\u00a0\u00a0\u00a0 <strong>Peso da pe\u00e7a de m\u00e3o:<\/strong><\/li>\n<li>\u00a0\u00a0\u00a0\u00a0\u00a0\u00a0\u00a0\u00a0 0,18 Kg<\/li>\n<li>\u00a0\u00a0\u00a0\u00a0\u00a0\u00a0\u00a0\u00a0 <strong>Peso Bruto:<\/strong><\/li>\n<li>\u00a0\u00a0\u00a0\u00a0\u00a0\u00a0\u00a0\u00a0 0,54 Kg<\/li>\n<\/ul>\n<p>&nbsp;<\/p>\n","protected":false},"excerpt":{"rendered":"<p>Wireless (sem fio). Maior praticidade de manuseio.<\/p>\n","protected":false},"featured_media":586,"comment_status":"open","ping_status":"closed","template":"","meta":[],"product_brand":[],"product_cat":[546],"product_tag":[],"class_list":{"0":"post-587","1":"product","2":"type-product","3":"status-publish","4":"has-post-thumbnail","6":"product_cat-equipamentos-odontologia","8":"first","9":"onbackorder","10":"shipping-taxable","11":"purchasable","12":"product-type-simple"},"_links":{"self":[{"href":"https:\/\/www.brmedal.com.br\/index.php?rest_route=\/wp\/v2\/product\/587","targetHints":{"allow":["GET"]}}],"collection":[{"href":"https:\/\/www.brmedal.com.br\/index.php?rest_route=\/wp\/v2\/product"}],"about":[{"href":"https:\/\/www.brmedal.com.br\/index.php?rest_route=\/wp\/v2\/types\/product"}],"replies":[{"embeddable":true,"href":"https:\/\/www.brmedal.com.br\/index.php?rest_route=%2Fwp%2Fv2%2Fcomments&post=587"}],"wp:featuredmedia":[{"embeddable":true,"href":"https:\/\/www.brmedal.com.br\/index.php?rest_route=\/wp\/v2\/media\/586"}],"wp:attachment":[{"href":"https:\/\/www.brmedal.com.br\/index.php?rest_route=%2Fwp%2Fv2%2Fmedia&parent=587"}],"wp:term":[{"taxonomy":"product_brand","embeddable":true,"href":"https:\/\/www.brmedal.com.br\/index.php?rest_route=%2Fwp%2Fv2%2Fproduct_brand&post=587"},{"taxonomy":"product_cat","embeddable":true,"href":"https:\/\/www.brmedal.com.br\/index.php?rest_route=%2Fwp%2Fv2%2Fproduct_cat&post=587"},{"taxonomy":"product_tag","embeddable":true,"href":"https:\/\/www.brmedal.com.br\/index.php?rest_route=%2Fwp%2Fv2%2Fproduct_tag&post=587"}],"curies":[{"name":"wp","href":"https:\/\/api.w.org\/{rel}","templated":true}]}}