{"id":589,"date":"2017-10-05T08:35:47","date_gmt":"2017-10-05T11:35:47","guid":{"rendered":"https:\/\/www.brmedal.com.br\/product\/jetlaxis-sonic-bp-ii\/"},"modified":"2022-11-12T12:04:14","modified_gmt":"2022-11-12T15:04:14","slug":"jetlaxis-sonic-bp-ii","status":"publish","type":"product","link":"https:\/\/www.brmedal.com.br\/?product=jetlaxis-sonic-bp-ii","title":{"rendered":"Ultrassom e jato de bicarbonato c\/ bomba perist\u00e1ltica Jetlaxis Sonic BP II LED"},"content":{"rendered":"<p>PERIODONTIA:<\/p>\n<p>Remo\u00e7\u00e3o do biofilme n\u00e3o mineralizado; placa bacteriana, manchas residuais e camada oxidada do am\u00e1lgama.<\/p>\n<p>Remo\u00e7\u00e3o do biofilme mineralizado; t\u00e1rtaro sub e supra gengival.<\/p>\n<p>ENDODONTIA:<\/p>\n<p>Remo\u00e7\u00e3o dos instrumentos fraturados e limpeza do canal radicular.<\/p>\n<p>Abertura de canais calcificados e remo\u00e7\u00e3o de pinos.<\/p>\n<p>Remo\u00e7\u00e3o da dentina e restaura\u00e7\u00f5es antigas consistentes.<\/p>\n<p>DENT\u00cdSTICA E PR\u00d3TESE:<\/p>\n<p>Remo\u00e7\u00e3o de coroas, blocos met\u00e1licos e pinos intra-radiculares.<\/p>\n<p>Condensa\u00e7\u00e3o de am\u00e1lgama.<\/p>\n<p>Cimenta\u00e7\u00e3o de inlays\/onlays.<\/p>\n<p>PREPARA\u00c7\u00c3O CAVIT\u00c1RIA:<\/p>\n<p>Preparos cavit\u00e1rios para restaura\u00e7\u00f5es atrav\u00e9s de pontas ativas diamantadas.<\/p>\n<p>Tecnologia<\/p>\n<p>Dois reservat\u00f3rios com uso independentes, sendo um para \u00e1gua e outro para l\u00edquido irrigante.<\/p>\n<p>Bomba Perist\u00e1ltica.<\/p>\n<p>Ampla varia\u00e7\u00e3o do fluxo de \u00e1gua ou do l\u00edquido irrigante proporcionando uma regulagem precisa. Permite trabalhos sem refrigera\u00e7\u00e3o.<\/p>\n<p>Ilumina\u00e7\u00e3o interna do reservat\u00f3rio de bicarbonato, facilitando a visualiza\u00e7\u00e3o do volume de bicarbonato sem a necessidade de retirar a tampa.<\/p>\n<p>Transdutor do ultrassom piezoel\u00e9trico atrav\u00e9s de pastilhas cer\u00e2micas com frequ\u00eancia de 32.000Hz estabilizado eletronicamente.<\/p>\n<p>Pe\u00e7a de m\u00e3o do ultrassom com capa remov\u00edvel e autoclav\u00e1vel. Seguindo a mais alta tecnologia, a caneta de ultrassom possui somente a sua capa remov\u00edvel e autoclav\u00e1vel, proporcionando uma longa vida \u00fatil ao transdutor.<\/p>\n<p>Exclusivo seletor autom\u00e1tico do modo de opera\u00e7\u00e3o (ultrassom ou jato de bicarbonato) ao retirar uma das canetas do suporte, facilitando o manuseio operacional.<\/p>\n<p>O equipamento acompanha duas capas da caneta.<\/p>\n<p>Reservat\u00f3rio de Bicarbonato com Aquecimento<\/p>\n<p>Sistema de aquecimento do ambiente interno do reservat\u00f3rio, assegurando um baixo \u00edndice de umidade para o bicarbonato, contribuindo para uma melhor efici\u00eancia do jateamento e menor probabilidade de obstru\u00e7\u00f5es nas tubula\u00e7\u00f5es internas do equipamento.<\/p>\n<p>Exclusividade Schuster. Dispositivo patenteado no I.N.P.I. (Instituto Nacional de Propriedade Industrial).<\/p>\n<p>Ultrassom<\/p>\n<p>Ajuste no painel sens\u00edvel e preciso de sua pot\u00eancia e do fluxo de refrigera\u00e7\u00e3o.<\/p>\n<p>Pode executar procedimentos sem o uso de refrigera\u00e7\u00e3o como condensa\u00e7\u00e3o de am\u00e1lgama, cimenta\u00e7\u00e3o de onlays\/inlays.<\/p>\n<p>Alta frequ\u00eancia na ponta ativa, formando uma fina n\u00e9voa de \u00e1gua, sem que haja gotejamento.<\/p>\n<p>5 n\u00edveis de pot\u00eancia do ultrassom (baixa, baixa\/m\u00e9dia, m\u00e9dia, m\u00e9dia\/alta e alta).<\/p>\n<p>Tips (Pontas) com v\u00e1rios modelos: Periodontia, Endodontia, Dentistica e Pr\u00f3tese, Prepara\u00e7\u00e3o Cavit\u00e1ria<\/p>\n<p>Acompanham o equipamento: pontas T1, T2 e T3.Acesse toda a linha de pontas, TIPS.<\/p>\n<p>Jato de Bicarbonato<\/p>\n<p>Pe\u00e7a de m\u00e3o met\u00e1lica, remov\u00edvel e autoclav\u00e1vel. Confeccionada em alum\u00ednio anodizado, possui alta resist\u00eancia aos procedimentos de esteriliza\u00e7\u00e3o, contribuindo para que tenha uma longa vida \u00fatil.<\/p>\n<p>Filtro de ar com drenagem autom\u00e1tica.<\/p>\n<p>Tampa do reservat\u00f3rio de bicarbonato com visualizador.<\/p>\n<p>Outras Caracter\u00edsticas<\/p>\n<p>Reservat\u00f3rios de \u00e1gua\/l\u00edquidos irrigantes remov\u00edveis, podendo ser reabastecidos sem que haja a necessidade de retir\u00e1-los do equipamento.<\/p>\n<p>Chave geral luminosa localizada no painel.<\/p>\n<p>Entrada de ar e \u00e1gua com bitolas desiguais, evitando uma poss\u00edvel liga\u00e7\u00e3o invertida.<\/p>\n<p>Pedal de acionamento \u00fanico.<\/p>\n<ul>\n<li><strong>Altura com reservat\u00f3rio da bomba perist\u00e1ltica:<\/strong><\/li>\n<li>13,5cm<\/li>\n<\/ul>\n<ul>\n<li><strong>Dimens\u00f5es:<\/strong><\/li>\n<li>Largura: 21,8cm Comprimento: 24cm<\/li>\n<\/ul>\n<ul>\n<li><strong>Peso L\u00edquido:<\/strong><\/li>\n<li>3,10 Kg<\/li>\n<\/ul>\n<ul>\n<li><strong>Peso Bruto:<\/strong><\/li>\n<li>4,10 Kg<\/li>\n<\/ul>\n<ul>\n<li><strong>Volume do reservat\u00f3rios da bomba perist\u00e1ltica:<\/strong><\/li>\n<\/ul>\n<p>500ml por reservat\u00f3rio<\/p>\n","protected":false},"excerpt":{"rendered":"<p>Ultrassom Piezoel\u00e9trico 32.000 Hz e Jato de Bicarbonato com BOMBA PERIST\u00c1LTICA e dois reservat\u00f3rios de l\u00edquidos independentes.<\/p>\n","protected":false},"featured_media":588,"comment_status":"open","ping_status":"closed","template":"","meta":[],"product_brand":[],"product_cat":[546],"product_tag":[],"class_list":{"0":"post-589","1":"product","2":"type-product","3":"status-publish","4":"has-post-thumbnail","6":"product_cat-equipamentos-odontologia","8":"first","9":"onbackorder","10":"shipping-taxable","11":"purchasable","12":"product-type-simple"},"_links":{"self":[{"href":"https:\/\/www.brmedal.com.br\/index.php?rest_route=\/wp\/v2\/product\/589","targetHints":{"allow":["GET"]}}],"collection":[{"href":"https:\/\/www.brmedal.com.br\/index.php?rest_route=\/wp\/v2\/product"}],"about":[{"href":"https:\/\/www.brmedal.com.br\/index.php?rest_route=\/wp\/v2\/types\/product"}],"replies":[{"embeddable":true,"href":"https:\/\/www.brmedal.com.br\/index.php?rest_route=%2Fwp%2Fv2%2Fcomments&post=589"}],"wp:featuredmedia":[{"embeddable":true,"href":"https:\/\/www.brmedal.com.br\/index.php?rest_route=\/wp\/v2\/media\/588"}],"wp:attachment":[{"href":"https:\/\/www.brmedal.com.br\/index.php?rest_route=%2Fwp%2Fv2%2Fmedia&parent=589"}],"wp:term":[{"taxonomy":"product_brand","embeddable":true,"href":"https:\/\/www.brmedal.com.br\/index.php?rest_route=%2Fwp%2Fv2%2Fproduct_brand&post=589"},{"taxonomy":"product_cat","embeddable":true,"href":"https:\/\/www.brmedal.com.br\/index.php?rest_route=%2Fwp%2Fv2%2Fproduct_cat&post=589"},{"taxonomy":"product_tag","embeddable":true,"href":"https:\/\/www.brmedal.com.br\/index.php?rest_route=%2Fwp%2Fv2%2Fproduct_tag&post=589"}],"curies":[{"name":"wp","href":"https:\/\/api.w.org\/{rel}","templated":true}]}}