{"id":597,"date":"2017-10-05T08:59:34","date_gmt":"2017-10-05T11:59:34","guid":{"rendered":"https:\/\/www.brmedal.com.br\/product\/lavadora-ultrassonica-l100\/"},"modified":"2023-10-12T17:31:03","modified_gmt":"2023-10-12T20:31:03","slug":"lavadora-ultrassonica-l100","status":"publish","type":"product","link":"https:\/\/www.brmedal.com.br\/?product=lavadora-ultrassonica-l100","title":{"rendered":"Lavadora Ultrass\u00f4nica 2,6 lts &#8211; L100"},"content":{"rendered":"<p>APLICA\u00c7\u00d5ES:<\/p>\n<p>Equipamento de ultrassom para limpeza de acess\u00f3rios e instrumentais m\u00e9dicos e odontol\u00f3gicos.<\/p>\n<p>TECNOLOGIA:<\/p>\n<p>A limpeza ocorre por meio de cavita\u00e7\u00e3o, atingindo uniformemente todo o material a ser limpo, inclusive em locais de dif\u00edcil acesso.<\/p>\n<p>SEGURAN\u00c7A:<\/p>\n<p>Protetor t\u00e9rmico autom\u00e1tico contra superaquecimento.<\/p>\n<ul>\n<li>\u00a0\u00a0\u00a0\u00a0\u00a0\u00a0\u00a0\u00a0 <strong>Dimens\u00f5es externas:<\/strong><\/li>\n<li>\u00a0\u00a0\u00a0\u00a0\u00a0\u00a0\u00a0\u00a0 Comprimento: 34cm Largura: 25,5cm Altura: 22,5cm<\/li>\n<li>\u00a0\u00a0\u00a0\u00a0\u00a0\u00a0\u00a0\u00a0 <strong>Dimens\u00f5es cuba de inox:<\/strong><\/li>\n<li>\u00a0\u00a0\u00a0\u00a0\u00a0\u00a0\u00a0\u00a0 Comprimento: 26,4cm Largura: 16,4cm Altura: 8cm<\/li>\n<li>\u00a0\u00a0\u00a0\u00a0\u00a0\u00a0\u00a0\u00a0 <strong>Peso L\u00edquido:<\/strong><\/li>\n<li>\u00a0\u00a0\u00a0\u00a0\u00a0\u00a0\u00a0\u00a0 2,50 Kg<\/li>\n<li>\u00a0\u00a0\u00a0\u00a0\u00a0\u00a0\u00a0\u00a0 <strong>Peso Bruto:<\/strong><\/li>\n<li>\u00a0\u00a0\u00a0\u00a0\u00a0\u00a0\u00a0\u00a0 3,00 Kg<\/li>\n<li>\u00a0\u00a0\u00a0\u00a0\u00a0\u00a0\u00a0\u00a0 <strong>Volume total do tanque:<\/strong><\/li>\n<li>\u00a0\u00a0\u00a0\u00a0\u00a0\u00a0\u00a0\u00a0 2,6 L<\/li>\n<li>\u00a0\u00a0\u00a0\u00a0\u00a0\u00a0\u00a0\u00a0 <strong>Voltagem:<\/strong><\/li>\n<li>\u00a0\u00a0\u00a0\u00a0\u00a0\u00a0\u00a0\u00a0 127V ou 220V<\/li>\n<li>\u00a0\u00a0\u00a0\u00a0\u00a0\u00a0\u00a0\u00a0 <strong>Freq\u00fc\u00eancia:<\/strong><\/li>\n<\/ul>\n","protected":false},"excerpt":{"rendered":"<p>Equipamento de ultrassom para limpeza de acess\u00f3rios e instrumentais m\u00e9dicos e odontol\u00f3gicos.<\/p>\n<p>Display digital e teclado membrana: Pr\u00e1tico, moderno e de f\u00e1cil opera\u00e7\u00e3o.<\/p>\n<p>Temporizador com 5 ciclos pr\u00e9-programados (90s \u2013 180s \u2013 280s \u2013 380s \u2013 480s).<\/p>\n<p>Sistema de aquecimento do l\u00edquido.<\/p>\n<p>Alta frequ\u00eancia ultrass\u00f4nica de 42.000 Hz.<\/p>\n<p>Tampa remov\u00edvel e transparente, para uma melhor visualiza\u00e7\u00e3o.<\/p>\n<p>Cuba em a\u00e7o inox.<\/p>\n","protected":false},"featured_media":596,"comment_status":"open","ping_status":"closed","template":"","meta":[],"product_brand":[],"product_cat":[546],"product_tag":[],"class_list":{"0":"post-597","1":"product","2":"type-product","3":"status-publish","4":"has-post-thumbnail","6":"product_cat-equipamentos-odontologia","8":"first","9":"instock","10":"shipping-taxable","11":"purchasable","12":"product-type-simple"},"_links":{"self":[{"href":"https:\/\/www.brmedal.com.br\/index.php?rest_route=\/wp\/v2\/product\/597","targetHints":{"allow":["GET"]}}],"collection":[{"href":"https:\/\/www.brmedal.com.br\/index.php?rest_route=\/wp\/v2\/product"}],"about":[{"href":"https:\/\/www.brmedal.com.br\/index.php?rest_route=\/wp\/v2\/types\/product"}],"replies":[{"embeddable":true,"href":"https:\/\/www.brmedal.com.br\/index.php?rest_route=%2Fwp%2Fv2%2Fcomments&post=597"}],"wp:featuredmedia":[{"embeddable":true,"href":"https:\/\/www.brmedal.com.br\/index.php?rest_route=\/wp\/v2\/media\/596"}],"wp:attachment":[{"href":"https:\/\/www.brmedal.com.br\/index.php?rest_route=%2Fwp%2Fv2%2Fmedia&parent=597"}],"wp:term":[{"taxonomy":"product_brand","embeddable":true,"href":"https:\/\/www.brmedal.com.br\/index.php?rest_route=%2Fwp%2Fv2%2Fproduct_brand&post=597"},{"taxonomy":"product_cat","embeddable":true,"href":"https:\/\/www.brmedal.com.br\/index.php?rest_route=%2Fwp%2Fv2%2Fproduct_cat&post=597"},{"taxonomy":"product_tag","embeddable":true,"href":"https:\/\/www.brmedal.com.br\/index.php?rest_route=%2Fwp%2Fv2%2Fproduct_tag&post=597"}],"curies":[{"name":"wp","href":"https:\/\/api.w.org\/{rel}","templated":true}]}}