{"id":6024,"date":"2019-04-25T08:26:56","date_gmt":"2019-04-25T11:26:56","guid":{"rendered":"https:\/\/www.brmedal.com.br\/product\/macarrao-adria-caracol-c-ovos\/"},"modified":"2022-10-30T18:11:33","modified_gmt":"2022-10-30T21:11:33","slug":"macarrao-adria-caracol-c-ovos","status":"publish","type":"product","link":"https:\/\/www.brmedal.com.br\/?product=macarrao-adria-caracol-c-ovos","title":{"rendered":"MACARR\u00c3O ADRIA CARACOL C\/ OVOS"},"content":{"rendered":"<p>Massa curta, com riscados e um orif\u00edcio no centro que a torna uma perfeita combina\u00e7\u00e3o com molhos cremosos.<\/p>\n<p>Caixa com 40 pacotes de 500 grs<\/p>\n<p>&nbsp;<\/p>\n","protected":false},"excerpt":{"rendered":"<p>Massa curta, com riscados e um orif\u00edcio no centro que a torna uma perfeita combina\u00e7\u00e3o com molhos cremosos. Caixa com 40 pacotes de 500 grs &nbsp;<\/p>\n","protected":false},"featured_media":6020,"comment_status":"open","ping_status":"closed","template":"","meta":[],"product_brand":[],"product_cat":[513,512,584],"product_tag":[],"class_list":{"0":"post-6024","1":"product","2":"type-product","3":"status-publish","4":"has-post-thumbnail","6":"product_cat-alimentos","7":"product_cat-alimentos-e-consumo","8":"product_cat-macarrao","10":"first","11":"onbackorder","12":"shipping-taxable","13":"purchasable","14":"product-type-simple"},"_links":{"self":[{"href":"https:\/\/www.brmedal.com.br\/index.php?rest_route=\/wp\/v2\/product\/6024","targetHints":{"allow":["GET"]}}],"collection":[{"href":"https:\/\/www.brmedal.com.br\/index.php?rest_route=\/wp\/v2\/product"}],"about":[{"href":"https:\/\/www.brmedal.com.br\/index.php?rest_route=\/wp\/v2\/types\/product"}],"replies":[{"embeddable":true,"href":"https:\/\/www.brmedal.com.br\/index.php?rest_route=%2Fwp%2Fv2%2Fcomments&post=6024"}],"wp:featuredmedia":[{"embeddable":true,"href":"https:\/\/www.brmedal.com.br\/index.php?rest_route=\/wp\/v2\/media\/6020"}],"wp:attachment":[{"href":"https:\/\/www.brmedal.com.br\/index.php?rest_route=%2Fwp%2Fv2%2Fmedia&parent=6024"}],"wp:term":[{"taxonomy":"product_brand","embeddable":true,"href":"https:\/\/www.brmedal.com.br\/index.php?rest_route=%2Fwp%2Fv2%2Fproduct_brand&post=6024"},{"taxonomy":"product_cat","embeddable":true,"href":"https:\/\/www.brmedal.com.br\/index.php?rest_route=%2Fwp%2Fv2%2Fproduct_cat&post=6024"},{"taxonomy":"product_tag","embeddable":true,"href":"https:\/\/www.brmedal.com.br\/index.php?rest_route=%2Fwp%2Fv2%2Fproduct_tag&post=6024"}],"curies":[{"name":"wp","href":"https:\/\/api.w.org\/{rel}","templated":true}]}}