{"id":6294,"date":"2022-10-30T15:34:29","date_gmt":"2022-10-30T18:34:29","guid":{"rendered":"https:\/\/www.brmedal.com.br\/?post_type=product&#038;p=6294"},"modified":"2022-10-30T15:36:24","modified_gmt":"2022-10-30T18:36:24","slug":"biscoito-recheado-nikito-morango","status":"publish","type":"product","link":"https:\/\/www.brmedal.com.br\/?product=biscoito-recheado-nikito-morango","title":{"rendered":"Biscoito recheado Nikito Morango"},"content":{"rendered":"<p>Textura e cremosidade na medida ideal para conquistar seu paladar, o<strong>\u00a0<\/strong><strong>Nikito Morango<\/strong>\u00a0\u00e9 a pedida certa para quando bate aquela vontade de comer um doce no meio da tarde. Voc\u00ea n\u00e3o vai resistir!<\/p>\n<p>Caixa com 40 pacotes de 62 grs<\/p>\n<p>&nbsp;<\/p>\n","protected":false},"excerpt":{"rendered":"<p>Textura e cremosidade na medida ideal para conquistar seu paladar, o\u00a0Nikito Morango\u00a0\u00e9 a pedida certa para quando bate aquela vontade de comer um doce no meio<span class=\"excerpt-hellip\"> [\u2026]<\/span><\/p>\n","protected":false},"featured_media":6292,"comment_status":"open","ping_status":"closed","template":"","meta":[],"product_brand":[],"product_cat":[513,583],"product_tag":[],"class_list":{"0":"post-6294","1":"product","2":"type-product","3":"status-publish","4":"has-post-thumbnail","6":"product_cat-alimentos","7":"product_cat-biscoitos","9":"first","10":"onbackorder","11":"shipping-taxable","12":"purchasable","13":"product-type-simple"},"_links":{"self":[{"href":"https:\/\/www.brmedal.com.br\/index.php?rest_route=\/wp\/v2\/product\/6294","targetHints":{"allow":["GET"]}}],"collection":[{"href":"https:\/\/www.brmedal.com.br\/index.php?rest_route=\/wp\/v2\/product"}],"about":[{"href":"https:\/\/www.brmedal.com.br\/index.php?rest_route=\/wp\/v2\/types\/product"}],"replies":[{"embeddable":true,"href":"https:\/\/www.brmedal.com.br\/index.php?rest_route=%2Fwp%2Fv2%2Fcomments&post=6294"}],"wp:featuredmedia":[{"embeddable":true,"href":"https:\/\/www.brmedal.com.br\/index.php?rest_route=\/wp\/v2\/media\/6292"}],"wp:attachment":[{"href":"https:\/\/www.brmedal.com.br\/index.php?rest_route=%2Fwp%2Fv2%2Fmedia&parent=6294"}],"wp:term":[{"taxonomy":"product_brand","embeddable":true,"href":"https:\/\/www.brmedal.com.br\/index.php?rest_route=%2Fwp%2Fv2%2Fproduct_brand&post=6294"},{"taxonomy":"product_cat","embeddable":true,"href":"https:\/\/www.brmedal.com.br\/index.php?rest_route=%2Fwp%2Fv2%2Fproduct_cat&post=6294"},{"taxonomy":"product_tag","embeddable":true,"href":"https:\/\/www.brmedal.com.br\/index.php?rest_route=%2Fwp%2Fv2%2Fproduct_tag&post=6294"}],"curies":[{"name":"wp","href":"https:\/\/api.w.org\/{rel}","templated":true}]}}