{"id":6331,"date":"2022-10-30T15:25:05","date_gmt":"2022-10-30T18:25:05","guid":{"rendered":"https:\/\/www.brmedal.com.br\/?post_type=product&#038;p=6331"},"modified":"2022-10-30T15:25:07","modified_gmt":"2022-10-30T18:25:07","slug":"biscoito-recheado-nikito-de-morango","status":"publish","type":"product","link":"https:\/\/www.brmedal.com.br\/?product=biscoito-recheado-nikito-de-morango","title":{"rendered":"Biscoito recheado Nikito de Morango"},"content":{"rendered":"<p><strong>Nikito Morango<\/strong><span class=\"apple-converted-space\">\u00a0<\/span>\u00e9 um delicioso<span class=\"apple-converted-space\"><b>\u00a0<\/b><\/span><strong>biscoito<\/strong>, feito com ingredientes especiais, para seu filho dividir em agrad\u00e1veis momentos com sua turminha. As crian\u00e7as v\u00e3o adorar!<\/p>\n<p>Caixa com 30 pacotes de 135 grs<\/p>\n<p>&nbsp;<\/p>\n","protected":false},"excerpt":{"rendered":"<p>Nikito Morango\u00a0\u00e9 um delicioso\u00a0biscoito, feito com ingredientes especiais, para seu filho dividir em agrad\u00e1veis momentos com sua turminha. As crian\u00e7as v\u00e3o adorar! Caixa com 30 pacotes<span class=\"excerpt-hellip\"> [\u2026]<\/span><\/p>\n","protected":false},"featured_media":6330,"comment_status":"open","ping_status":"closed","template":"","meta":[],"product_brand":[],"product_cat":[513,583],"product_tag":[],"class_list":{"0":"post-6331","1":"product","2":"type-product","3":"status-publish","4":"has-post-thumbnail","6":"product_cat-alimentos","7":"product_cat-biscoitos","9":"first","10":"onbackorder","11":"shipping-taxable","12":"purchasable","13":"product-type-simple"},"_links":{"self":[{"href":"https:\/\/www.brmedal.com.br\/index.php?rest_route=\/wp\/v2\/product\/6331","targetHints":{"allow":["GET"]}}],"collection":[{"href":"https:\/\/www.brmedal.com.br\/index.php?rest_route=\/wp\/v2\/product"}],"about":[{"href":"https:\/\/www.brmedal.com.br\/index.php?rest_route=\/wp\/v2\/types\/product"}],"replies":[{"embeddable":true,"href":"https:\/\/www.brmedal.com.br\/index.php?rest_route=%2Fwp%2Fv2%2Fcomments&post=6331"}],"wp:featuredmedia":[{"embeddable":true,"href":"https:\/\/www.brmedal.com.br\/index.php?rest_route=\/wp\/v2\/media\/6330"}],"wp:attachment":[{"href":"https:\/\/www.brmedal.com.br\/index.php?rest_route=%2Fwp%2Fv2%2Fmedia&parent=6331"}],"wp:term":[{"taxonomy":"product_brand","embeddable":true,"href":"https:\/\/www.brmedal.com.br\/index.php?rest_route=%2Fwp%2Fv2%2Fproduct_brand&post=6331"},{"taxonomy":"product_cat","embeddable":true,"href":"https:\/\/www.brmedal.com.br\/index.php?rest_route=%2Fwp%2Fv2%2Fproduct_cat&post=6331"},{"taxonomy":"product_tag","embeddable":true,"href":"https:\/\/www.brmedal.com.br\/index.php?rest_route=%2Fwp%2Fv2%2Fproduct_tag&post=6331"}],"curies":[{"name":"wp","href":"https:\/\/api.w.org\/{rel}","templated":true}]}}