{"id":6342,"date":"2022-10-30T14:12:48","date_gmt":"2022-10-30T17:12:48","guid":{"rendered":"https:\/\/www.brmedal.com.br\/?post_type=product&#038;p=6342"},"modified":"2022-10-30T14:12:48","modified_gmt":"2022-10-30T17:12:48","slug":"biscoito-zabet-palitos-de-chocolate","status":"publish","type":"product","link":"https:\/\/www.brmedal.com.br\/?product=biscoito-zabet-palitos-de-chocolate","title":{"rendered":"Biscoito Zabet Palitos de Chocolate"},"content":{"rendered":"<p>Assados, crocantes, leves e cobertos com uma deliciosa calda sabor chocolate, os palitos Zabet s\u00e3o ideais para dividir gostosos momentos de descontra\u00e7\u00e3o com a fam\u00edlia ou amigos. Feitos especialmente pensando em voc\u00ea, com palitos Zabet, \u00e9 imposs\u00edvel comer um s\u00f3!<\/p>\n<p>Caixa com 40 pacotes de 70 grs<\/p>\n<p>&nbsp;<\/p>\n","protected":false},"excerpt":{"rendered":"<p>Assados, crocantes, leves e cobertos com uma deliciosa calda sabor chocolate, os palitos Zabet s\u00e3o ideais para dividir gostosos momentos de descontra\u00e7\u00e3o com a fam\u00edlia ou<span class=\"excerpt-hellip\"> [\u2026]<\/span><\/p>\n","protected":false},"featured_media":6338,"comment_status":"open","ping_status":"closed","template":"","meta":[],"product_brand":[],"product_cat":[513,583],"product_tag":[],"class_list":{"0":"post-6342","1":"product","2":"type-product","3":"status-publish","4":"has-post-thumbnail","6":"product_cat-alimentos","7":"product_cat-biscoitos","9":"first","10":"onbackorder","11":"shipping-taxable","12":"purchasable","13":"product-type-simple"},"_links":{"self":[{"href":"https:\/\/www.brmedal.com.br\/index.php?rest_route=\/wp\/v2\/product\/6342","targetHints":{"allow":["GET"]}}],"collection":[{"href":"https:\/\/www.brmedal.com.br\/index.php?rest_route=\/wp\/v2\/product"}],"about":[{"href":"https:\/\/www.brmedal.com.br\/index.php?rest_route=\/wp\/v2\/types\/product"}],"replies":[{"embeddable":true,"href":"https:\/\/www.brmedal.com.br\/index.php?rest_route=%2Fwp%2Fv2%2Fcomments&post=6342"}],"wp:featuredmedia":[{"embeddable":true,"href":"https:\/\/www.brmedal.com.br\/index.php?rest_route=\/wp\/v2\/media\/6338"}],"wp:attachment":[{"href":"https:\/\/www.brmedal.com.br\/index.php?rest_route=%2Fwp%2Fv2%2Fmedia&parent=6342"}],"wp:term":[{"taxonomy":"product_brand","embeddable":true,"href":"https:\/\/www.brmedal.com.br\/index.php?rest_route=%2Fwp%2Fv2%2Fproduct_brand&post=6342"},{"taxonomy":"product_cat","embeddable":true,"href":"https:\/\/www.brmedal.com.br\/index.php?rest_route=%2Fwp%2Fv2%2Fproduct_cat&post=6342"},{"taxonomy":"product_tag","embeddable":true,"href":"https:\/\/www.brmedal.com.br\/index.php?rest_route=%2Fwp%2Fv2%2Fproduct_tag&post=6342"}],"curies":[{"name":"wp","href":"https:\/\/api.w.org\/{rel}","templated":true}]}}