{"id":6429,"date":"2019-04-26T08:09:19","date_gmt":"2019-04-26T11:09:19","guid":{"rendered":"https:\/\/www.brmedal.com.br\/product\/antisseptico-riogel-alcool-70\/"},"modified":"2022-10-29T23:12:08","modified_gmt":"2022-10-30T02:12:08","slug":"antisseptico-riogel-alcool-70","status":"publish","type":"product","link":"https:\/\/www.brmedal.com.br\/?product=antisseptico-riogel-alcool-70","title":{"rendered":"Antiss\u00e9ptico Riogel \u00c1lcool 70%"},"content":{"rendered":"<p>O Antiss\u00e9ptico RioGel \u00e9 um \u00e1lcool et\u00edlico hidratado em gel 70% v\/v (em volume), correspondente a 62,44\u00ba INPM (em peso), indicado como antiss\u00e9ptico de m\u00e3os.<\/p>\n<p><strong>Varia\u00e7\u00f5es:<\/strong><\/p>\n<p>12 Unidades de RioGel Antiss\u00e9ptico 90 Gramas<\/p>\n<p>04 Unidades de RioGel Antiss\u00e9ptico 430 Gramas<\/p>\n<p>12 Unidades de RioGel Antiss\u00e9ptico 430 Gramas<\/p>\n<p>12 Unidades de RioGel Antiss\u00e9ptico 740 Gramas<\/p>\n","protected":false},"excerpt":{"rendered":"<p>O Antiss\u00e9ptico RioGel \u00e9 um \u00e1lcool et\u00edlico hidratado em gel 70% v\/v (em volume), correspondente a 62,44\u00ba INPM (em peso), indicado como antiss\u00e9ptico de m\u00e3os. Varia\u00e7\u00f5es:<span class=\"excerpt-hellip\"> [\u2026]<\/span><\/p>\n","protected":false},"featured_media":6425,"comment_status":"open","ping_status":"closed","template":"","meta":[],"product_brand":[],"product_cat":[508,545,551,509],"product_tag":[],"class_list":{"0":"post-6429","1":"product","2":"type-product","3":"status-publish","4":"has-post-thumbnail","6":"product_cat-inicio","7":"product_cat-insumos","8":"product_cat-medicamentos","9":"product_cat-medicina","11":"first","12":"onbackorder","13":"shipping-taxable","14":"purchasable","15":"product-type-simple"},"_links":{"self":[{"href":"https:\/\/www.brmedal.com.br\/index.php?rest_route=\/wp\/v2\/product\/6429","targetHints":{"allow":["GET"]}}],"collection":[{"href":"https:\/\/www.brmedal.com.br\/index.php?rest_route=\/wp\/v2\/product"}],"about":[{"href":"https:\/\/www.brmedal.com.br\/index.php?rest_route=\/wp\/v2\/types\/product"}],"replies":[{"embeddable":true,"href":"https:\/\/www.brmedal.com.br\/index.php?rest_route=%2Fwp%2Fv2%2Fcomments&post=6429"}],"wp:featuredmedia":[{"embeddable":true,"href":"https:\/\/www.brmedal.com.br\/index.php?rest_route=\/wp\/v2\/media\/6425"}],"wp:attachment":[{"href":"https:\/\/www.brmedal.com.br\/index.php?rest_route=%2Fwp%2Fv2%2Fmedia&parent=6429"}],"wp:term":[{"taxonomy":"product_brand","embeddable":true,"href":"https:\/\/www.brmedal.com.br\/index.php?rest_route=%2Fwp%2Fv2%2Fproduct_brand&post=6429"},{"taxonomy":"product_cat","embeddable":true,"href":"https:\/\/www.brmedal.com.br\/index.php?rest_route=%2Fwp%2Fv2%2Fproduct_cat&post=6429"},{"taxonomy":"product_tag","embeddable":true,"href":"https:\/\/www.brmedal.com.br\/index.php?rest_route=%2Fwp%2Fv2%2Fproduct_tag&post=6429"}],"curies":[{"name":"wp","href":"https:\/\/api.w.org\/{rel}","templated":true}]}}