{"id":6475,"date":"2019-04-26T08:51:55","date_gmt":"2019-04-26T11:51:55","guid":{"rendered":"https:\/\/www.brmedal.com.br\/product\/desinfetador-de-equipamentos-rialcool\/"},"modified":"2022-10-29T23:03:30","modified_gmt":"2022-10-30T02:03:30","slug":"desinfetador-de-equipamentos-rialcool","status":"publish","type":"product","link":"https:\/\/www.brmedal.com.br\/?product=desinfetador-de-equipamentos-rialcool","title":{"rendered":"Desinfetador de Equipamentos Ri\u00e1lcool"},"content":{"rendered":"<p><strong>Especifica\u00e7\u00f5es<\/strong><\/p>\n<p>O Desinfetador de Equipamentos Perax Rio 0,2 foi desenvolvido para a desinfec\u00e7\u00e3o de alto n\u00edvel, indicado para a desinfec\u00e7\u00e3o de equipamentos em geral, endosc\u00f3pios, tubos corrugados, kits de micro nebuliza\u00e7\u00e3o, nebulizadores de oxig\u00eanio, a\u00e7o inox, a\u00e7o cir\u00fargico, alum\u00ednio, pl\u00e1stico, acr\u00edlico e l\u00e1tex.<\/p>\n<p><strong>Varia\u00e7\u00f5es:<\/strong><\/p>\n<p>12 Unidades de RI\u00c1LCOOL 1 Litro \u2013 USD: 1.76<\/p>\n<p>50 Caixas RI\u00c1LCOOL com 120 Sach\u00eas de 1 ml \u2013 USD: 2.39<\/p>\n<p>4 Unidades de RI\u00c1LCOOL 5 Litros \u2013 USD: 7.58<\/p>\n<p>30 Unidades de RI\u00c1LCOOL 100 ml Almotolia \u2013 USD: 0.41<\/p>\n<p>30 Unidades de RI\u00c1LCOOL 250 ml Almotolia \u2013 USD: 0.63<\/p>\n<p>12 Unidades de RI\u00c1LCOOL 100 ml Almotolia \u2013 USD: 1.76<\/p>\n","protected":false},"excerpt":{"rendered":"<p>Especifica\u00e7\u00f5es O Desinfetador de Equipamentos Perax Rio 0,2 foi desenvolvido para a desinfec\u00e7\u00e3o de alto n\u00edvel, indicado para a desinfec\u00e7\u00e3o de equipamentos em geral, endosc\u00f3pios, tubos<span class=\"excerpt-hellip\"> [\u2026]<\/span><\/p>\n","protected":false},"featured_media":6470,"comment_status":"open","ping_status":"closed","template":"","meta":[],"product_brand":[],"product_cat":[508,545,509],"product_tag":[],"class_list":{"0":"post-6475","1":"product","2":"type-product","3":"status-publish","4":"has-post-thumbnail","6":"product_cat-inicio","7":"product_cat-insumos","8":"product_cat-medicina","10":"first","11":"onbackorder","12":"shipping-taxable","13":"purchasable","14":"product-type-simple"},"_links":{"self":[{"href":"https:\/\/www.brmedal.com.br\/index.php?rest_route=\/wp\/v2\/product\/6475","targetHints":{"allow":["GET"]}}],"collection":[{"href":"https:\/\/www.brmedal.com.br\/index.php?rest_route=\/wp\/v2\/product"}],"about":[{"href":"https:\/\/www.brmedal.com.br\/index.php?rest_route=\/wp\/v2\/types\/product"}],"replies":[{"embeddable":true,"href":"https:\/\/www.brmedal.com.br\/index.php?rest_route=%2Fwp%2Fv2%2Fcomments&post=6475"}],"wp:featuredmedia":[{"embeddable":true,"href":"https:\/\/www.brmedal.com.br\/index.php?rest_route=\/wp\/v2\/media\/6470"}],"wp:attachment":[{"href":"https:\/\/www.brmedal.com.br\/index.php?rest_route=%2Fwp%2Fv2%2Fmedia&parent=6475"}],"wp:term":[{"taxonomy":"product_brand","embeddable":true,"href":"https:\/\/www.brmedal.com.br\/index.php?rest_route=%2Fwp%2Fv2%2Fproduct_brand&post=6475"},{"taxonomy":"product_cat","embeddable":true,"href":"https:\/\/www.brmedal.com.br\/index.php?rest_route=%2Fwp%2Fv2%2Fproduct_cat&post=6475"},{"taxonomy":"product_tag","embeddable":true,"href":"https:\/\/www.brmedal.com.br\/index.php?rest_route=%2Fwp%2Fv2%2Fproduct_tag&post=6475"}],"curies":[{"name":"wp","href":"https:\/\/api.w.org\/{rel}","templated":true}]}}