{"id":6484,"date":"2019-04-26T08:58:11","date_gmt":"2019-04-26T11:58:11","guid":{"rendered":"https:\/\/www.brmedal.com.br\/product\/desinfetante-germi-rio\/"},"modified":"2022-10-29T23:02:26","modified_gmt":"2022-10-30T02:02:26","slug":"desinfetante-germi-rio","status":"publish","type":"product","link":"https:\/\/www.brmedal.com.br\/?product=desinfetante-germi-rio","title":{"rendered":"Desinfetante Germi Rio"},"content":{"rendered":"<p>Germi Rio Pronto Uso \u2013 \u00c9 um desinfetante de n\u00edvel intermedi\u00e1rio, sua f\u00f3rmula exclusiva limpa e desinfeta em um mesmo processo, composta por uma mistura de mol\u00e9culas de quatern\u00e1rios de am\u00f4nio com biguanida, pronto para uso, que garantem efic\u00e1cia sobre as superf\u00edcies fixas, artigos n\u00e3o cr\u00edticos, artigos de \u201cinalo terapia\u201d e assist\u00eancia respirat\u00f3ria. Ideal para uso em hospitais, principalmente nas \u00e1reas cr\u00edticas com maior chance de risco de contrair infec\u00e7\u00e3o hospitalar, casas de sa\u00fade, ambulat\u00f3rios, consult\u00f3rios odontol\u00f3gicos, cl\u00ednicas e postos de sa\u00fade. Podendo ser aplicado em pisos, paredes, mob\u00edlias e artigos n\u00e3o cr\u00edticos. Sua aplica\u00e7\u00e3o segura pode ser em acr\u00edlicos, vidrados, pinturas, revestimentos, inox, metal, porcelanas, polietileno, polipropileno, azulejos, lin\u00f3leo, pisos, PVC, vinil, l\u00e1tex, monitores, telas de LCD, bombas de infus\u00e3o, incubadoras, transdutores e etc.<\/p>\n<p>Varia\u00e7\u00f5es:<\/p>\n<p>36 Unidades de Germi Rio 1 Litro<\/p>\n<p>36 Unidades de Germi Rio 5 Litros<\/p>\n","protected":false},"excerpt":{"rendered":"<p>Germi Rio Pronto Uso \u2013 \u00c9 um desinfetante de n\u00edvel intermedi\u00e1rio, sua f\u00f3rmula exclusiva limpa e desinfeta em um mesmo processo, composta por uma mistura de<span class=\"excerpt-hellip\"> [\u2026]<\/span><\/p>\n","protected":false},"featured_media":6482,"comment_status":"open","ping_status":"closed","template":"","meta":[],"product_brand":[],"product_cat":[508,545,509],"product_tag":[],"class_list":{"0":"post-6484","1":"product","2":"type-product","3":"status-publish","4":"has-post-thumbnail","6":"product_cat-inicio","7":"product_cat-insumos","8":"product_cat-medicina","10":"first","11":"onbackorder","12":"shipping-taxable","13":"purchasable","14":"product-type-simple"},"_links":{"self":[{"href":"https:\/\/www.brmedal.com.br\/index.php?rest_route=\/wp\/v2\/product\/6484","targetHints":{"allow":["GET"]}}],"collection":[{"href":"https:\/\/www.brmedal.com.br\/index.php?rest_route=\/wp\/v2\/product"}],"about":[{"href":"https:\/\/www.brmedal.com.br\/index.php?rest_route=\/wp\/v2\/types\/product"}],"replies":[{"embeddable":true,"href":"https:\/\/www.brmedal.com.br\/index.php?rest_route=%2Fwp%2Fv2%2Fcomments&post=6484"}],"wp:featuredmedia":[{"embeddable":true,"href":"https:\/\/www.brmedal.com.br\/index.php?rest_route=\/wp\/v2\/media\/6482"}],"wp:attachment":[{"href":"https:\/\/www.brmedal.com.br\/index.php?rest_route=%2Fwp%2Fv2%2Fmedia&parent=6484"}],"wp:term":[{"taxonomy":"product_brand","embeddable":true,"href":"https:\/\/www.brmedal.com.br\/index.php?rest_route=%2Fwp%2Fv2%2Fproduct_brand&post=6484"},{"taxonomy":"product_cat","embeddable":true,"href":"https:\/\/www.brmedal.com.br\/index.php?rest_route=%2Fwp%2Fv2%2Fproduct_cat&post=6484"},{"taxonomy":"product_tag","embeddable":true,"href":"https:\/\/www.brmedal.com.br\/index.php?rest_route=%2Fwp%2Fv2%2Fproduct_tag&post=6484"}],"curies":[{"name":"wp","href":"https:\/\/api.w.org\/{rel}","templated":true}]}}