{"id":658,"date":"2017-10-05T12:14:38","date_gmt":"2017-10-05T15:14:38","guid":{"rendered":"https:\/\/www.brmedal.com.br\/product\/sonic-laxis-led\/"},"modified":"2022-11-12T00:08:31","modified_gmt":"2022-11-12T03:08:31","slug":"sonic-laxis-led","status":"publish","type":"product","link":"https:\/\/www.brmedal.com.br\/?product=sonic-laxis-led","title":{"rendered":"Ultrassom odontol\u00f3gico Sonic Laxis LED"},"content":{"rendered":"<p>PERIODONTIA:<\/p>\n<p>Remo\u00e7\u00e3o do biofilme mineralizado; t\u00e1rtaro sub e supra gengival.<\/p>\n<p>ENDODONTIA:<\/p>\n<p>Remo\u00e7\u00e3o dos instrumentos fraturados e limpeza do canal radicular.<\/p>\n<p>Abertura de canais calcificados e remo\u00e7\u00e3o de pinos.<\/p>\n<p>Remo\u00e7\u00e3o da dentina e restaura\u00e7\u00f5es antigas consistentes.<\/p>\n<p>DENT\u00cdSTICA E PR\u00d3TESE:<\/p>\n<p>Remo\u00e7\u00e3o de coroas, blocos met\u00e1licos e pinos intra-radiculares.<\/p>\n<p>Condensa\u00e7\u00e3o de am\u00e1lgama.<\/p>\n<p>Cimenta\u00e7\u00e3o de inlays\/onlays.<\/p>\n<p>PREPARA\u00c7\u00c3O CAVIT\u00c1RIA:<\/p>\n<p>Preparos cavit\u00e1rios para restaura\u00e7\u00f5es atrav\u00e9s de pontas ativas diamantadas.<\/p>\n<p>Tecnologia<\/p>\n<p>Transdutor do ultrassom piezoel\u00e9trico atrav\u00e9s de pastilhas cer\u00e2micas com freq\u00fc\u00eancia de 32.000Hz estabilizado eletronicamente.<\/p>\n<p>Pe\u00e7a de m\u00e3o do ultrassom com capa remov\u00edvel e autoclav\u00e1vel.<\/p>\n<p>Seguindo a mais alta tecnologia, a caneta de ultrassom possui somente a sua capa remov\u00edvel e autoclav\u00e1vel, proporcionando uma longa vida \u00fatil ao transdutor.<\/p>\n<p>O equipamento acompanha duas capas da caneta.<\/p>\n<p>Ultrassom<\/p>\n<p>Ajuste no painel sens\u00edvel e preciso de sua pot\u00eancia e do fluxo de refrigera\u00e7\u00e3o.<\/p>\n<p>Pode executar procedimentos sem o uso de refrigera\u00e7\u00e3o como condensa\u00e7\u00e3o de am\u00e1lgama, cimenta\u00e7\u00e3o de onlays\/inlays.<\/p>\n<p>Alta freq\u00fc\u00eancia na ponta ativa, formando uma fina n\u00e9voa de \u00e1gua, sem que haja gotejamento.<\/p>\n<p>5 n\u00edveis de pot\u00eancia do ultrassom (baixa, baixa\/m\u00e9dia, m\u00e9dia, m\u00e9dia\/alta e alta).<\/p>\n<p>Tips (Pontas) com v\u00e1rios modelos: Periodontia, Endodontia, Dentistica e Pr\u00f3tese, Prepara\u00e7\u00e3o Cavit\u00e1ria<\/p>\n<p>Acompanham o equipamento: pontas T1, T2 e T3.<\/p>\n<p>Outras Caracter\u00edsticas<\/p>\n<p>Chave geral luminosa localizada no painel.<\/p>\n<p>Pedal de acionamento \u00fanico<\/p>\n<ul>\n<li><strong>Altura sem caneta \/ com caneta:<\/strong><\/li>\n<li>11,7cm \/ 12,9cm<\/li>\n<\/ul>\n<ul>\n<li><strong>Dimens\u00f5es:<\/strong><\/li>\n<li>Largura: 18,5cm<br \/>\nComprimento: 22cm<\/li>\n<\/ul>\n<ul>\n<li><strong>Peso L\u00edquido:<\/strong><\/li>\n<li>2,30 Kg<\/li>\n<\/ul>\n<ul>\n<li><strong>Peso Bruto:<\/strong><\/li>\n<\/ul>\n<p>2,80 Kg<\/p>\n","protected":false},"excerpt":{"rendered":"<p><strong>Ultrassom Piezoel\u00e9trico 32.000 Hz<\/strong><\/p>\n<p><strong>S\u00f3lido e vers\u00e1til<\/strong><\/p>\n","protected":false},"featured_media":657,"comment_status":"open","ping_status":"closed","template":"","meta":[],"product_brand":[],"product_cat":[546],"product_tag":[],"class_list":{"0":"post-658","1":"product","2":"type-product","3":"status-publish","4":"has-post-thumbnail","6":"product_cat-equipamentos-odontologia","8":"first","9":"onbackorder","10":"shipping-taxable","11":"purchasable","12":"product-type-simple"},"_links":{"self":[{"href":"https:\/\/www.brmedal.com.br\/index.php?rest_route=\/wp\/v2\/product\/658","targetHints":{"allow":["GET"]}}],"collection":[{"href":"https:\/\/www.brmedal.com.br\/index.php?rest_route=\/wp\/v2\/product"}],"about":[{"href":"https:\/\/www.brmedal.com.br\/index.php?rest_route=\/wp\/v2\/types\/product"}],"replies":[{"embeddable":true,"href":"https:\/\/www.brmedal.com.br\/index.php?rest_route=%2Fwp%2Fv2%2Fcomments&post=658"}],"wp:featuredmedia":[{"embeddable":true,"href":"https:\/\/www.brmedal.com.br\/index.php?rest_route=\/wp\/v2\/media\/657"}],"wp:attachment":[{"href":"https:\/\/www.brmedal.com.br\/index.php?rest_route=%2Fwp%2Fv2%2Fmedia&parent=658"}],"wp:term":[{"taxonomy":"product_brand","embeddable":true,"href":"https:\/\/www.brmedal.com.br\/index.php?rest_route=%2Fwp%2Fv2%2Fproduct_brand&post=658"},{"taxonomy":"product_cat","embeddable":true,"href":"https:\/\/www.brmedal.com.br\/index.php?rest_route=%2Fwp%2Fv2%2Fproduct_cat&post=658"},{"taxonomy":"product_tag","embeddable":true,"href":"https:\/\/www.brmedal.com.br\/index.php?rest_route=%2Fwp%2Fv2%2Fproduct_tag&post=658"}],"curies":[{"name":"wp","href":"https:\/\/api.w.org\/{rel}","templated":true}]}}