{"id":668,"date":"2017-10-09T11:45:00","date_gmt":"2017-10-09T14:45:00","guid":{"rendered":"https:\/\/www.brmedal.com.br\/product\/compressor-de-ar-linha-top-silence-50vf-100\/"},"modified":"2022-11-11T23:43:13","modified_gmt":"2022-11-12T02:43:13","slug":"compressor-de-ar-linha-top-silence-50vf-100","status":"publish","type":"product","link":"https:\/\/www.brmedal.com.br\/?product=compressor-de-ar-linha-top-silence-50vf-100","title":{"rendered":"Compressor de Ar tanque 50 litros \u2013 Linha Top Silence &#8211; 50VF-100"},"content":{"rendered":"<p><strong>Informa\u00e7\u00f5es T\u00e9cnicas:<\/strong><\/p>\n<p>&#8211; Tanque: 50 Litros<\/p>\n<p>&#8211; Voltagem: 110V ou 240V<\/p>\n<p>&#8211; Freq\u00fc\u00eancia: 50\/60Hz<\/p>\n<p>&#8211; Potencia: 1 HP<\/p>\n<p>&#8211; Deslocamento de ar: 120l\/m<\/p>\n<p>&#8211; Press\u00e3o m\u00e1xima: 8 bar\/120 psi<\/p>\n<p>&#8211; N\u00edvel de ru\u00eddo: 48 (dB(A)\/1m)<\/p>\n<p>&#8211; Dimens\u00f5es da embalagem: (CxLxH): 690x830x940mm<\/p>\n<p>&#8211; Peso: 58 Kg<\/p>\n<p>&#8211; Filtro de 5 m\u00edcrons, filtro 0,01 m\u00edcron e filtro de entrada de ar<\/p>\n<p>&#8211; Tanque com pintura eletrost\u00e1tica interna e externa, fabricado conforme NR 13<\/p>\n<p>&#8211; Protetor t\u00e9rmico no motor el\u00e9trico<\/p>\n<p>&#8211; Regulador de press\u00e3o com man\u00f4metro<\/p>\n<p>&#8211; Dreno manual<\/p>\n<p>&#8211; Pressostato com chave liga\/desliga<\/p>\n","protected":false},"excerpt":{"rendered":"<p>&#8211; Tanque: 50 Litros<\/p>\n<p>&#8211; Voltagem: 110V ou 240V<\/p>\n<p>&#8211; Freq\u00fc\u00eancia: 50\/60Hz<\/p>\n<p>&#8211; Potencia: 1 HP<\/p>\n<p>&#8211; Deslocamento de ar: 120l\/m<\/p>\n","protected":false},"featured_media":667,"comment_status":"open","ping_status":"closed","template":"","meta":[],"product_brand":[],"product_cat":[546],"product_tag":[],"class_list":{"0":"post-668","1":"product","2":"type-product","3":"status-publish","4":"has-post-thumbnail","6":"product_cat-equipamentos-odontologia","8":"first","9":"onbackorder","10":"shipping-taxable","11":"purchasable","12":"product-type-simple"},"_links":{"self":[{"href":"https:\/\/www.brmedal.com.br\/index.php?rest_route=\/wp\/v2\/product\/668","targetHints":{"allow":["GET"]}}],"collection":[{"href":"https:\/\/www.brmedal.com.br\/index.php?rest_route=\/wp\/v2\/product"}],"about":[{"href":"https:\/\/www.brmedal.com.br\/index.php?rest_route=\/wp\/v2\/types\/product"}],"replies":[{"embeddable":true,"href":"https:\/\/www.brmedal.com.br\/index.php?rest_route=%2Fwp%2Fv2%2Fcomments&post=668"}],"wp:featuredmedia":[{"embeddable":true,"href":"https:\/\/www.brmedal.com.br\/index.php?rest_route=\/wp\/v2\/media\/667"}],"wp:attachment":[{"href":"https:\/\/www.brmedal.com.br\/index.php?rest_route=%2Fwp%2Fv2%2Fmedia&parent=668"}],"wp:term":[{"taxonomy":"product_brand","embeddable":true,"href":"https:\/\/www.brmedal.com.br\/index.php?rest_route=%2Fwp%2Fv2%2Fproduct_brand&post=668"},{"taxonomy":"product_cat","embeddable":true,"href":"https:\/\/www.brmedal.com.br\/index.php?rest_route=%2Fwp%2Fv2%2Fproduct_cat&post=668"},{"taxonomy":"product_tag","embeddable":true,"href":"https:\/\/www.brmedal.com.br\/index.php?rest_route=%2Fwp%2Fv2%2Fproduct_tag&post=668"}],"curies":[{"name":"wp","href":"https:\/\/api.w.org\/{rel}","templated":true}]}}