{"id":6699,"date":"2019-04-29T12:51:43","date_gmt":"2019-04-29T15:51:43","guid":{"rendered":"https:\/\/www.brmedal.com.br\/product\/aneis-para-identificacao\/"},"modified":"2022-10-29T22:30:54","modified_gmt":"2022-10-30T01:30:54","slug":"aneis-para-identificacao","status":"publish","type":"product","link":"https:\/\/www.brmedal.com.br\/?product=aneis-para-identificacao","title":{"rendered":"An\u00e9is para identifica\u00e7\u00e3o"},"content":{"rendered":"<p>Tem como indica\u00e7\u00e3o diferenciar os instrumentos durante os procedimentos cl\u00ednicos, organizando os instrumentos pela cor durante o procedimento.<\/p>\n<table border=\"0\" width=\"85\" cellspacing=\"0\" cellpadding=\"0\">\n<colgroup>\n<col width=\"85\" \/><\/colgroup>\n<tbody>\n<tr>\n<td class=\"xl64\" style=\"text-align: left\" width=\"85\" height=\"13\"><span class=\"font5\">Cores:<\/span><\/td>\n<\/tr>\n<tr>\n<td class=\"xl65\" style=\"text-align: left\" width=\"85\" height=\"17\"><span class=\"font5\">Azul<\/span><\/td>\n<\/tr>\n<tr>\n<td class=\"xl65\" style=\"text-align: left\" width=\"85\" height=\"13\"><span class=\"font5\">Vermelho<\/span><\/td>\n<\/tr>\n<tr>\n<td class=\"xl65\" style=\"text-align: left\" width=\"85\" height=\"13\"><span class=\"font5\">Verde<\/span><\/td>\n<\/tr>\n<tr>\n<td class=\"xl65\" style=\"text-align: left\" width=\"85\" height=\"13\"><span class=\"font5\">Rosa<\/span><\/td>\n<\/tr>\n<tr>\n<td class=\"xl65\" style=\"text-align: left\" width=\"85\" height=\"13\"><span class=\"font5\">Amarelo<\/span><\/td>\n<\/tr>\n<tr>\n<td class=\"xl65\" style=\"text-align: left\" width=\"85\" height=\"13\"><span class=\"font5\">Branco<\/span><\/td>\n<\/tr>\n<tr>\n<td class=\"xl65\" style=\"text-align: left\" width=\"85\" height=\"13\"><span class=\"font5\">Laranja<\/span><\/td>\n<\/tr>\n<tr>\n<td class=\"xl65\" style=\"text-align: left\" width=\"85\" height=\"13\"><span class=\"font5\">Salmon<\/span><\/td>\n<\/tr>\n<tr>\n<td class=\"xl65\" style=\"text-align: left\" width=\"85\" height=\"13\"><span class=\"font5\">Lilas<\/span><\/td>\n<\/tr>\n<tr>\n<td class=\"xl65\" style=\"text-align: left\" width=\"85\" height=\"13\"><span class=\"font5\">Preto<\/span><\/td>\n<\/tr>\n<tr>\n<td class=\"xl65\" style=\"text-align: left\" width=\"85\" height=\"13\"><span class=\"font5\">Cinza<\/span><\/td>\n<\/tr>\n<tr>\n<td class=\"xl65\" style=\"text-align: left\" width=\"85\" height=\"13\"><span class=\"font5\">Marrom<\/span><\/td>\n<\/tr>\n<tr>\n<td class=\"xl65\" style=\"text-align: left\" width=\"85\" height=\"13\"><span class=\"font5\">Rosa C\u00edtrico<\/span><\/td>\n<\/tr>\n<tr>\n<td class=\"xl66\" style=\"text-align: left\" width=\"85\" height=\"20\"><span class=\"font5\">Verde C\u00edtrico<\/span><\/td>\n<\/tr>\n<\/tbody>\n<\/table>\n<p>Sortido<\/p>\n","protected":false},"excerpt":{"rendered":"<p>An\u00e9is para Identifica\u00e7\u00e3o<\/p>\n<p><strong>Caixa com 60 unidades<\/strong><\/p>\n","protected":false},"featured_media":6693,"comment_status":"open","ping_status":"closed","template":"","meta":[],"product_brand":[],"product_cat":[515,508,510],"product_tag":[],"class_list":{"0":"post-6699","1":"product","2":"type-product","3":"status-publish","4":"has-post-thumbnail","6":"product_cat-acessorios","7":"product_cat-inicio","8":"product_cat-odontologia","10":"first","11":"onbackorder","12":"shipping-taxable","13":"product-type-simple"},"_links":{"self":[{"href":"https:\/\/www.brmedal.com.br\/index.php?rest_route=\/wp\/v2\/product\/6699","targetHints":{"allow":["GET"]}}],"collection":[{"href":"https:\/\/www.brmedal.com.br\/index.php?rest_route=\/wp\/v2\/product"}],"about":[{"href":"https:\/\/www.brmedal.com.br\/index.php?rest_route=\/wp\/v2\/types\/product"}],"replies":[{"embeddable":true,"href":"https:\/\/www.brmedal.com.br\/index.php?rest_route=%2Fwp%2Fv2%2Fcomments&post=6699"}],"wp:featuredmedia":[{"embeddable":true,"href":"https:\/\/www.brmedal.com.br\/index.php?rest_route=\/wp\/v2\/media\/6693"}],"wp:attachment":[{"href":"https:\/\/www.brmedal.com.br\/index.php?rest_route=%2Fwp%2Fv2%2Fmedia&parent=6699"}],"wp:term":[{"taxonomy":"product_brand","embeddable":true,"href":"https:\/\/www.brmedal.com.br\/index.php?rest_route=%2Fwp%2Fv2%2Fproduct_brand&post=6699"},{"taxonomy":"product_cat","embeddable":true,"href":"https:\/\/www.brmedal.com.br\/index.php?rest_route=%2Fwp%2Fv2%2Fproduct_cat&post=6699"},{"taxonomy":"product_tag","embeddable":true,"href":"https:\/\/www.brmedal.com.br\/index.php?rest_route=%2Fwp%2Fv2%2Fproduct_tag&post=6699"}],"curies":[{"name":"wp","href":"https:\/\/api.w.org\/{rel}","templated":true}]}}