{"id":6718,"date":"2019-04-29T13:09:41","date_gmt":"2019-04-29T16:09:41","guid":{"rendered":"https:\/\/www.brmedal.com.br\/product\/abridor-de-boca-em-silicone-adultoinfantil\/"},"modified":"2022-10-29T22:27:48","modified_gmt":"2022-10-30T01:27:48","slug":"abridor-de-boca-em-silicone-adultoinfantil","status":"publish","type":"product","link":"https:\/\/www.brmedal.com.br\/?product=abridor-de-boca-em-silicone-adultoinfantil","title":{"rendered":"Abridor de Boca em Silicone Adulto\/Infantil"},"content":{"rendered":"","protected":false},"excerpt":{"rendered":"<p>O instrumento destina-se \u00e0 abertura da boca para diagn\u00f3stico e tratamento dent\u00e1rio, para conforto do paciente.<\/p>\n<p>Cores: Amarelo &amp; Verde<\/p>\n<p>Autoclav\u00e1vel<\/p>\n","protected":false},"featured_media":6716,"comment_status":"open","ping_status":"closed","template":"","meta":[],"product_brand":[],"product_cat":[515,508,510],"product_tag":[],"class_list":{"0":"post-6718","1":"product","2":"type-product","3":"status-publish","4":"has-post-thumbnail","6":"product_cat-acessorios","7":"product_cat-inicio","8":"product_cat-odontologia","10":"first","11":"onbackorder","12":"shipping-taxable","13":"product-type-simple"},"_links":{"self":[{"href":"https:\/\/www.brmedal.com.br\/index.php?rest_route=\/wp\/v2\/product\/6718","targetHints":{"allow":["GET"]}}],"collection":[{"href":"https:\/\/www.brmedal.com.br\/index.php?rest_route=\/wp\/v2\/product"}],"about":[{"href":"https:\/\/www.brmedal.com.br\/index.php?rest_route=\/wp\/v2\/types\/product"}],"replies":[{"embeddable":true,"href":"https:\/\/www.brmedal.com.br\/index.php?rest_route=%2Fwp%2Fv2%2Fcomments&post=6718"}],"wp:featuredmedia":[{"embeddable":true,"href":"https:\/\/www.brmedal.com.br\/index.php?rest_route=\/wp\/v2\/media\/6716"}],"wp:attachment":[{"href":"https:\/\/www.brmedal.com.br\/index.php?rest_route=%2Fwp%2Fv2%2Fmedia&parent=6718"}],"wp:term":[{"taxonomy":"product_brand","embeddable":true,"href":"https:\/\/www.brmedal.com.br\/index.php?rest_route=%2Fwp%2Fv2%2Fproduct_brand&post=6718"},{"taxonomy":"product_cat","embeddable":true,"href":"https:\/\/www.brmedal.com.br\/index.php?rest_route=%2Fwp%2Fv2%2Fproduct_cat&post=6718"},{"taxonomy":"product_tag","embeddable":true,"href":"https:\/\/www.brmedal.com.br\/index.php?rest_route=%2Fwp%2Fv2%2Fproduct_tag&post=6718"}],"curies":[{"name":"wp","href":"https:\/\/api.w.org\/{rel}","templated":true}]}}