{"id":674,"date":"2017-10-09T12:14:51","date_gmt":"2017-10-09T15:14:51","guid":{"rendered":"https:\/\/www.brmedal.com.br\/product\/compressor-de-ar-da1000-25vfp\/"},"modified":"2022-11-11T23:32:36","modified_gmt":"2022-11-12T02:32:36","slug":"compressor-de-ar-da1000-25vfp","status":"publish","type":"product","link":"https:\/\/www.brmedal.com.br\/?product=compressor-de-ar-da1000-25vfp","title":{"rendered":"Compressor de Ar tanque 25 litros &#8211; DA1000 25VFP"},"content":{"rendered":"<p><strong>Informa\u00e7\u00f5es T\u00e9cnicas:<\/strong><\/p>\n<p>&#8211; Tanque: 25 litros<\/p>\n<p>&#8211; Voltagem: 110V\/60Hz ou 220V\/60Hz &#8211; Monof\u00e1sico<\/p>\n<p>&#8211; Potencia: 1 HP<\/p>\n<p>&#8211; Vaz\u00e3o: 0 bar 135 l\/m 4,75 pcm<\/p>\n<p>&#8211; Press\u00e3o m\u00e1xima: 8 bar\/120 psi<\/p>\n<p>&#8211; N\u00edvel de ru\u00eddo: 52 (dB(A)\/1m)<\/p>\n<p>&#8211; Rota\u00e7\u00f5es: 1680 rpm<\/p>\n<p>&#8211; Tanque com pintura eletrost\u00e1tica interna e externa, fabricado conforme NR 13<\/p>\n<p>&#8211; Protetor t\u00e9rmico no motor el\u00e9trico<\/p>\n<p>&#8211; Regulador de press\u00e3o com man\u00f4metro<\/p>\n<p>&#8211; Dreno manual<\/p>\n<p>&#8211; Pressostato com chave liga\/desliga.<\/p>\n<p>&#8211; Dimens\u00f5es (CxLxA): S\/Embalagem: 38x40x67cm<\/p>\n<p>&#8211; Dimens\u00f5es (CxLxA): C\/Embalagem: 52x49x76cm<\/p>\n<p>&#8211; Peso Bruto: 35 Kg<\/p>\n","protected":false},"excerpt":{"rendered":"<p>&#8211; Tanque: 25 litros<\/p>\n<p>&#8211; Voltagem: 110V\/60Hz ou 220V\/60Hz &#8211; Monof\u00e1sico<\/p>\n<p>&#8211; Potencia: 1 HP<\/p>\n<p>&#8211; Vaz\u00e3o: 0 bar 135 l\/m 4,75 pcm<\/p>\n","protected":false},"featured_media":673,"comment_status":"open","ping_status":"closed","template":"","meta":[],"product_brand":[],"product_cat":[546],"product_tag":[],"class_list":{"0":"post-674","1":"product","2":"type-product","3":"status-publish","4":"has-post-thumbnail","6":"product_cat-equipamentos-odontologia","8":"first","9":"onbackorder","10":"shipping-taxable","11":"purchasable","12":"product-type-simple"},"_links":{"self":[{"href":"https:\/\/www.brmedal.com.br\/index.php?rest_route=\/wp\/v2\/product\/674","targetHints":{"allow":["GET"]}}],"collection":[{"href":"https:\/\/www.brmedal.com.br\/index.php?rest_route=\/wp\/v2\/product"}],"about":[{"href":"https:\/\/www.brmedal.com.br\/index.php?rest_route=\/wp\/v2\/types\/product"}],"replies":[{"embeddable":true,"href":"https:\/\/www.brmedal.com.br\/index.php?rest_route=%2Fwp%2Fv2%2Fcomments&post=674"}],"wp:featuredmedia":[{"embeddable":true,"href":"https:\/\/www.brmedal.com.br\/index.php?rest_route=\/wp\/v2\/media\/673"}],"wp:attachment":[{"href":"https:\/\/www.brmedal.com.br\/index.php?rest_route=%2Fwp%2Fv2%2Fmedia&parent=674"}],"wp:term":[{"taxonomy":"product_brand","embeddable":true,"href":"https:\/\/www.brmedal.com.br\/index.php?rest_route=%2Fwp%2Fv2%2Fproduct_brand&post=674"},{"taxonomy":"product_cat","embeddable":true,"href":"https:\/\/www.brmedal.com.br\/index.php?rest_route=%2Fwp%2Fv2%2Fproduct_cat&post=674"},{"taxonomy":"product_tag","embeddable":true,"href":"https:\/\/www.brmedal.com.br\/index.php?rest_route=%2Fwp%2Fv2%2Fproduct_tag&post=674"}],"curies":[{"name":"wp","href":"https:\/\/api.w.org\/{rel}","templated":true}]}}