{"id":6751,"date":"2019-04-29T14:06:38","date_gmt":"2019-04-29T17:06:38","guid":{"rendered":"https:\/\/www.brmedal.com.br\/product\/afastador-de-labios-expandex-infantil-flexivel-branco\/"},"modified":"2022-10-29T22:22:48","modified_gmt":"2022-10-30T01:22:48","slug":"afastador-de-labios-expandex-infantil-flexivel-branco","status":"publish","type":"product","link":"https:\/\/www.brmedal.com.br\/?product=afastador-de-labios-expandex-infantil-flexivel-branco","title":{"rendered":"Afastador de L\u00e1bios Expandex Infantil Flex\u00edvel &#8211; Branco"},"content":{"rendered":"","protected":false},"excerpt":{"rendered":"<p>Indicado para afastar a mucosa labial e bochechas para colagem de brackets, profilaxia, fotografia, fotografia intra-orais, aplica\u00e7\u00e3o de fluor e restaura\u00e7\u00f5es adesivas<\/p>\n","protected":false},"featured_media":6747,"comment_status":"open","ping_status":"closed","template":"","meta":[],"product_brand":[],"product_cat":[515,508,510],"product_tag":[],"class_list":{"0":"post-6751","1":"product","2":"type-product","3":"status-publish","4":"has-post-thumbnail","6":"product_cat-acessorios","7":"product_cat-inicio","8":"product_cat-odontologia","10":"first","11":"onbackorder","12":"shipping-taxable","13":"product-type-simple"},"_links":{"self":[{"href":"https:\/\/www.brmedal.com.br\/index.php?rest_route=\/wp\/v2\/product\/6751","targetHints":{"allow":["GET"]}}],"collection":[{"href":"https:\/\/www.brmedal.com.br\/index.php?rest_route=\/wp\/v2\/product"}],"about":[{"href":"https:\/\/www.brmedal.com.br\/index.php?rest_route=\/wp\/v2\/types\/product"}],"replies":[{"embeddable":true,"href":"https:\/\/www.brmedal.com.br\/index.php?rest_route=%2Fwp%2Fv2%2Fcomments&post=6751"}],"wp:featuredmedia":[{"embeddable":true,"href":"https:\/\/www.brmedal.com.br\/index.php?rest_route=\/wp\/v2\/media\/6747"}],"wp:attachment":[{"href":"https:\/\/www.brmedal.com.br\/index.php?rest_route=%2Fwp%2Fv2%2Fmedia&parent=6751"}],"wp:term":[{"taxonomy":"product_brand","embeddable":true,"href":"https:\/\/www.brmedal.com.br\/index.php?rest_route=%2Fwp%2Fv2%2Fproduct_brand&post=6751"},{"taxonomy":"product_cat","embeddable":true,"href":"https:\/\/www.brmedal.com.br\/index.php?rest_route=%2Fwp%2Fv2%2Fproduct_cat&post=6751"},{"taxonomy":"product_tag","embeddable":true,"href":"https:\/\/www.brmedal.com.br\/index.php?rest_route=%2Fwp%2Fv2%2Fproduct_tag&post=6751"}],"curies":[{"name":"wp","href":"https:\/\/api.w.org\/{rel}","templated":true}]}}