{"id":702,"date":"2017-10-10T09:31:13","date_gmt":"2017-10-10T12:31:13","guid":{"rendered":"https:\/\/www.brmedal.com.br\/product\/branco-de-espanha-po-abrasivo-finamente-dividido-200g\/"},"modified":"2022-11-11T21:52:53","modified_gmt":"2022-11-12T00:52:53","slug":"branco-de-espanha-po-abrasivo-finamente-dividido-200g","status":"publish","type":"product","link":"https:\/\/www.brmedal.com.br\/?product=branco-de-espanha-po-abrasivo-finamente-dividido-200g","title":{"rendered":"Branco de Espanha (P\u00f3 Abrasivo Finamente Dividido) 200g"},"content":{"rendered":"","protected":false},"excerpt":{"rendered":"<p>indicado para polimento de esmaltes e acabamento em restaura\u00e7\u00f5es em ouro, am\u00e1lgamas e resinas.<\/p>\n<p>Dureza relativamente baixa, indicado para polimento de esmaltes, restaura\u00e7\u00f5es em ouro, am\u00e1lgamas e resinas.<\/p>\n","protected":false},"featured_media":701,"comment_status":"open","ping_status":"closed","template":"","meta":[],"product_brand":[],"product_cat":[558],"product_tag":[],"class_list":{"0":"post-702","1":"product","2":"type-product","3":"status-publish","4":"has-post-thumbnail","6":"product_cat-moldagem","8":"first","9":"onbackorder","10":"shipping-taxable","11":"purchasable","12":"product-type-simple"},"_links":{"self":[{"href":"https:\/\/www.brmedal.com.br\/index.php?rest_route=\/wp\/v2\/product\/702","targetHints":{"allow":["GET"]}}],"collection":[{"href":"https:\/\/www.brmedal.com.br\/index.php?rest_route=\/wp\/v2\/product"}],"about":[{"href":"https:\/\/www.brmedal.com.br\/index.php?rest_route=\/wp\/v2\/types\/product"}],"replies":[{"embeddable":true,"href":"https:\/\/www.brmedal.com.br\/index.php?rest_route=%2Fwp%2Fv2%2Fcomments&post=702"}],"wp:featuredmedia":[{"embeddable":true,"href":"https:\/\/www.brmedal.com.br\/index.php?rest_route=\/wp\/v2\/media\/701"}],"wp:attachment":[{"href":"https:\/\/www.brmedal.com.br\/index.php?rest_route=%2Fwp%2Fv2%2Fmedia&parent=702"}],"wp:term":[{"taxonomy":"product_brand","embeddable":true,"href":"https:\/\/www.brmedal.com.br\/index.php?rest_route=%2Fwp%2Fv2%2Fproduct_brand&post=702"},{"taxonomy":"product_cat","embeddable":true,"href":"https:\/\/www.brmedal.com.br\/index.php?rest_route=%2Fwp%2Fv2%2Fproduct_cat&post=702"},{"taxonomy":"product_tag","embeddable":true,"href":"https:\/\/www.brmedal.com.br\/index.php?rest_route=%2Fwp%2Fv2%2Fproduct_tag&post=702"}],"curies":[{"name":"wp","href":"https:\/\/api.w.org\/{rel}","templated":true}]}}