{"id":7449,"date":"2019-05-07T13:34:08","date_gmt":"2019-05-07T16:34:08","guid":{"rendered":"https:\/\/www.brmedal.com.br\/product\/compressa-cirurgica-campo-operatorio\/"},"modified":"2022-10-29T12:45:14","modified_gmt":"2022-10-29T15:45:14","slug":"compressa-cirurgica-campo-operatorio","status":"publish","type":"product","link":"https:\/\/www.brmedal.com.br\/?product=compressa-cirurgica-campo-operatorio","title":{"rendered":"Compressa Cir\u00fargica"},"content":{"rendered":"<p>A Compressa Cir\u00fargica (Campo Operat\u00f3rio) n\u00e3o est\u00e9ril \u00e9 confeccionada com fios 100% algod\u00e3o, em tecido qu\u00e1druplo com ou sem fio radiopaco. A compressa resulta do entrela\u00e7amento das quatro camadas do tecido que a comp\u00f5em para evitar o deslizamento entre as mesmas. De f\u00e1cil manuseio, oferece melhor condi\u00e7\u00e3o de visibilidade no local da cirurgia, pois, em sua extremidade, possui um cadar\u00e7o duplo em forma de al\u00e7a que deve ser deixada, por precau\u00e7\u00e3o, do lado externo da cavidade cir\u00fargica. N\u00e3o solta fiapo, pois suas laterais possuem uma costura que permite maior seguran\u00e7a. Produto descart\u00e1vel. Registro ANVISA: 80245210069<\/p>\n","protected":false},"excerpt":{"rendered":"<p>A Compressa Cir\u00fargica (Campo Operat\u00f3rio) n\u00e3o est\u00e9ril \u00e9 confeccionada com fios 100% algod\u00e3o, em tecido qu\u00e1druplo com ou sem fio radiopaco. A compressa resulta do entrela\u00e7amento<span class=\"excerpt-hellip\"> [\u2026]<\/span><\/p>\n","protected":false},"featured_media":7445,"comment_status":"open","ping_status":"closed","template":"","meta":[],"product_brand":[],"product_cat":[545],"product_tag":[],"class_list":{"0":"post-7449","1":"product","2":"type-product","3":"status-publish","4":"has-post-thumbnail","6":"product_cat-insumos","8":"first","9":"onbackorder","10":"shipping-taxable","11":"purchasable","12":"product-type-simple"},"_links":{"self":[{"href":"https:\/\/www.brmedal.com.br\/index.php?rest_route=\/wp\/v2\/product\/7449","targetHints":{"allow":["GET"]}}],"collection":[{"href":"https:\/\/www.brmedal.com.br\/index.php?rest_route=\/wp\/v2\/product"}],"about":[{"href":"https:\/\/www.brmedal.com.br\/index.php?rest_route=\/wp\/v2\/types\/product"}],"replies":[{"embeddable":true,"href":"https:\/\/www.brmedal.com.br\/index.php?rest_route=%2Fwp%2Fv2%2Fcomments&post=7449"}],"wp:featuredmedia":[{"embeddable":true,"href":"https:\/\/www.brmedal.com.br\/index.php?rest_route=\/wp\/v2\/media\/7445"}],"wp:attachment":[{"href":"https:\/\/www.brmedal.com.br\/index.php?rest_route=%2Fwp%2Fv2%2Fmedia&parent=7449"}],"wp:term":[{"taxonomy":"product_brand","embeddable":true,"href":"https:\/\/www.brmedal.com.br\/index.php?rest_route=%2Fwp%2Fv2%2Fproduct_brand&post=7449"},{"taxonomy":"product_cat","embeddable":true,"href":"https:\/\/www.brmedal.com.br\/index.php?rest_route=%2Fwp%2Fv2%2Fproduct_cat&post=7449"},{"taxonomy":"product_tag","embeddable":true,"href":"https:\/\/www.brmedal.com.br\/index.php?rest_route=%2Fwp%2Fv2%2Fproduct_tag&post=7449"}],"curies":[{"name":"wp","href":"https:\/\/api.w.org\/{rel}","templated":true}]}}