{"id":7467,"date":"2019-05-07T13:56:35","date_gmt":"2019-05-07T16:56:35","guid":{"rendered":"https:\/\/www.brmedal.com.br\/product\/compressa-de-gaze-algodonada-esteril-10x10cm\/"},"modified":"2022-10-29T12:42:17","modified_gmt":"2022-10-29T15:42:17","slug":"compressa-de-gaze-algodonada-esteril-10x10cm","status":"publish","type":"product","link":"https:\/\/www.brmedal.com.br\/?product=compressa-de-gaze-algodonada-esteril-10x10cm","title":{"rendered":"Compressa de Gaze Algodonada Est\u00e9ril 10x10cm"},"content":{"rendered":"<p>A Compressa de \u201cGaze Algodonada Est\u00e9ril\u201d \u00e9 constitu\u00edda por uma camada de papel absorvente recoberta por duas mantas de algod\u00e3o hidr\u00f3filo, com envolt\u00f3rio de tecido de gaze 13 fios. A camada de algod\u00e3o tem como fun\u00e7\u00e3o absorver sangue e exsudatos. Ao papel absorvente cabe redistribuir o fluxo drenado por toda a extens\u00e3o, minimizando o risco de vazamento de l\u00edquidos, oferecendo melhor apar\u00eancia aos curativos e proporcionando maior conforto ao paciente. Descart\u00e1vel e pronto para uso.<\/p>\n","protected":false},"excerpt":{"rendered":"<p>10x10cm (Raio Gama) \u2013 90 Pacotes<\/p>\n","protected":false},"featured_media":7465,"comment_status":"open","ping_status":"closed","template":"","meta":[],"product_brand":[],"product_cat":[524,509],"product_tag":[],"class_list":{"0":"post-7467","1":"product","2":"type-product","3":"status-publish","4":"has-post-thumbnail","6":"product_cat-descartaveis","7":"product_cat-medicina","9":"first","10":"onbackorder","11":"shipping-taxable","12":"purchasable","13":"product-type-simple"},"_links":{"self":[{"href":"https:\/\/www.brmedal.com.br\/index.php?rest_route=\/wp\/v2\/product\/7467","targetHints":{"allow":["GET"]}}],"collection":[{"href":"https:\/\/www.brmedal.com.br\/index.php?rest_route=\/wp\/v2\/product"}],"about":[{"href":"https:\/\/www.brmedal.com.br\/index.php?rest_route=\/wp\/v2\/types\/product"}],"replies":[{"embeddable":true,"href":"https:\/\/www.brmedal.com.br\/index.php?rest_route=%2Fwp%2Fv2%2Fcomments&post=7467"}],"wp:featuredmedia":[{"embeddable":true,"href":"https:\/\/www.brmedal.com.br\/index.php?rest_route=\/wp\/v2\/media\/7465"}],"wp:attachment":[{"href":"https:\/\/www.brmedal.com.br\/index.php?rest_route=%2Fwp%2Fv2%2Fmedia&parent=7467"}],"wp:term":[{"taxonomy":"product_brand","embeddable":true,"href":"https:\/\/www.brmedal.com.br\/index.php?rest_route=%2Fwp%2Fv2%2Fproduct_brand&post=7467"},{"taxonomy":"product_cat","embeddable":true,"href":"https:\/\/www.brmedal.com.br\/index.php?rest_route=%2Fwp%2Fv2%2Fproduct_cat&post=7467"},{"taxonomy":"product_tag","embeddable":true,"href":"https:\/\/www.brmedal.com.br\/index.php?rest_route=%2Fwp%2Fv2%2Fproduct_tag&post=7467"}],"curies":[{"name":"wp","href":"https:\/\/api.w.org\/{rel}","templated":true}]}}