{"id":7521,"date":"2019-05-07T14:58:43","date_gmt":"2019-05-07T17:58:43","guid":{"rendered":"https:\/\/www.brmedal.com.br\/product\/compressa-de-gaze-dobrada-esteril-60cm-x-91cm\/"},"modified":"2022-10-29T12:39:45","modified_gmt":"2022-10-29T15:39:45","slug":"compressa-de-gaze-dobrada-esteril-60cm-x-91cm","status":"publish","type":"product","link":"https:\/\/www.brmedal.com.br\/?product=compressa-de-gaze-dobrada-esteril-60cm-x-91cm","title":{"rendered":"Compressa de Gaze Dobrada Est\u00e9ril &#8211; 60cm x 91cm"},"content":{"rendered":"<p>A Compressa Dobrada Est\u00e9ril \u00e9 confeccionada com fios 100% algod\u00e3o em tecido tipo tela. Dispon\u00edvel das vers\u00f5es 13 fios. Esteriliza\u00e7\u00e3o feita por radia\u00e7\u00e3o gama ou \u00f3xido de etileno.<\/p>\n","protected":false},"excerpt":{"rendered":"<p>60cm x 91cm \u2013 180 ENV<\/p>\n","protected":false},"featured_media":7518,"comment_status":"open","ping_status":"closed","template":"","meta":[],"product_brand":[],"product_cat":[524,545],"product_tag":[],"class_list":{"0":"post-7521","1":"product","2":"type-product","3":"status-publish","4":"has-post-thumbnail","6":"product_cat-descartaveis","7":"product_cat-insumos","9":"first","10":"onbackorder","11":"shipping-taxable","12":"purchasable","13":"product-type-simple"},"_links":{"self":[{"href":"https:\/\/www.brmedal.com.br\/index.php?rest_route=\/wp\/v2\/product\/7521","targetHints":{"allow":["GET"]}}],"collection":[{"href":"https:\/\/www.brmedal.com.br\/index.php?rest_route=\/wp\/v2\/product"}],"about":[{"href":"https:\/\/www.brmedal.com.br\/index.php?rest_route=\/wp\/v2\/types\/product"}],"replies":[{"embeddable":true,"href":"https:\/\/www.brmedal.com.br\/index.php?rest_route=%2Fwp%2Fv2%2Fcomments&post=7521"}],"wp:featuredmedia":[{"embeddable":true,"href":"https:\/\/www.brmedal.com.br\/index.php?rest_route=\/wp\/v2\/media\/7518"}],"wp:attachment":[{"href":"https:\/\/www.brmedal.com.br\/index.php?rest_route=%2Fwp%2Fv2%2Fmedia&parent=7521"}],"wp:term":[{"taxonomy":"product_brand","embeddable":true,"href":"https:\/\/www.brmedal.com.br\/index.php?rest_route=%2Fwp%2Fv2%2Fproduct_brand&post=7521"},{"taxonomy":"product_cat","embeddable":true,"href":"https:\/\/www.brmedal.com.br\/index.php?rest_route=%2Fwp%2Fv2%2Fproduct_cat&post=7521"},{"taxonomy":"product_tag","embeddable":true,"href":"https:\/\/www.brmedal.com.br\/index.php?rest_route=%2Fwp%2Fv2%2Fproduct_tag&post=7521"}],"curies":[{"name":"wp","href":"https:\/\/api.w.org\/{rel}","templated":true}]}}