{"id":7569,"date":"2019-05-08T07:23:44","date_gmt":"2019-05-08T10:23:44","guid":{"rendered":"https:\/\/www.brmedal.com.br\/product\/compressa-de-gaze-hidrofila-nidia\/"},"modified":"2022-10-29T12:28:15","modified_gmt":"2022-10-29T15:28:15","slug":"compressa-de-gaze-hidrofila-nidia","status":"publish","type":"product","link":"https:\/\/www.brmedal.com.br\/?product=compressa-de-gaze-hidrofila-nidia","title":{"rendered":"Compressa de Gaze Hidr\u00f3fila N\u00eddia"},"content":{"rendered":"<p>As Compressas de Gaze Hidr\u00f3fila Esterilizada s\u00e3o confeccionadas com fios 100% algod\u00e3o em tecido tipo tela, com 8 camadas e 5 dobras com dimens\u00e3o de 7,5 x 7,5 cm quando fechadas e 15 x 30cm quando abertas e 10 x 10cm quando fechadas e 20 x 40cm quando abertas. S\u00e3o alvejadas, purificadas e isentas de impurezas, subst\u00e2ncias gordurosas, amido, corantes corretivos, alvejantes \u00f3pticos. S\u00e3o tamb\u00e9m inodoras e ins\u00edpidas. Suas dobras s\u00e3o para dentro em toda a sua extens\u00e3o para evitar desfiamento. Sua esteriliza\u00e7\u00e3o \u00e9 feita por irradia\u00e7\u00e3o gama ou por \u00f3xido de etileno. Pode ou n\u00e3o conter o filamento radiopaco.<\/p>\n<p>INDICA\u00c7\u00c3O: Artigo m\u00e9dico-hospitalar, indicado para aux\u00edlio nas diversas cirurgias, bem como para curativos em geral nos hospitais, ambulat\u00f3rios e prontos-socorros. Tem como finalidade absorver l\u00edquidos ou secre\u00e7\u00f5es, limpar e cobrir ferimentos e curativos em geral, nos quais a presen\u00e7a de micro organismos ou qualquer tipo de impureza n\u00e3o \u00e9 toler\u00e1vel. Para cirurgias recomenda-se o uso de compressa de Gaze Hidr\u00f3fila Esterilizada com Fio Radiopaco.<\/p>\n<p>APRESENTA\u00c7\u00c3O: As Compressas de Gaze Hidr\u00f3fila Esterilizadas s\u00e3o embaladas em envelopes individuais de pronto uso, de papel grau cir\u00fargicos e filme nylon\/polietileno.<\/p>\n","protected":false},"excerpt":{"rendered":"<p><strong>91m x 91m \u2013 8 Unidades <\/strong><\/p>\n","protected":false},"featured_media":7567,"comment_status":"open","ping_status":"closed","template":"","meta":[],"product_brand":[],"product_cat":[524,545],"product_tag":[],"class_list":{"0":"post-7569","1":"product","2":"type-product","3":"status-publish","4":"has-post-thumbnail","6":"product_cat-descartaveis","7":"product_cat-insumos","9":"first","10":"onbackorder","11":"shipping-taxable","12":"purchasable","13":"product-type-simple"},"_links":{"self":[{"href":"https:\/\/www.brmedal.com.br\/index.php?rest_route=\/wp\/v2\/product\/7569","targetHints":{"allow":["GET"]}}],"collection":[{"href":"https:\/\/www.brmedal.com.br\/index.php?rest_route=\/wp\/v2\/product"}],"about":[{"href":"https:\/\/www.brmedal.com.br\/index.php?rest_route=\/wp\/v2\/types\/product"}],"replies":[{"embeddable":true,"href":"https:\/\/www.brmedal.com.br\/index.php?rest_route=%2Fwp%2Fv2%2Fcomments&post=7569"}],"wp:featuredmedia":[{"embeddable":true,"href":"https:\/\/www.brmedal.com.br\/index.php?rest_route=\/wp\/v2\/media\/7567"}],"wp:attachment":[{"href":"https:\/\/www.brmedal.com.br\/index.php?rest_route=%2Fwp%2Fv2%2Fmedia&parent=7569"}],"wp:term":[{"taxonomy":"product_brand","embeddable":true,"href":"https:\/\/www.brmedal.com.br\/index.php?rest_route=%2Fwp%2Fv2%2Fproduct_brand&post=7569"},{"taxonomy":"product_cat","embeddable":true,"href":"https:\/\/www.brmedal.com.br\/index.php?rest_route=%2Fwp%2Fv2%2Fproduct_cat&post=7569"},{"taxonomy":"product_tag","embeddable":true,"href":"https:\/\/www.brmedal.com.br\/index.php?rest_route=%2Fwp%2Fv2%2Fproduct_tag&post=7569"}],"curies":[{"name":"wp","href":"https:\/\/api.w.org\/{rel}","templated":true}]}}