{"id":7579,"date":"2019-05-08T07:40:47","date_gmt":"2019-05-08T10:40:47","guid":{"rendered":"https:\/\/www.brmedal.com.br\/product\/fita-microporosa\/"},"modified":"2022-10-29T12:26:35","modified_gmt":"2022-10-29T15:26:35","slug":"fita-microporosa","status":"publish","type":"product","link":"https:\/\/www.brmedal.com.br\/?product=fita-microporosa","title":{"rendered":"Fita Microporosa"},"content":{"rendered":"<p>A \u201cFita Micro porosa\u201d \u00e9 confeccionada com substrato de n\u00e3o tecido \u00e0 base de fibras de viscose, resina acr\u00edlica e massa adesiva \u00e0 base de poliacrilato hipoal\u00e9rgico. Aquo-repelente. Excelente fixa\u00e7\u00e3o em qualquer regi\u00e3o do corpo. Registro.<\/p>\n","protected":false},"excerpt":{"rendered":"<p>1,2 x 10m Caixa com 200 Unidades.<\/p>\n","protected":false},"featured_media":7576,"comment_status":"open","ping_status":"closed","template":"","meta":[],"product_brand":[],"product_cat":[524,545],"product_tag":[],"class_list":{"0":"post-7579","1":"product","2":"type-product","3":"status-publish","4":"has-post-thumbnail","6":"product_cat-descartaveis","7":"product_cat-insumos","9":"first","10":"onbackorder","11":"shipping-taxable","12":"purchasable","13":"product-type-simple"},"_links":{"self":[{"href":"https:\/\/www.brmedal.com.br\/index.php?rest_route=\/wp\/v2\/product\/7579","targetHints":{"allow":["GET"]}}],"collection":[{"href":"https:\/\/www.brmedal.com.br\/index.php?rest_route=\/wp\/v2\/product"}],"about":[{"href":"https:\/\/www.brmedal.com.br\/index.php?rest_route=\/wp\/v2\/types\/product"}],"replies":[{"embeddable":true,"href":"https:\/\/www.brmedal.com.br\/index.php?rest_route=%2Fwp%2Fv2%2Fcomments&post=7579"}],"wp:featuredmedia":[{"embeddable":true,"href":"https:\/\/www.brmedal.com.br\/index.php?rest_route=\/wp\/v2\/media\/7576"}],"wp:attachment":[{"href":"https:\/\/www.brmedal.com.br\/index.php?rest_route=%2Fwp%2Fv2%2Fmedia&parent=7579"}],"wp:term":[{"taxonomy":"product_brand","embeddable":true,"href":"https:\/\/www.brmedal.com.br\/index.php?rest_route=%2Fwp%2Fv2%2Fproduct_brand&post=7579"},{"taxonomy":"product_cat","embeddable":true,"href":"https:\/\/www.brmedal.com.br\/index.php?rest_route=%2Fwp%2Fv2%2Fproduct_cat&post=7579"},{"taxonomy":"product_tag","embeddable":true,"href":"https:\/\/www.brmedal.com.br\/index.php?rest_route=%2Fwp%2Fv2%2Fproduct_tag&post=7579"}],"curies":[{"name":"wp","href":"https:\/\/api.w.org\/{rel}","templated":true}]}}