{"id":770,"date":"2017-10-11T12:24:44","date_gmt":"2017-10-11T15:24:44","guid":{"rendered":"https:\/\/www.brmedal.com.br\/product\/isolante-isola-resina-100ml\/"},"modified":"2022-11-11T15:25:48","modified_gmt":"2022-11-11T18:25:48","slug":"isolante-isola-resina-100ml","status":"publish","type":"product","link":"https:\/\/www.brmedal.com.br\/?product=isolante-isola-resina-100ml","title":{"rendered":"Isolante \u2013 Isola-Resina"},"content":{"rendered":"<p><strong>Especifica\u00e7\u00f5es<\/strong><\/p>\n<p>Isolante para resinas.<\/p>\n<p>O Isola resina deve ser aplicado por meio de um pincel, sempre num s\u00f3 sentido com largas pinceladas, atingindo as superf\u00edcies a serem isoladas. A aplica\u00e7\u00e3o pode ser feita no modelo quente ou frio, n\u00e3o havendo a necessidade de se aguardar a secagem completo do material para prosseguir o trabalho. Nos trabalhos que apresentam dentes, cuidado especial deve ser tomado na aplica\u00e7\u00e3o do isola resina sobre as superf\u00edcies do gesso contido no contramolde, evitando-se atingir a parte posterior dos dentes.<\/p>\n<p>Quando se empregar l\u00e2minas de celofane ou pl\u00e1stico como isolante na fase da primeira prensagem, Isola resina s\u00f3 devera ser aplicado no modelo ap\u00f3s a retirada das mesmas.<\/p>\n","protected":false},"excerpt":{"rendered":"<p>Isolante para resinas.<\/p>\n","protected":false},"featured_media":766,"comment_status":"open","ping_status":"closed","template":"","meta":[],"product_brand":[],"product_cat":[558],"product_tag":[],"class_list":{"0":"post-770","1":"product","2":"type-product","3":"status-publish","4":"has-post-thumbnail","6":"product_cat-moldagem","7":"pa_capacidadeemlitrosfami-1l","8":"pa_capacidadeemlitrosfami-100ml","9":"pa_capacidadeemlitrosfami-500ml","11":"first","12":"onbackorder","13":"shipping-taxable","14":"purchasable","15":"product-type-simple"},"_links":{"self":[{"href":"https:\/\/www.brmedal.com.br\/index.php?rest_route=\/wp\/v2\/product\/770","targetHints":{"allow":["GET"]}}],"collection":[{"href":"https:\/\/www.brmedal.com.br\/index.php?rest_route=\/wp\/v2\/product"}],"about":[{"href":"https:\/\/www.brmedal.com.br\/index.php?rest_route=\/wp\/v2\/types\/product"}],"replies":[{"embeddable":true,"href":"https:\/\/www.brmedal.com.br\/index.php?rest_route=%2Fwp%2Fv2%2Fcomments&post=770"}],"wp:featuredmedia":[{"embeddable":true,"href":"https:\/\/www.brmedal.com.br\/index.php?rest_route=\/wp\/v2\/media\/766"}],"wp:attachment":[{"href":"https:\/\/www.brmedal.com.br\/index.php?rest_route=%2Fwp%2Fv2%2Fmedia&parent=770"}],"wp:term":[{"taxonomy":"product_brand","embeddable":true,"href":"https:\/\/www.brmedal.com.br\/index.php?rest_route=%2Fwp%2Fv2%2Fproduct_brand&post=770"},{"taxonomy":"product_cat","embeddable":true,"href":"https:\/\/www.brmedal.com.br\/index.php?rest_route=%2Fwp%2Fv2%2Fproduct_cat&post=770"},{"taxonomy":"product_tag","embeddable":true,"href":"https:\/\/www.brmedal.com.br\/index.php?rest_route=%2Fwp%2Fv2%2Fproduct_tag&post=770"}],"curies":[{"name":"wp","href":"https:\/\/api.w.org\/{rel}","templated":true}]}}