{"id":7770,"date":"2019-05-09T09:16:20","date_gmt":"2019-05-09T12:16:20","guid":{"rendered":"https:\/\/www.brmedal.com.br\/product\/estufa-de-esterilizacao-e-secagem-digital-timer-micro-processada-dtme\/"},"modified":"2022-10-29T12:04:59","modified_gmt":"2022-10-29T15:04:59","slug":"estufa-de-esterilizacao-e-secagem-digital-timer-micro-processada-dtme","status":"publish","type":"product","link":"https:\/\/www.brmedal.com.br\/?product=estufa-de-esterilizacao-e-secagem-digital-timer-micro-processada-dtme","title":{"rendered":"Estufa de Esteriliza\u00e7\u00e3o e Secagem &#8211; Digital Timer Micro processada &#8211; DTME"},"content":{"rendered":"<p><strong>CARACTER\u00cdSTICAS DO PRODUTO<\/strong><\/p>\n<p>Estufa Digital micro processada com Time, C\u00e2mara e a almofada interna da porta em a\u00e7o inoxid\u00e1vel 430, com sistema de convec\u00e7\u00e3o natural de ar, sistema de aquecimento por duas resist\u00eancias tubulares blindadas localizadas na base.<\/p>\n<p><strong>DESCRI\u00c7\u00c3O DETALHADA<\/strong><\/p>\n<p>Estrutura externa com chapa de a\u00e7o revestida em ep\u00f3xi eletrost\u00e1tico cor Cinza, (cat\u00e1logo de cor cinza Haut 7035), c\u00e2mara interna em a\u00e7o inoxid\u00e1vel 430 com polimento tipo espelho;<\/p>\n<p>C\u00e2mara de aquecimento com circula\u00e7\u00e3o do ar por convec\u00e7\u00e3o natural;<\/p>\n<p>Porta com abertura para a direita, permitindo a f\u00e1cil coloca\u00e7\u00e3o e retirada dos materiais no interior da c\u00e2mara;<\/p>\n<p>Porta com sistema magn\u00e9tico para oferecer um bom fechamento;<\/p>\n<p>Veda\u00e7\u00e3o da porta com perfil de silicone;<\/p>\n<p>2 Trilhos na c\u00e2mara interna para movimentar a bandeja;<\/p>\n<p>Faixa de trabalho at\u00e9 200 \u00baC;<\/p>\n<p>Controlador eletr\u00f4nico microprocessado, programa\u00e7\u00e3o e indica\u00e7\u00e3o digital da temperatura atrav\u00e9s de term\u00f4metro digital com as fun\u00e7\u00f5es, program\u00e1vel de: timer, set point e PID com auto-tuning, resolu\u00e7\u00e3o de\u00b1 1\u00baC;<\/p>\n<p>Dupla fun\u00e7\u00e3o de display, sendo um para a programa\u00e7\u00e3o e outro para indica\u00e7\u00e3o digital da temperatura;<\/p>\n<p>Timer com alarme sonoro. Temperatura m\u00ednima 15\u00baC acima da temperatura ambiente, homogeneidade do sistema: \u00b1 4 \u00baC;<\/p>\n<p>Sensor de temperatura tipo J conforme norma ASTM E 230;<\/p>\n<p>Termostato de seguran\u00e7a tipo capilar com bulbo graduado de 50 a 300\u00baC regul\u00e1vel pelo operador<\/p>\n<p>Sistema bi volt para a tens\u00e3o de alimenta\u00e7\u00e3o;<\/p>\n<p>Sa\u00edda de fluxo de ar superior com orif\u00edcio central para acomoda\u00e7\u00e3o de term\u00f4metro;<\/p>\n<p>Acompanha 1 prateleira e manual de instru\u00e7\u00f5es;<\/p>\n<p>Cabo de energia el\u00e9trica com dupla isola\u00e7\u00e3o e plug de tr\u00eas pinos, duas fases e um terra NBR 14136;<\/p>\n<p>N\u00e3o serve para evaporar solventes e n\u00e3o s\u00e3o a prova de explos\u00f5es.<\/p>\n","protected":false},"excerpt":{"rendered":"<p>Indicada para uso em consult\u00f3rio m\u00e9dico, odontol\u00f3gico, esteticista, laborat\u00f3rios, podologia, farm\u00e1cia com manipula\u00e7\u00e3o, instrumentos cir\u00fargicos, odontol\u00f3gicos e veterin\u00e1rios, secagem de vidrarias entre outros.<\/p>\n","protected":false},"featured_media":7768,"comment_status":"open","ping_status":"closed","template":"","meta":[],"product_brand":[],"product_cat":[535,546],"product_tag":[],"class_list":{"0":"post-7770","1":"product","2":"type-product","3":"status-publish","4":"has-post-thumbnail","6":"product_cat-equipamentos-medicina","7":"product_cat-equipamentos-odontologia","8":"pa_volumes-21l","9":"pa_volumes-30l","10":"pa_volumes-40l","11":"pa_volumes-85l","13":"first","14":"onbackorder","15":"shipping-taxable","16":"product-type-simple"},"_links":{"self":[{"href":"https:\/\/www.brmedal.com.br\/index.php?rest_route=\/wp\/v2\/product\/7770","targetHints":{"allow":["GET"]}}],"collection":[{"href":"https:\/\/www.brmedal.com.br\/index.php?rest_route=\/wp\/v2\/product"}],"about":[{"href":"https:\/\/www.brmedal.com.br\/index.php?rest_route=\/wp\/v2\/types\/product"}],"replies":[{"embeddable":true,"href":"https:\/\/www.brmedal.com.br\/index.php?rest_route=%2Fwp%2Fv2%2Fcomments&post=7770"}],"wp:featuredmedia":[{"embeddable":true,"href":"https:\/\/www.brmedal.com.br\/index.php?rest_route=\/wp\/v2\/media\/7768"}],"wp:attachment":[{"href":"https:\/\/www.brmedal.com.br\/index.php?rest_route=%2Fwp%2Fv2%2Fmedia&parent=7770"}],"wp:term":[{"taxonomy":"product_brand","embeddable":true,"href":"https:\/\/www.brmedal.com.br\/index.php?rest_route=%2Fwp%2Fv2%2Fproduct_brand&post=7770"},{"taxonomy":"product_cat","embeddable":true,"href":"https:\/\/www.brmedal.com.br\/index.php?rest_route=%2Fwp%2Fv2%2Fproduct_cat&post=7770"},{"taxonomy":"product_tag","embeddable":true,"href":"https:\/\/www.brmedal.com.br\/index.php?rest_route=%2Fwp%2Fv2%2Fproduct_tag&post=7770"}],"curies":[{"name":"wp","href":"https:\/\/api.w.org\/{rel}","templated":true}]}}