{"id":7851,"date":"2019-05-09T12:46:00","date_gmt":"2019-05-09T15:46:00","guid":{"rendered":"https:\/\/www.brmedal.com.br\/product\/estufa-de-cultura-bacteriologica-digital-timer-micro-processadas\/"},"modified":"2022-10-29T11:57:06","modified_gmt":"2022-10-29T14:57:06","slug":"estufa-de-cultura-bacteriologica-digital-timer-micro-processadas","status":"publish","type":"product","link":"https:\/\/www.brmedal.com.br\/?product=estufa-de-cultura-bacteriologica-digital-timer-micro-processadas","title":{"rendered":"Estufa de Cultura Bacteriol\u00f3gica &#8211; Digital Timer Micro processadas"},"content":{"rendered":"<p><strong>CARACTER\u00cdSTICAS DO PRODUTO<\/strong><\/p>\n<p>As estufas bacteriol\u00f3gicas s\u00e3o utilizadas nos laborat\u00f3rios de investiga\u00e7\u00e3o, laborat\u00f3rios de patologias cl\u00ednicas, microbiologia, onde praticamente todas as culturas s\u00e3o incubadas \u00e0 temperatura constante (geralmente 36,5\u00b0C) por tempo vari\u00e1vel, para crescimento e multiplica\u00e7\u00e3o dos micro-organismos;<\/p>\n<p>Estrutura externa com chapa de a\u00e7o revestida em ep\u00f3xi eletrost\u00e1tico cor Cinza, (cat\u00e1logo de cor cinza Haut 7035), c\u00e2mara interna em a\u00e7o inoxid\u00e1vel 430 com polimento tipo espelho;<\/p>\n<p>C\u00e2mara de aquecimento com circula\u00e7\u00e3o do ar por convec\u00e7\u00e3o natural;<\/p>\n<p>2 trilhos na c\u00e2mara interna para movimentar a bandeja;<\/p>\n<p>Porta \u00e0 esquerda e abertura para a direita, permitindo a f\u00e1cil coloca\u00e7\u00e3o e retirada dos materiais no interior da c\u00e2mara;<\/p>\n<p>Porta com sistema de fecho magn\u00e9tico para oferecer um bom fechamento;<\/p>\n<p>Visualiza\u00e7\u00e3o da parte interna da c\u00e2mara na pr\u00f3pria porta, atrav\u00e9s de vidro temperado, evitando a perda de calor e a estabilidade t\u00e9rmica;<\/p>\n<p>Ilumina\u00e7\u00e3o da c\u00e2mara de trabalho com acionamento da tecla localizada no painel;<\/p>\n<p>Faixa de trabalho at\u00e9 60 \u00baC;<\/p>\n<p>Controlador eletr\u00f4nico micro processado, programa\u00e7\u00e3o e indica\u00e7\u00e3o digital da temperatura atrav\u00e9s de term\u00f4metro digital com as fun\u00e7\u00f5es, program\u00e1vel de: timer, set point e PID com auto-tunig;<\/p>\n<p>Dupla fun\u00e7\u00e3o de display, sendo uma para a programa\u00e7\u00e3o e outra para indica\u00e7\u00e3o digital da temperatura. Resolu\u00e7\u00e3o de leitura 0,1\u00baC;<\/p>\n<p>Timer program\u00e1vel com alarme sonoro;<\/p>\n<p>Acompanha 1 prateleira e manual de instru\u00e7\u00f5es;<\/p>\n<p>Sensor de temperatura tipo NTC;<\/p>\n<p>Precis\u00e3o do sistema de aproximadamente 0,5\u00baC<\/p>\n<p>Homogeneidade do sistema: \u00b1 2 \u00baC;<\/p>\n<p>Termostato de seguran\u00e7a tipo capilar com bulbo graduado de 10\u00ba a 60\u00baC regul\u00e1vel pelo operador<\/p>\n<p>Sistema bivolt para a tens\u00e3o de alimenta\u00e7\u00e3o;<\/p>\n<p>Sa\u00edda de fluxo de ar superior com orif\u00edcio central para acomoda\u00e7\u00e3o de term\u00f4metro;<\/p>\n<p>Cabo de energia el\u00e9trica com plug de tr\u00eas pinos, duas fases e um terra NBR 14136;<\/p>\n<p>N\u00e3o serve para evaporar solventes e n\u00e3o s\u00e3o a prova de explos\u00f5es.<\/p>\n","protected":false},"excerpt":{"rendered":"<p>Estufa Micro processada de Cultura e Bacteriologia, c\u00e2mara interna em a\u00e7o inoxid\u00e1vel 430 tipo espelho, com sistema de convec\u00e7\u00e3o natural do ar, e sistema de aquecimento por duas resist\u00eancias tubulares blindadas localizadas na base;<\/p>\n","protected":false},"featured_media":7839,"comment_status":"open","ping_status":"closed","template":"","meta":[],"product_brand":[],"product_cat":[546,535],"product_tag":[],"class_list":{"0":"post-7851","1":"product","2":"type-product","3":"status-publish","4":"has-post-thumbnail","6":"product_cat-equipamentos-odontologia","7":"product_cat-equipamentos-medicina","8":"pa_volumes-100l","9":"pa_volumes-150l","10":"pa_volumes-21l","11":"pa_volumes-30l","12":"pa_volumes-40l","13":"pa_volumes-85l","15":"first","16":"onbackorder","17":"shipping-taxable","18":"product-type-simple"},"_links":{"self":[{"href":"https:\/\/www.brmedal.com.br\/index.php?rest_route=\/wp\/v2\/product\/7851","targetHints":{"allow":["GET"]}}],"collection":[{"href":"https:\/\/www.brmedal.com.br\/index.php?rest_route=\/wp\/v2\/product"}],"about":[{"href":"https:\/\/www.brmedal.com.br\/index.php?rest_route=\/wp\/v2\/types\/product"}],"replies":[{"embeddable":true,"href":"https:\/\/www.brmedal.com.br\/index.php?rest_route=%2Fwp%2Fv2%2Fcomments&post=7851"}],"wp:featuredmedia":[{"embeddable":true,"href":"https:\/\/www.brmedal.com.br\/index.php?rest_route=\/wp\/v2\/media\/7839"}],"wp:attachment":[{"href":"https:\/\/www.brmedal.com.br\/index.php?rest_route=%2Fwp%2Fv2%2Fmedia&parent=7851"}],"wp:term":[{"taxonomy":"product_brand","embeddable":true,"href":"https:\/\/www.brmedal.com.br\/index.php?rest_route=%2Fwp%2Fv2%2Fproduct_brand&post=7851"},{"taxonomy":"product_cat","embeddable":true,"href":"https:\/\/www.brmedal.com.br\/index.php?rest_route=%2Fwp%2Fv2%2Fproduct_cat&post=7851"},{"taxonomy":"product_tag","embeddable":true,"href":"https:\/\/www.brmedal.com.br\/index.php?rest_route=%2Fwp%2Fv2%2Fproduct_tag&post=7851"}],"curies":[{"name":"wp","href":"https:\/\/api.w.org\/{rel}","templated":true}]}}