{"id":7907,"date":"2019-05-09T13:39:29","date_gmt":"2019-05-09T16:39:29","guid":{"rendered":"https:\/\/www.brmedal.com.br\/product\/chapa-aquecedora-analogica-sxca-53-plataforma-50-x-30-cm\/"},"modified":"2022-10-29T11:41:06","modified_gmt":"2022-10-29T14:41:06","slug":"chapa-aquecedora-analogica-sxca-53-plataforma-50-x-30-cm","status":"publish","type":"product","link":"https:\/\/www.brmedal.com.br\/?product=chapa-aquecedora-analogica-sxca-53-plataforma-50-x-30-cm","title":{"rendered":"Chapa Aquecedora Anal\u00f3gica &#8211; SXCA 5.3 &#8211; Plataforma 50 x 30 cm"},"content":{"rendered":"<p><strong>CARACTER\u00cdSTICAS DO PRODUTO<\/strong><\/p>\n<p>Chapa Aquecedora Anal\u00f3gica retangular, modelo SXCA 5.3, compacta, com resist\u00eancia tubular blindada incorporada 42 x 25 cm, 2.000 watts, 220 volts, temperatura indicada por dial graduado e controlada por termostato capilar de 50\u00ba \u00e0 300\u00baC, constru\u00eddo em a\u00e7o carbono com pintura ep\u00f3xi eletrost\u00e1tico na cor cinza.<\/p>\n<p><strong>DESCRI\u00c7\u00c3O DETALHADA<\/strong><\/p>\n<p>Chapa aquecedora el\u00e9trica com temperatura regul\u00e1vel at\u00e9 300\u00baC, compacta, gabinete constru\u00eddo inteiramente em a\u00e7o carbono tratado por m\u00e9todo qu\u00edmico contra corros\u00e3o, revestido em pintura eletrost\u00e1tica na cor cinza Haut 7035;<\/p>\n<p>Plataforma 30 x 50 mm conforme op\u00e7\u00e3o abaixo;<\/p>\n<p>Temperatura de trabalho de 50 \u00baC at\u00e9 300\u00baC m\u00e1ximo;<\/p>\n<p>Controle de temperatura atrav\u00e9s de termostato anal\u00f3gico at\u00e9 300\u00baC;<\/p>\n<p>Precis\u00e3o do indicador de controle +\/- 10\u00baC;<\/p>\n<p>Potencia da resist\u00eancia 2.000 Watts;<\/p>\n<p>Base da resist\u00eancia em a\u00e7o inox;<\/p>\n<p>Sistema de aquecimento \u00e9 proporcionado por uma resist\u00eancia tubular blindada localizada abaixo da base superior;<\/p>\n<p>Chave Liga \/ Desliga;<\/p>\n<p>Disjuntor localizado na parte traseira da placa aquecedora;<\/p>\n<p>Cabo de liga\u00e7\u00e3o PP 3 x 15 mm acoplado ao aparelho;<\/p>\n<p>Tens\u00e3o 220 Volts;<\/p>\n<p>Isola\u00e7\u00e3o t\u00e9rmica da resist\u00eancia feita de l\u00e3 roofing aumentando a efici\u00eancia do equipamento;<\/p>\n<p>Painel com l\u00e2mpada piloto;<\/p>\n<p>Plataforma em alum\u00ednio polido;<\/p>\n","protected":false},"excerpt":{"rendered":"<p>Indicado para uso em laborat\u00f3rio, para aquecimento no preparo de solu\u00e7\u00f5es e evapora\u00e7\u00e3o de solventes.<\/p>\n","protected":false},"featured_media":7902,"comment_status":"open","ping_status":"closed","template":"","meta":[],"product_brand":[],"product_cat":[535,546],"product_tag":[],"class_list":{"0":"post-7907","1":"product","2":"type-product","3":"status-publish","4":"has-post-thumbnail","6":"product_cat-equipamentos-medicina","7":"product_cat-equipamentos-odontologia","9":"first","10":"onbackorder","11":"shipping-taxable","12":"purchasable","13":"product-type-simple"},"_links":{"self":[{"href":"https:\/\/www.brmedal.com.br\/index.php?rest_route=\/wp\/v2\/product\/7907","targetHints":{"allow":["GET"]}}],"collection":[{"href":"https:\/\/www.brmedal.com.br\/index.php?rest_route=\/wp\/v2\/product"}],"about":[{"href":"https:\/\/www.brmedal.com.br\/index.php?rest_route=\/wp\/v2\/types\/product"}],"replies":[{"embeddable":true,"href":"https:\/\/www.brmedal.com.br\/index.php?rest_route=%2Fwp%2Fv2%2Fcomments&post=7907"}],"wp:featuredmedia":[{"embeddable":true,"href":"https:\/\/www.brmedal.com.br\/index.php?rest_route=\/wp\/v2\/media\/7902"}],"wp:attachment":[{"href":"https:\/\/www.brmedal.com.br\/index.php?rest_route=%2Fwp%2Fv2%2Fmedia&parent=7907"}],"wp:term":[{"taxonomy":"product_brand","embeddable":true,"href":"https:\/\/www.brmedal.com.br\/index.php?rest_route=%2Fwp%2Fv2%2Fproduct_brand&post=7907"},{"taxonomy":"product_cat","embeddable":true,"href":"https:\/\/www.brmedal.com.br\/index.php?rest_route=%2Fwp%2Fv2%2Fproduct_cat&post=7907"},{"taxonomy":"product_tag","embeddable":true,"href":"https:\/\/www.brmedal.com.br\/index.php?rest_route=%2Fwp%2Fv2%2Fproduct_tag&post=7907"}],"curies":[{"name":"wp","href":"https:\/\/api.w.org\/{rel}","templated":true}]}}