{"id":849,"date":"2017-10-13T12:20:31","date_gmt":"2017-10-13T15:20:31","guid":{"rendered":"https:\/\/www.brmedal.com.br\/product\/sprue-com-camera-de-compensacao-100-unidades\/"},"modified":"2022-11-11T13:09:21","modified_gmt":"2022-11-11T16:09:21","slug":"sprue-com-camera-de-compensacao-100-unidades","status":"publish","type":"product","link":"https:\/\/www.brmedal.com.br\/?product=sprue-com-camera-de-compensacao-100-unidades","title":{"rendered":"Sprue com C\u00e2mera de Compensa\u00e7\u00e3o \u2013 120 Unidades Pequeno"},"content":{"rendered":"","protected":false},"excerpt":{"rendered":"<p>Utilizado como condutor da cer\u00e2mica prensada e\/ou metal no momento da prensagem e\/ou fundi\u00e7\u00e3o.<\/p>\n<p>Pequeno Di\u00e2metro 5 x 12mm de compri. (Canal de Enchimento) Embalagem com 6 Unidades<\/p>\n","protected":false},"featured_media":847,"comment_status":"open","ping_status":"closed","template":"","meta":[],"product_brand":[],"product_cat":[540,558,564],"product_tag":[],"class_list":{"0":"post-849","1":"product","2":"type-product","3":"status-publish","4":"has-post-thumbnail","6":"product_cat-dentistica-e-estetica","7":"product_cat-moldagem","8":"product_cat-prevencao-profilaxia","10":"first","11":"onbackorder","12":"shipping-taxable","13":"purchasable","14":"product-type-simple"},"_links":{"self":[{"href":"https:\/\/www.brmedal.com.br\/index.php?rest_route=\/wp\/v2\/product\/849","targetHints":{"allow":["GET"]}}],"collection":[{"href":"https:\/\/www.brmedal.com.br\/index.php?rest_route=\/wp\/v2\/product"}],"about":[{"href":"https:\/\/www.brmedal.com.br\/index.php?rest_route=\/wp\/v2\/types\/product"}],"replies":[{"embeddable":true,"href":"https:\/\/www.brmedal.com.br\/index.php?rest_route=%2Fwp%2Fv2%2Fcomments&post=849"}],"wp:featuredmedia":[{"embeddable":true,"href":"https:\/\/www.brmedal.com.br\/index.php?rest_route=\/wp\/v2\/media\/847"}],"wp:attachment":[{"href":"https:\/\/www.brmedal.com.br\/index.php?rest_route=%2Fwp%2Fv2%2Fmedia&parent=849"}],"wp:term":[{"taxonomy":"product_brand","embeddable":true,"href":"https:\/\/www.brmedal.com.br\/index.php?rest_route=%2Fwp%2Fv2%2Fproduct_brand&post=849"},{"taxonomy":"product_cat","embeddable":true,"href":"https:\/\/www.brmedal.com.br\/index.php?rest_route=%2Fwp%2Fv2%2Fproduct_cat&post=849"},{"taxonomy":"product_tag","embeddable":true,"href":"https:\/\/www.brmedal.com.br\/index.php?rest_route=%2Fwp%2Fv2%2Fproduct_tag&post=849"}],"curies":[{"name":"wp","href":"https:\/\/api.w.org\/{rel}","templated":true}]}}