{"id":8553,"date":"2019-05-14T14:25:47","date_gmt":"2019-05-14T17:25:47","guid":{"rendered":"https:\/\/www.brmedal.com.br\/product\/cama-fawler-luxo\/"},"modified":"2022-10-29T11:33:23","modified_gmt":"2022-10-29T14:33:23","slug":"cama-fawler-luxo","status":"publish","type":"product","link":"https:\/\/www.brmedal.com.br\/?product=cama-fawler-luxo","title":{"rendered":"CAMA FAWLER LUXO"},"content":{"rendered":"<table>\n<tbody>\n<tr>\n<td>&#8211; Cabeceira e peseira em tubo quadrado de 40 x 40mm x 1,2mm, revestida\u00a0em f\u00f3rmica com acabamento nas bordas com cinta de a\u00e7o inox. &#8211; Estrutura do\u00a0estrado constru\u00eddo em longarinas de a\u00e7o perfilados em U com 3,2mm perfilados em U. &#8211; \u00a0Estrado articulado em chapa de a\u00e7o 1,5mm. &#8211; Permite\u00a0os movimentos Fawler, Trendelemburg, Dorso, Joelhos e Vascular, comandados por duas manivelas escamote\u00e1veis cromadas com cabo de baquelite. &#8211; Sistema de acionamento dos movimentos em\u00a0tubo redondo\u00a0de 35mm\u00a0x 1,5mm. &#8211; Grades laterais de abaixar em tubo de a\u00e7o esmaltados &#8211; Tratamento antiferruginoso, acabamento em pintura eletrost\u00e1tica a p\u00f3 com resina ep\u00f3xi-poli\u00e9ster e polimerizado em estufa de excelente resist\u00eancia qu\u00edmica e\u00a0mec\u00e2nica. &#8211; Rod\u00edzios de 75mm de di\u00e2metro, com freios de dupla a\u00e7\u00e3o em diagonal. &#8211; Capacidade 180 kg. &#8211; ANVISA: 80172589002<\/td>\n<\/tr>\n<tr>\n<td><strong>DIMENS\u00d5ES<\/strong><\/p>\n<p>&#8211; Externas: 2,05 x 1,00 x 0,68m<br \/>\n&#8211; Internas: 1,90 x 0,90m<\/p>\n<p>&nbsp;<\/td>\n<\/tr>\n<tr>\n<td><strong>OPCIONAIS<\/strong><\/p>\n<p>&#8211; Motorizada<br \/>\n&#8211; Leito inox<br \/>\n&#8211; Leito perfurado<br \/>\n&#8211; Grades laterais inox<br \/>\n&#8211; Suporte para soro<br \/>\n&#8211; Varia\u00e7\u00e3o do di\u00e2metro dos rod\u00edzios<\/td>\n<\/tr>\n<\/tbody>\n<\/table>\n","protected":false},"excerpt":{"rendered":"<p>&nbsp;<\/p>\n<p>&nbsp;<\/p>\n","protected":false},"featured_media":8546,"comment_status":"open","ping_status":"closed","template":"","meta":[],"product_brand":[],"product_cat":[553],"product_tag":[],"class_list":{"0":"post-8553","1":"product","2":"type-product","3":"status-publish","4":"has-post-thumbnail","6":"product_cat-mobiliario","8":"first","9":"onbackorder","10":"shipping-taxable","11":"purchasable","12":"product-type-simple"},"_links":{"self":[{"href":"https:\/\/www.brmedal.com.br\/index.php?rest_route=\/wp\/v2\/product\/8553","targetHints":{"allow":["GET"]}}],"collection":[{"href":"https:\/\/www.brmedal.com.br\/index.php?rest_route=\/wp\/v2\/product"}],"about":[{"href":"https:\/\/www.brmedal.com.br\/index.php?rest_route=\/wp\/v2\/types\/product"}],"replies":[{"embeddable":true,"href":"https:\/\/www.brmedal.com.br\/index.php?rest_route=%2Fwp%2Fv2%2Fcomments&post=8553"}],"wp:featuredmedia":[{"embeddable":true,"href":"https:\/\/www.brmedal.com.br\/index.php?rest_route=\/wp\/v2\/media\/8546"}],"wp:attachment":[{"href":"https:\/\/www.brmedal.com.br\/index.php?rest_route=%2Fwp%2Fv2%2Fmedia&parent=8553"}],"wp:term":[{"taxonomy":"product_brand","embeddable":true,"href":"https:\/\/www.brmedal.com.br\/index.php?rest_route=%2Fwp%2Fv2%2Fproduct_brand&post=8553"},{"taxonomy":"product_cat","embeddable":true,"href":"https:\/\/www.brmedal.com.br\/index.php?rest_route=%2Fwp%2Fv2%2Fproduct_cat&post=8553"},{"taxonomy":"product_tag","embeddable":true,"href":"https:\/\/www.brmedal.com.br\/index.php?rest_route=%2Fwp%2Fv2%2Fproduct_tag&post=8553"}],"curies":[{"name":"wp","href":"https:\/\/api.w.org\/{rel}","templated":true}]}}