{"id":861,"date":"2017-10-16T07:23:17","date_gmt":"2017-10-16T10:23:17","guid":{"rendered":"https:\/\/www.brmedal.com.br\/product\/autoclave-vitale-class-12-litros\/"},"modified":"2022-11-11T12:34:28","modified_gmt":"2022-11-11T15:34:28","slug":"autoclave-vitale-class-12-litros","status":"publish","type":"product","link":"https:\/\/www.brmedal.com.br\/?product=autoclave-vitale-class-12-litros","title":{"rendered":"Autoclave Vitale Class 12 litros"},"content":{"rendered":"<p>Autoclave para esteriliza\u00e7\u00e3o a vapor sob press\u00e3o. Ideal para consult\u00f3rios odontol\u00f3gicos (cl\u00ednica geral, endodontia, odontopediatria, ortodontia, pr\u00f3tese, dent\u00edstica e est\u00e9tica) e consult\u00f3rios m\u00e9dicos (dermatologia e oftalmologia).<\/p>\n<p>Equipamento produzido dentro dos mais r\u00edgidos padr\u00f5es de qualidade, com sistema de rastreabilidade que cumpre a norma NBR ISO 13485. \u00c9 necess\u00e1rio realizar o desbloqueio antes do primeiro uso, garantindo assim seguran\u00e7a e rastreabilidade do produto.<\/p>\n<ul>\n<li>\u00a0\u00a0\u00a0\u00a0\u00a0\u00a0\u00a0 Capacidade\u00a0 12 litros.<\/li>\n<li>\u00a0\u00a0\u00a0\u00a0\u00a0\u00a0\u00a0 Bivolt autom\u00e1tico.<\/li>\n<li>\u00a0\u00a0\u00a0\u00a0\u00a0\u00a0\u00a0 Design inovador.<\/li>\n<li>\u00a0\u00a0\u00a0\u00a0\u00a0\u00a0\u00a0 Exclusivo sistema de rastreabilidade.<\/li>\n<li>\u00a0\u00a0\u00a0\u00a0\u00a0\u00a0\u00a0 Sistema inovador de ajuste<\/li>\n<li>\u00a0\u00a0\u00a0\u00a0\u00a0\u00a0\u00a0 de altitude autom\u00e1tico.<\/li>\n<li>\u00a0\u00a0\u00a0\u00a0\u00a0\u00a0\u00a0 Digital, f\u00e1cil manuseio.<\/li>\n<li>\u00a0\u00a0\u00a0\u00a0\u00a0\u00a0\u00a0 Tampa e c\u00e2mara em inox.<\/li>\n<li>\u00a0\u00a0\u00a0\u00a0\u00a0\u00a0\u00a0 Possui ciclo \u00fanico de esteriliza\u00e7\u00e3o.<\/li>\n<li>\u00a0\u00a0\u00a0\u00a0\u00a0\u00a0\u00a0 21 sistemas de seguran\u00e7a.<\/li>\n<li>\u00a0\u00a0\u00a0\u00a0\u00a0\u00a0\u00a0 Teclado de controle na cor azul.<\/li>\n<li>\u00a0\u00a0\u00a0\u00a0\u00a0\u00a0\u00a0 Secagem ultra eficiente com porta entreaberta.<\/li>\n<li>\u00a0\u00a0\u00a0\u00a0\u00a0\u00a0\u00a0 Consumo de Energia\u00a0\u00a0\u00a0\u00a0 127 V &#8211; 220 Watts\/hora 220 V &#8211; 445 Watts\/hora<\/li>\n<li>\u00a0\u00a0\u00a0\u00a0\u00a0\u00a0\u00a0 Cor branca com teclado de controle na cor azul<\/li>\n<li>\u00a0\u00a0\u00a0\u00a0\u00a0\u00a0\u00a0 C\u00e2mara\u00a0 em a\u00e7o inox<\/li>\n<li>\u00a0\u00a0\u00a0\u00a0\u00a0\u00a0\u00a0 Pot\u00eancia\u00a0\u00a0\u00a0\u00a0 1.100 Watts<\/li>\n<li>\u00a0\u00a0\u00a0\u00a0\u00a0\u00a0\u00a0 Voltagem\u00a0\u00a0 Bilvot Autom\u00e1tico<\/li>\n<li>\u00a0\u00a0\u00a0\u00a0\u00a0\u00a0\u00a0 Frequ\u00eancia50\/60 Hz<\/li>\n<\/ul>\n","protected":false},"excerpt":{"rendered":"<p>Autoclave para esteriliza\u00e7\u00e3o a vapor sob press\u00e3o. Ideal para consult\u00f3rios odontol\u00f3gicos (cl\u00ednica geral, endodontia, odontopediatria, ortodontia, pr\u00f3tese, dent\u00edstica e est\u00e9tica) e consult\u00f3rios m\u00e9dicos (dermatologia e oftalmologia).<strong>\u00a0<\/strong><\/p>\n","protected":false},"featured_media":860,"comment_status":"open","ping_status":"closed","template":"","meta":[],"product_brand":[],"product_cat":[535,546],"product_tag":[],"class_list":{"0":"post-861","1":"product","2":"type-product","3":"status-publish","4":"has-post-thumbnail","6":"product_cat-equipamentos-medicina","7":"product_cat-equipamentos-odontologia","9":"first","10":"onbackorder","11":"shipping-taxable","12":"purchasable","13":"product-type-simple"},"_links":{"self":[{"href":"https:\/\/www.brmedal.com.br\/index.php?rest_route=\/wp\/v2\/product\/861","targetHints":{"allow":["GET"]}}],"collection":[{"href":"https:\/\/www.brmedal.com.br\/index.php?rest_route=\/wp\/v2\/product"}],"about":[{"href":"https:\/\/www.brmedal.com.br\/index.php?rest_route=\/wp\/v2\/types\/product"}],"replies":[{"embeddable":true,"href":"https:\/\/www.brmedal.com.br\/index.php?rest_route=%2Fwp%2Fv2%2Fcomments&post=861"}],"wp:featuredmedia":[{"embeddable":true,"href":"https:\/\/www.brmedal.com.br\/index.php?rest_route=\/wp\/v2\/media\/860"}],"wp:attachment":[{"href":"https:\/\/www.brmedal.com.br\/index.php?rest_route=%2Fwp%2Fv2%2Fmedia&parent=861"}],"wp:term":[{"taxonomy":"product_brand","embeddable":true,"href":"https:\/\/www.brmedal.com.br\/index.php?rest_route=%2Fwp%2Fv2%2Fproduct_brand&post=861"},{"taxonomy":"product_cat","embeddable":true,"href":"https:\/\/www.brmedal.com.br\/index.php?rest_route=%2Fwp%2Fv2%2Fproduct_cat&post=861"},{"taxonomy":"product_tag","embeddable":true,"href":"https:\/\/www.brmedal.com.br\/index.php?rest_route=%2Fwp%2Fv2%2Fproduct_tag&post=861"}],"curies":[{"name":"wp","href":"https:\/\/api.w.org\/{rel}","templated":true}]}}