{"id":8622,"date":"2019-05-15T09:02:13","date_gmt":"2019-05-15T12:02:13","guid":{"rendered":"https:\/\/www.brmedal.com.br\/product\/cama-fawler-super-luxo-com-cabeceirapeseira-injetadas\/"},"modified":"2022-10-29T00:54:48","modified_gmt":"2022-10-29T03:54:48","slug":"cama-fawler-super-luxo-com-cabeceirapeseira-injetadas","status":"publish","type":"product","link":"https:\/\/www.brmedal.com.br\/?product=cama-fawler-super-luxo-com-cabeceirapeseira-injetadas","title":{"rendered":"CAMA FAWLER SUPER LUXO COM CABECEIRA\/PESEIRA INJETADAS"},"content":{"rendered":"<table>\n<tbody>\n<tr>\n<td>&#8211; Cabeceira e peseira remov\u00edveis em poliuretano injetado &#8211; Base em tubo quadrado 40 x 40 x 1,5mm com p\u00e9s recuados &#8211; Estrutura do estrado constru\u00eddo em longarinas de a\u00e7o de 3,2mm perfilados em U &#8211; Estrado articulado em chapa de a\u00e7o 1,5mm &#8211; Movimentos acionados atrav\u00e9s de duas manivelas escamote\u00e1veis cromadas com cabo de baquelite &#8211; Sistema de acionamento dos movimentos em tubo redondo de 35 x 1,5mm &#8211; Grades laterais de abaixar em tubos de a\u00e7o inox &#8211; P\u00e1ra-choque de borracha redondo na cabeceira e peseira para prote\u00e7\u00e3o de parede &#8211; Rod\u00edzios de 75mm de di\u00e2metro com freios de dupla a\u00e7\u00e3o em diagonal &#8211; Capacidade de 180kg.<\/td>\n<\/tr>\n<tr>\n<td><strong>DIMENS\u00d5ES<\/strong><\/p>\n<p>&#8211; Externas: 2,10 x 1,00 x 0,68m<br \/>\n&#8211; Internas: 1,90 x 0,90m<\/p>\n<p>&nbsp;<\/td>\n<\/tr>\n<tr>\n<td><strong>OPCIONAIS<\/strong><\/p>\n<p>&#8211; Motorizada<br \/>\n&#8211; Cabeceira\/Peseira tubulares<br \/>\n&#8211; Grades laterais esmaltadas e injetadas<br \/>\n&#8211; Grades em toda extens\u00e3o do leito<br \/>\n&#8211; Suporte para bolsa de drenagem<br \/>\n&#8211; Leito inox<br \/>\n&#8211; Leito perfurado<br \/>\n&#8211; Suporte para soro<br \/>\n&#8211; Base termopl\u00e1stica<br \/>\n&#8211; Varia\u00e7\u00e3o do di\u00e2metro dos rod\u00edzios<br \/>\n&#8211; Varia\u00e7\u00e3o nas dimens\u00f5es<\/td>\n<\/tr>\n<\/tbody>\n<\/table>\n","protected":false},"excerpt":{"rendered":"<p>&#8211; Cabeceira e peseira remov\u00edveis em poliuretano injetado &#8211; Base em tubo quadrado 40 x 40 x 1,5mm com p\u00e9s recuados &#8211; Estrutura do estrado constru\u00eddo<span class=\"excerpt-hellip\"> [\u2026]<\/span><\/p>\n","protected":false},"featured_media":8619,"comment_status":"open","ping_status":"closed","template":"","meta":[],"product_brand":[],"product_cat":[509,553],"product_tag":[],"class_list":{"0":"post-8622","1":"product","2":"type-product","3":"status-publish","4":"has-post-thumbnail","6":"product_cat-medicina","7":"product_cat-mobiliario","9":"first","10":"onbackorder","11":"shipping-taxable","12":"purchasable","13":"product-type-simple"},"_links":{"self":[{"href":"https:\/\/www.brmedal.com.br\/index.php?rest_route=\/wp\/v2\/product\/8622","targetHints":{"allow":["GET"]}}],"collection":[{"href":"https:\/\/www.brmedal.com.br\/index.php?rest_route=\/wp\/v2\/product"}],"about":[{"href":"https:\/\/www.brmedal.com.br\/index.php?rest_route=\/wp\/v2\/types\/product"}],"replies":[{"embeddable":true,"href":"https:\/\/www.brmedal.com.br\/index.php?rest_route=%2Fwp%2Fv2%2Fcomments&post=8622"}],"wp:featuredmedia":[{"embeddable":true,"href":"https:\/\/www.brmedal.com.br\/index.php?rest_route=\/wp\/v2\/media\/8619"}],"wp:attachment":[{"href":"https:\/\/www.brmedal.com.br\/index.php?rest_route=%2Fwp%2Fv2%2Fmedia&parent=8622"}],"wp:term":[{"taxonomy":"product_brand","embeddable":true,"href":"https:\/\/www.brmedal.com.br\/index.php?rest_route=%2Fwp%2Fv2%2Fproduct_brand&post=8622"},{"taxonomy":"product_cat","embeddable":true,"href":"https:\/\/www.brmedal.com.br\/index.php?rest_route=%2Fwp%2Fv2%2Fproduct_cat&post=8622"},{"taxonomy":"product_tag","embeddable":true,"href":"https:\/\/www.brmedal.com.br\/index.php?rest_route=%2Fwp%2Fv2%2Fproduct_tag&post=8622"}],"curies":[{"name":"wp","href":"https:\/\/api.w.org\/{rel}","templated":true}]}}