{"id":8649,"date":"2019-05-15T10:13:10","date_gmt":"2019-05-15T13:13:10","guid":{"rendered":"https:\/\/www.brmedal.com.br\/product\/diva-para-exame\/"},"modified":"2022-10-29T00:49:19","modified_gmt":"2022-10-29T03:49:19","slug":"diva-para-exame","status":"publish","type":"product","link":"https:\/\/www.brmedal.com.br\/?product=diva-para-exame","title":{"rendered":"DIV\u00c3 PARA EXAME"},"content":{"rendered":"<p><strong>DESCRI\u00c7\u00c3O CONSTRUTIVA:<\/strong><\/p>\n<p>ESTRUTURA: Constru\u00edda em tubo de a\u00e7o redondo de 38,75 x 1,2 mm.<\/p>\n<p>LEITO: Estofado em espuma de poliuretano, revestido em courvim, com cabeceira regul\u00e1vel atrav\u00e9s de cremalheira.<\/p>\n<p>P\u00c9S: Com ponteiras.<\/p>\n<p><strong>\u00a0<\/strong><\/p>\n<p><strong>ESPECIFICA\u00c7\u00d5ES:<\/strong><\/p>\n<p>Dimens\u00f5es\u00a01,90 x 0,60 x 0,80 m<\/p>\n<p>Capacidade\u00a0120 kg<\/p>\n<p><strong>\u00a0<\/strong><\/p>\n<p><strong>OPCIONAIS:<\/strong><\/p>\n<p>Capacidade 180 kg<\/p>\n<p>Estrutura em a\u00e7o inoxid\u00e1vel<\/p>\n<p>Rod\u00edzios<\/p>\n<p>Suporte para len\u00e7ol descart\u00e1vel<\/p>\n<p>Varia\u00e7\u00e3o nas espessuras e di\u00e2metros dos tubos e estofado<\/p>\n","protected":false},"excerpt":{"rendered":"<p><strong>MOVIMENTOS:<\/strong><\/p>\n<p>Cabeceira<\/p>\n<p><img loading=\"lazy\" decoding=\"async\" src=\"https:\/\/www.brmedal.com\/img\/cms\/mov.png\" alt=\"\" width=\"150\" height=\"150\" \/><\/p>\n","protected":false},"featured_media":8648,"comment_status":"open","ping_status":"closed","template":"","meta":[],"product_brand":[],"product_cat":[509,553],"product_tag":[],"class_list":{"0":"post-8649","1":"product","2":"type-product","3":"status-publish","4":"has-post-thumbnail","6":"product_cat-medicina","7":"product_cat-mobiliario","9":"first","10":"onbackorder","11":"shipping-taxable","12":"purchasable","13":"product-type-simple"},"_links":{"self":[{"href":"https:\/\/www.brmedal.com.br\/index.php?rest_route=\/wp\/v2\/product\/8649","targetHints":{"allow":["GET"]}}],"collection":[{"href":"https:\/\/www.brmedal.com.br\/index.php?rest_route=\/wp\/v2\/product"}],"about":[{"href":"https:\/\/www.brmedal.com.br\/index.php?rest_route=\/wp\/v2\/types\/product"}],"replies":[{"embeddable":true,"href":"https:\/\/www.brmedal.com.br\/index.php?rest_route=%2Fwp%2Fv2%2Fcomments&post=8649"}],"wp:featuredmedia":[{"embeddable":true,"href":"https:\/\/www.brmedal.com.br\/index.php?rest_route=\/wp\/v2\/media\/8648"}],"wp:attachment":[{"href":"https:\/\/www.brmedal.com.br\/index.php?rest_route=%2Fwp%2Fv2%2Fmedia&parent=8649"}],"wp:term":[{"taxonomy":"product_brand","embeddable":true,"href":"https:\/\/www.brmedal.com.br\/index.php?rest_route=%2Fwp%2Fv2%2Fproduct_brand&post=8649"},{"taxonomy":"product_cat","embeddable":true,"href":"https:\/\/www.brmedal.com.br\/index.php?rest_route=%2Fwp%2Fv2%2Fproduct_cat&post=8649"},{"taxonomy":"product_tag","embeddable":true,"href":"https:\/\/www.brmedal.com.br\/index.php?rest_route=%2Fwp%2Fv2%2Fproduct_tag&post=8649"}],"curies":[{"name":"wp","href":"https:\/\/api.w.org\/{rel}","templated":true}]}}