{"id":867,"date":"2017-10-16T07:57:13","date_gmt":"2017-10-16T10:57:13","guid":{"rendered":"https:\/\/www.brmedal.com.br\/product\/autoclave-vitale-class-cd-12-litros\/"},"modified":"2022-11-11T12:12:38","modified_gmt":"2022-11-11T15:12:38","slug":"autoclave-vitale-class-cd-12-litros","status":"publish","type":"product","link":"https:\/\/www.brmedal.com.br\/?product=autoclave-vitale-class-cd-12-litros","title":{"rendered":"Autoclave Vitale Class CD &#8211; 12 Litros"},"content":{"rendered":"<p>Autoclave para esteriliza\u00e7\u00e3o a vapor sob press\u00e3o. Ideal para consult\u00f3rios odontol\u00f3gicos (cl\u00ednica geral, endodontia,\u00a0 odontopediatria, ortodontia, pr\u00f3tese, dent\u00edstica e est\u00e9tica) e consult\u00f3rios m\u00e9dicos (dermatologia e oftalmologia).<\/p>\n<p>Equipamento produzido dentro dos mais r\u00edgidos padr\u00f5es de qualidade, com sistema de rastreabilidade que cumpre a norma NBR ISO 13485. \u00c9 necess\u00e1rio realizar o desbloqueio antes do primeiro uso, garantindo assim seguran\u00e7a e rastreabilidade do produto.<\/p>\n<ul>\n<li>\u00a0\u00a0\u00a0\u00a0\u00a0\u00a0\u00a0 F\u00e1cil manuseio;<\/li>\n<li>\u00a0\u00a0\u00a0\u00a0\u00a0\u00a0\u00a0 Design moderno;<\/li>\n<li>\u00a0\u00a0\u00a0\u00a0\u00a0\u00a0\u00a0 Digital com display de LCD;<\/li>\n<li>\u00a0\u00a0\u00a0\u00a0\u00a0\u00a0\u00a0 Bivolt autom\u00e1tico &#8211; 127\/220V que permite ser utilizado em redes el\u00e9tricas com varia\u00e7\u00f5es entre 95 at\u00e9 254 V;<\/li>\n<li>\u00a0\u00a0\u00a0\u00a0\u00a0\u00a0\u00a0 5 Programas de Esteriliza\u00e7\u00e3o: Instrumental Embalado \/ Instrumental Desembalado \/ Pl\u00e1sticos e Algod\u00e3o \/\u00a0 Kit Cir\u00fargico e Tecidos \/ L\u00edquidos.<\/li>\n<li>\u00a0\u00a0\u00a0\u00a0\u00a0\u00a0\u00a0 Desaera\u00e7\u00e3o e despressuriza\u00e7\u00e3o autom\u00e1tica;<\/li>\n<li>\u00a0\u00a0\u00a0\u00a0\u00a0\u00a0\u00a0 Capacidade 12 litros;<\/li>\n<li>\u00a0\u00a0\u00a0\u00a0\u00a0\u00a0\u00a0 Teclado de controle na cor azul;<\/li>\n<li>\u00a0\u00a0\u00a0\u00a0\u00a0\u00a0\u00a0 Tampa e c\u00e2mara em a\u00e7o inox que facilita a limpeza;<\/li>\n<li>\u00a0\u00a0\u00a0\u00a0\u00a0\u00a0\u00a0 C\u00e2mara com 2 bandejas em alum\u00ednio anodizado;<\/li>\n<li>\u00a0\u00a0\u00a0\u00a0\u00a0\u00a0\u00a0 Secagem ultra eficiente com porta fechada;<\/li>\n<li>\u00a0\u00a0\u00a0\u00a0\u00a0\u00a0\u00a0 Conta com 27 sistemas de seguran\u00e7a entre os quais Chave e trava da porta, Sistema Eletr\u00f4nico de cruzamento de dados e Sistema eletr\u00f4nico de controle de pot\u00eancia.<\/li>\n<li>\u00a0\u00a0\u00a0\u00a0\u00a0\u00a0\u00a0 Sistema de ajuste de altitude para diversas regi\u00f5es.<\/li>\n<li>\u00a0\u00a0\u00a0\u00a0\u00a0\u00a0\u00a0 2 anos de garantia;<\/li>\n<li>\u00a0\u00a0\u00a0\u00a0\u00a0\u00a0\u00a0 Consumo de Energia\u00a0\u00a0\u00a0\u00a0 127 V &#8211; 220 Watts\/hora 220 V &#8211; 445 Watts\/hora<\/li>\n<li>\u00a0\u00a0\u00a0\u00a0\u00a0\u00a0\u00a0 Cor\u00a0\u00a0 Branca com teclado de controle na cor azul<\/li>\n<li>\u00a0\u00a0\u00a0\u00a0\u00a0\u00a0\u00a0 C\u00e2mara\u00a0\u00a0\u00a0\u00a0\u00a0 A\u00e7o inox<\/li>\n<li>\u00a0\u00a0\u00a0\u00a0\u00a0\u00a0\u00a0 Capacidade\u00a0\u00a0\u00a0\u00a0\u00a0\u00a0\u00a0\u00a0\u00a0 12 litros<\/li>\n<li>\u00a0\u00a0\u00a0\u00a0\u00a0\u00a0\u00a0 Pot\u00eancia\u00a0\u00a0\u00a0\u00a0 1.100 Watts<\/li>\n<li>\u00a0\u00a0\u00a0\u00a0\u00a0\u00a0\u00a0 Voltagem\u00a0\u00a0 Bilvot Autom\u00e1tico<\/li>\n<li>\u00a0\u00a0\u00a0\u00a0\u00a0\u00a0\u00a0 Frequ\u00eancia50\/60 Hz<\/li>\n<\/ul>\n<p>Para mais informa\u00e7\u00f5es, consulte o Manual de Instru\u00e7\u00f5es.<\/p>\n<p>Este equipamento \u00e9 fabricado pela Crist\u00f3foli Biosseguran\u00e7a, empresa cujo Sistema de Gest\u00e3o de Qualidade \u00e9 certificado e est\u00e1 em conformidade com a ISO 9001- Sistema de Gest\u00e3o de Qualidade, ISO 13485 &#8211; Aparelhos M\u00e9dicos &#8211; Requisitos para Fins Regulamentares, ISO 14001 &#8211; Gest\u00e3o Ambiental e BPF &#8211; Boas Pr\u00e1ticas de Fabrica\u00e7\u00e3o (ANVISA\/RDC-N\u00ba16).<\/p>\n<p>&nbsp;<\/p>\n","protected":false},"excerpt":{"rendered":"<p>Autoclave para esteriliza\u00e7\u00e3o a vapor sob press\u00e3o. Ideal para consult\u00f3rios odontol\u00f3gicos (cl\u00ednica geral, endodontia,\u00a0\u00a0odontopediatria, ortodontia, pr\u00f3tese, dent\u00edstica e est\u00e9tica) e consult\u00f3rios m\u00e9dicos (dermatologia e oftalmologia).<\/p>\n<p>&nbsp;<\/p>\n","protected":false},"featured_media":866,"comment_status":"open","ping_status":"closed","template":"","meta":[],"product_brand":[],"product_cat":[535,546],"product_tag":[],"class_list":{"0":"post-867","1":"product","2":"type-product","3":"status-publish","4":"has-post-thumbnail","6":"product_cat-equipamentos-medicina","7":"product_cat-equipamentos-odontologia","9":"first","10":"onbackorder","11":"shipping-taxable","12":"purchasable","13":"product-type-simple"},"_links":{"self":[{"href":"https:\/\/www.brmedal.com.br\/index.php?rest_route=\/wp\/v2\/product\/867","targetHints":{"allow":["GET"]}}],"collection":[{"href":"https:\/\/www.brmedal.com.br\/index.php?rest_route=\/wp\/v2\/product"}],"about":[{"href":"https:\/\/www.brmedal.com.br\/index.php?rest_route=\/wp\/v2\/types\/product"}],"replies":[{"embeddable":true,"href":"https:\/\/www.brmedal.com.br\/index.php?rest_route=%2Fwp%2Fv2%2Fcomments&post=867"}],"wp:featuredmedia":[{"embeddable":true,"href":"https:\/\/www.brmedal.com.br\/index.php?rest_route=\/wp\/v2\/media\/866"}],"wp:attachment":[{"href":"https:\/\/www.brmedal.com.br\/index.php?rest_route=%2Fwp%2Fv2%2Fmedia&parent=867"}],"wp:term":[{"taxonomy":"product_brand","embeddable":true,"href":"https:\/\/www.brmedal.com.br\/index.php?rest_route=%2Fwp%2Fv2%2Fproduct_brand&post=867"},{"taxonomy":"product_cat","embeddable":true,"href":"https:\/\/www.brmedal.com.br\/index.php?rest_route=%2Fwp%2Fv2%2Fproduct_cat&post=867"},{"taxonomy":"product_tag","embeddable":true,"href":"https:\/\/www.brmedal.com.br\/index.php?rest_route=%2Fwp%2Fv2%2Fproduct_tag&post=867"}],"curies":[{"name":"wp","href":"https:\/\/api.w.org\/{rel}","templated":true}]}}