{"id":870,"date":"2017-10-16T08:07:12","date_gmt":"2017-10-16T11:07:12","guid":{"rendered":"https:\/\/www.brmedal.com.br\/product\/autoclave-vitale-class-cd-21-litros\/"},"modified":"2022-11-11T11:34:43","modified_gmt":"2022-11-11T14:34:43","slug":"autoclave-vitale-class-cd-21-litros","status":"publish","type":"product","link":"https:\/\/www.brmedal.com.br\/?product=autoclave-vitale-class-cd-21-litros","title":{"rendered":"Autoclave Vitale Class CD &#8211; 21 Litros"},"content":{"rendered":"<p class=\"xprod\">Autoclave para esteriliza\u00e7\u00e3o a vapor sob press\u00e3o.\u00a0Ideal para consult\u00f3rios odontol\u00f3gicos (implantodontia, cirurgia, cl\u00ednica geral, endodontia, odontopediatria, ortodontia, pr\u00f3tese, dent\u00edstica e est\u00e9tica), para cl\u00ednicas m\u00e9dicas (ginecologia, cirurgia pl\u00e1stica, dermatologia e oftalmologia), laborat\u00f3rios e ambulat\u00f3rios hospitalares pequenos ambulat\u00f3rios m\u00e9dicos.<\/p>\n<p class=\"xprod\">Equipamento produzido dentro dos mais r\u00edgidos padr\u00f5es de qualidade,\u00a0com sistema de rastreabilidade que cumpre a norma NBR ISO 13485.\u00a0\u00c9 necess\u00e1rio realizar o desbloqueio antes do primeiro uso, garantindo assim seguran\u00e7a e rastreabilidade do produto.<\/p>\n<p class=\"xprod\"><!-- [if !supportLists]-->\u00b7\u00a0\u00a0\u00a0\u00a0\u00a0\u00a0\u00a0 <!--[endif]-->F\u00e1cil manuseio;<\/p>\n<p class=\"xprod\"><!-- [if !supportLists]-->\u00b7\u00a0\u00a0\u00a0\u00a0\u00a0\u00a0\u00a0 <!--[endif]-->Design moderno;<\/p>\n<p class=\"xprod\"><!-- [if !supportLists]-->\u00b7\u00a0\u00a0\u00a0\u00a0\u00a0\u00a0\u00a0 <!--[endif]-->Digital com display de LCD;<\/p>\n<p class=\"xmsonormal\"><!-- [if !supportLists]-->\u00b7\u00a0\u00a0\u00a0\u00a0\u00a0\u00a0\u00a0 <!--[endif]-->Bivolt autom\u00e1tico &#8211; 127\/220V que permite ser utilizado em redes el\u00e9tricas com varia\u00e7\u00f5es entre 95 at\u00e9 254\u00a0V;<\/p>\n<p class=\"xprod\"><!-- [if !supportLists]-->\u00b7\u00a0\u00a0\u00a0\u00a0\u00a0\u00a0\u00a0 <!--[endif]-->5\u00a0Programas de Esteriliza\u00e7\u00e3o:\u00a0Instrumental Embalado \/\u00a0Instrumental Desembalado \/\u00a0Pl\u00e1sticos e Algod\u00e3o \/\u00a0 Kit Cir\u00fargico e\u00a0Tecidos \/\u00a0L\u00edquidos.<\/p>\n<p class=\"xprod\"><!-- [if !supportLists]-->\u00b7\u00a0\u00a0\u00a0\u00a0\u00a0\u00a0\u00a0 <!--[endif]-->Desaera\u00e7\u00e3o e despressuriza\u00e7\u00e3o autom\u00e1tica;<\/p>\n<p class=\"xprod\"><!-- [if !supportLists]-->\u00b7\u00a0\u00a0\u00a0\u00a0\u00a0\u00a0\u00a0 <!--[endif]-->Capacidade 21 litros;<\/p>\n<p class=\"xprod\"><!-- [if !supportLists]-->\u00b7\u00a0\u00a0\u00a0\u00a0\u00a0\u00a0\u00a0 <!--[endif]-->Teclado de controle na cor azul;<\/p>\n<p class=\"xprod\"><!-- [if !supportLists]-->\u00b7\u00a0\u00a0\u00a0\u00a0\u00a0\u00a0\u00a0 <!--[endif]-->Tampa e c\u00e2mara em a\u00e7o inox que facilita a limpeza;<\/p>\n<p class=\"xprod\"><!-- [if !supportLists]-->\u00b7\u00a0\u00a0\u00a0\u00a0\u00a0\u00a0\u00a0 <!--[endif]-->C\u00e2mara com 3 bandejas em alum\u00ednio anodizado\u00a0com espa\u00e7o para 4\u00aa bandeja opcional;<\/p>\n<p class=\"xprod\"><!-- [if !supportLists]-->\u00b7\u00a0\u00a0\u00a0\u00a0\u00a0\u00a0\u00a0 <!--[endif]-->Secagem\u00a0ultra\u00a0eficiente\u00a0com porta fechada;<\/p>\n<p class=\"xprod\"><!-- [if !supportLists]-->\u00b7\u00a0\u00a0\u00a0\u00a0\u00a0\u00a0\u00a0 <!--[endif]-->Conta com 27\u00a0sistemas de seguran\u00e7a entre os quais Chave e trava da\u00a0porta,\u00a0Sistema Eletr\u00f4nico de cruzamento de dados e Sistema eletr\u00f4nico de controle de pot\u00eancia.<\/p>\n<p class=\"xprod\"><!-- [if !supportLists]-->\u00b7\u00a0\u00a0\u00a0\u00a0\u00a0\u00a0\u00a0 <!--[endif]-->Sistema de ajuste de altitude para diversas regi\u00f5es.<\/p>\n<p class=\"xprod\"><!-- [if !supportLists]-->\u00b7\u00a0\u00a0\u00a0\u00a0\u00a0\u00a0\u00a0 <!--[endif]-->2 anos de garantia;<\/p>\n<p class=\"xprod\"><!-- [if !supportLists]-->\u00b7\u00a0\u00a0\u00a0\u00a0\u00a0\u00a0\u00a0 <!--[endif]-->Consumo de Energia\u00a0\u00a0\u00a0\u00a0 127V &#8211; 436 Watts\/hora 220V &#8211; 675 Watts\/hora<\/p>\n<p class=\"xprod\"><!-- [if !supportLists]-->\u00b7\u00a0\u00a0\u00a0\u00a0\u00a0\u00a0\u00a0 <!--[endif]-->Cor\u00a0\u00a0 Branca com teclado de controle na cor azul<\/p>\n<p class=\"xprod\"><!-- [if !supportLists]-->\u00b7\u00a0\u00a0\u00a0\u00a0\u00a0\u00a0\u00a0 <!--[endif]-->C\u00e2mara\u00a0\u00a0\u00a0\u00a0\u00a0 A\u00e7o inox<\/p>\n<p class=\"xprod\"><!-- [if !supportLists]-->\u00b7\u00a0\u00a0\u00a0\u00a0\u00a0\u00a0\u00a0 <!--[endif]-->Capacidade\u00a0\u00a0\u00a0\u00a0\u00a0\u00a0\u00a0\u00a0\u00a0 21 litros<\/p>\n<p class=\"xprod\"><!-- [if !supportLists]-->\u00b7\u00a0\u00a0\u00a0\u00a0\u00a0\u00a0\u00a0 <!--[endif]-->Pot\u00eancia\u00a0\u00a0\u00a0\u00a0 1.600 Watts<\/p>\n<p class=\"xprod\"><!-- [if !supportLists]-->\u00b7\u00a0\u00a0\u00a0\u00a0\u00a0\u00a0\u00a0 <!--[endif]-->Voltagem\u00a0\u00a0 Bilvot Autom\u00e1tico<\/p>\n<p class=\"xprod\"><!-- [if !supportLists]-->\u00b7\u00a0\u00a0\u00a0\u00a0\u00a0\u00a0\u00a0 <!--[endif]-->Frequ\u00eancia 50\/60 Hz<\/p>\n<p class=\"xprod\"><!-- [if !supportLists]-->\u00b7\u00a0\u00a0\u00a0\u00a0\u00a0\u00a0\u00a0 <!--[endif]-->Dimens\u00f5es Autoclave 38,2 x 38,5 x 60,4 cm (L x A x P) \/ C\u00e2mara 25 x 43 cm (D x P)<\/p>\n<p class=\"xprod\"><!-- [if !supportLists]-->\u00b7\u00a0\u00a0\u00a0\u00a0\u00a0\u00a0\u00a0 <!--[endif]-->Peso L\u00edquido\u00a0\u00a0\u00a0\u00a0\u00a0\u00a0 23,8 kg<\/p>\n<p class=\"xprod\"><!-- [if !supportLists]-->\u00b7\u00a0\u00a0\u00a0\u00a0\u00a0\u00a0\u00a0 <!--[endif]-->Peso Bruto 26,5 kg<\/p>\n<p class=\"xprod\"><!-- [if !supportLists]-->\u00b7\u00a0\u00a0\u00a0\u00a0\u00a0\u00a0\u00a0 <!--[endif]-->Garantia\u00a0\u00a0\u00a0\u00a0 2 anos<\/p>\n<p class=\"xprod\">Registro ANVISA\u00a0\u00a0\u00a0\u00a0\u00a0\u00a0\u00a0\u00a0 10363350017<\/p>\n<p class=\"xprod\">Para mais informa\u00e7\u00f5es, consulte o Manual de Instru\u00e7\u00f5es.<\/p>\n","protected":false},"excerpt":{"rendered":"<p>Autoclave para esteriliza\u00e7\u00e3o a vapor sob press\u00e3o.<\/p>\n<p>Equipamento produzido dentro dos mais r\u00edgidos padr\u00f5es de qualidade,\u00a0com sistema de rastreabilidade<\/p>\n<p>&nbsp;<\/p>\n","protected":false},"featured_media":868,"comment_status":"open","ping_status":"closed","template":"","meta":[],"product_brand":[],"product_cat":[535,546],"product_tag":[],"class_list":{"0":"post-870","1":"product","2":"type-product","3":"status-publish","4":"has-post-thumbnail","6":"product_cat-equipamentos-medicina","7":"product_cat-equipamentos-odontologia","9":"first","10":"onbackorder","11":"shipping-taxable","12":"purchasable","13":"product-type-simple"},"_links":{"self":[{"href":"https:\/\/www.brmedal.com.br\/index.php?rest_route=\/wp\/v2\/product\/870","targetHints":{"allow":["GET"]}}],"collection":[{"href":"https:\/\/www.brmedal.com.br\/index.php?rest_route=\/wp\/v2\/product"}],"about":[{"href":"https:\/\/www.brmedal.com.br\/index.php?rest_route=\/wp\/v2\/types\/product"}],"replies":[{"embeddable":true,"href":"https:\/\/www.brmedal.com.br\/index.php?rest_route=%2Fwp%2Fv2%2Fcomments&post=870"}],"wp:featuredmedia":[{"embeddable":true,"href":"https:\/\/www.brmedal.com.br\/index.php?rest_route=\/wp\/v2\/media\/868"}],"wp:attachment":[{"href":"https:\/\/www.brmedal.com.br\/index.php?rest_route=%2Fwp%2Fv2%2Fmedia&parent=870"}],"wp:term":[{"taxonomy":"product_brand","embeddable":true,"href":"https:\/\/www.brmedal.com.br\/index.php?rest_route=%2Fwp%2Fv2%2Fproduct_brand&post=870"},{"taxonomy":"product_cat","embeddable":true,"href":"https:\/\/www.brmedal.com.br\/index.php?rest_route=%2Fwp%2Fv2%2Fproduct_cat&post=870"},{"taxonomy":"product_tag","embeddable":true,"href":"https:\/\/www.brmedal.com.br\/index.php?rest_route=%2Fwp%2Fv2%2Fproduct_tag&post=870"}],"curies":[{"name":"wp","href":"https:\/\/api.w.org\/{rel}","templated":true}]}}