{"id":873,"date":"2017-10-16T08:19:43","date_gmt":"2017-10-16T11:19:43","guid":{"rendered":"https:\/\/www.brmedal.com.br\/product\/cuba-de-ultrassom-cristofoli\/"},"modified":"2022-11-11T11:24:31","modified_gmt":"2022-11-11T14:24:31","slug":"cuba-de-ultrassom-cristofoli","status":"publish","type":"product","link":"https:\/\/www.brmedal.com.br\/?product=cuba-de-ultrassom-cristofoli","title":{"rendered":"Cuba Lavadora Ultrass\u00f4nica 2 litros"},"content":{"rendered":"<p>Lavadora Ultrass\u00f4nica que, aliada ao detergente enzim\u00e1tico, possibilita limpeza eficiente de instrumentos cl\u00ednicos e\/ou de outras \u00e1reas de atua\u00e7\u00e3o como est\u00e9tica, podologia e est\u00fadios de tatuagem \/ body-piercing. Atua principalmente nas \u00e1reas de dif\u00edcil acesso ou locais inacess\u00edveis \u00e0s cerdas de escovas.<\/p>\n<p>Possui 5 ciclos de limpeza com op\u00e7\u00e3o de aquecimento;<\/p>\n<p>Reduz o consumo de \u00e1gua e o tempo de limpeza;<\/p>\n<p>Gabinete produzido em pl\u00e1stico ABS injetado;<\/p>\n<p>Proporciona mais seguran\u00e7a ao profissional (operador) ao minimizar o manuseio de material contaminado, diminuindo tamb\u00e9m o risco de acidentes com materiais p\u00e9rfuro-cortantes e evitando a contamina\u00e7\u00e3o cruzada;<\/p>\n<p>Sua utiliza\u00e7\u00e3o est\u00e1 em conformidade com as mais recentes recomenda\u00e7\u00f5es de biosseguran\u00e7a;<\/p>\n<p>Op\u00e7\u00f5es de Cor\u00a0\u00a0\u00a0\u00a0 Branca com teclado de controle bicolor nas cores azul \/ verde.<\/p>\n<p>Capacidade \u00datil\u00a0\u00a0 2,1 Litros<\/p>\n<p>Voltagem\u00a0\u00a0\u00a0 127 V ou 220 V<\/p>\n<p>Frequ\u00eancia\u00a0 50\/60 Hz<\/p>\n<p>Capacidade Total2,5 Litros<\/p>\n<p>Dimens\u00f5es\u00a0 Externa (L x A x P) &#8211; 28,5 x 18,5 x 22,5 cm \/ Interna &#8211; Cuba de Inox &#8211; 24,8 x 8 x 14,8 cm<\/p>\n<p>Peso L\u00edquido\u00a0\u00a0\u00a0\u00a0\u00a0\u00a0\u00a0 2,5 kg<\/p>\n<p>Peso Bruto3 kg<\/p>\n<p>Frequ\u00eancia Ultrass\u00f4nica\u00a0\u00a0\u00a0\u00a0\u00a0\u00a0\u00a0\u00a0 42 kHz<\/p>\n<p>Registro ANVISA\u00a0\u00a0\u00a0\u00a0\u00a0\u00a0\u00a0\u00a0 10363350006<\/p>\n<p>&nbsp;<\/p>\n","protected":false},"excerpt":{"rendered":"<p>Atua principalmente nas \u00e1reas de dif\u00edcil acesso ou locais inacess\u00edveis \u00e0s cerdas de escovas.<\/p>\n<p>Possui 5 ciclos de limpeza com op\u00e7\u00e3o de aquecimento;<\/p>\n","protected":false},"featured_media":872,"comment_status":"open","ping_status":"closed","template":"","meta":[],"product_brand":[],"product_cat":[535,546],"product_tag":[],"class_list":{"0":"post-873","1":"product","2":"type-product","3":"status-publish","4":"has-post-thumbnail","6":"product_cat-equipamentos-medicina","7":"product_cat-equipamentos-odontologia","9":"first","10":"onbackorder","11":"shipping-taxable","12":"purchasable","13":"product-type-simple"},"_links":{"self":[{"href":"https:\/\/www.brmedal.com.br\/index.php?rest_route=\/wp\/v2\/product\/873","targetHints":{"allow":["GET"]}}],"collection":[{"href":"https:\/\/www.brmedal.com.br\/index.php?rest_route=\/wp\/v2\/product"}],"about":[{"href":"https:\/\/www.brmedal.com.br\/index.php?rest_route=\/wp\/v2\/types\/product"}],"replies":[{"embeddable":true,"href":"https:\/\/www.brmedal.com.br\/index.php?rest_route=%2Fwp%2Fv2%2Fcomments&post=873"}],"wp:featuredmedia":[{"embeddable":true,"href":"https:\/\/www.brmedal.com.br\/index.php?rest_route=\/wp\/v2\/media\/872"}],"wp:attachment":[{"href":"https:\/\/www.brmedal.com.br\/index.php?rest_route=%2Fwp%2Fv2%2Fmedia&parent=873"}],"wp:term":[{"taxonomy":"product_brand","embeddable":true,"href":"https:\/\/www.brmedal.com.br\/index.php?rest_route=%2Fwp%2Fv2%2Fproduct_brand&post=873"},{"taxonomy":"product_cat","embeddable":true,"href":"https:\/\/www.brmedal.com.br\/index.php?rest_route=%2Fwp%2Fv2%2Fproduct_cat&post=873"},{"taxonomy":"product_tag","embeddable":true,"href":"https:\/\/www.brmedal.com.br\/index.php?rest_route=%2Fwp%2Fv2%2Fproduct_tag&post=873"}],"curies":[{"name":"wp","href":"https:\/\/api.w.org\/{rel}","templated":true}]}}