{"id":8744,"date":"2019-05-15T13:20:49","date_gmt":"2019-05-15T16:20:49","guid":{"rendered":"https:\/\/www.brmedal.com.br\/product\/mesas-de-cabeceira-hospimetal-7\/"},"modified":"2022-10-28T12:54:12","modified_gmt":"2022-10-28T15:54:12","slug":"mesas-de-cabeceira-hospimetal-7","status":"publish","type":"product","link":"https:\/\/www.brmedal.com.br\/?product=mesas-de-cabeceira-hospimetal-7","title":{"rendered":"MESAS DE CABECEIRA HOSPIMETAL"},"content":{"rendered":"<p>&#8211; Constru\u00edda em madeira compensada de 15mm, revestida em f\u00f3rmica &#8211; Com uma gaveta, uma divis\u00e3o externa e uma porta &#8211; Puxadores e gradis cromados &#8211; Rod\u00edzios de 50mm de di\u00e2metro.<\/p>\n<p><strong>DIMENS\u00d5ES<\/strong><\/p>\n<p>&#8211; 0,42 x 0,40 x 0,80m<\/p>\n<p><strong>OPCIONAIS<\/strong><\/p>\n<p>&#8211; P\u00e9s com ponteiras<br \/>\n&#8211; Constru\u00edda em MDF<br \/>\n&#8211; Varia\u00e7\u00e3o nas dimens\u00f5es<br \/>\n&#8211; Varia\u00e7\u00e3o do di\u00e2metro dos rod\u00edzios<\/p>\n","protected":false},"excerpt":{"rendered":"<p>&#8211; Constru\u00edda em madeira compensada de 15mm, revestida em f\u00f3rmica &#8211; Com uma gaveta, uma divis\u00e3o externa e uma porta &#8211; Puxadores e gradis cromados &#8211;<span class=\"excerpt-hellip\"> [\u2026]<\/span><\/p>\n","protected":false},"featured_media":8743,"comment_status":"open","ping_status":"closed","template":"","meta":[],"product_brand":[],"product_cat":[509,553],"product_tag":[],"class_list":{"0":"post-8744","1":"product","2":"type-product","3":"status-publish","4":"has-post-thumbnail","6":"product_cat-medicina","7":"product_cat-mobiliario","9":"first","10":"onbackorder","11":"shipping-taxable","12":"purchasable","13":"product-type-simple"},"_links":{"self":[{"href":"https:\/\/www.brmedal.com.br\/index.php?rest_route=\/wp\/v2\/product\/8744","targetHints":{"allow":["GET"]}}],"collection":[{"href":"https:\/\/www.brmedal.com.br\/index.php?rest_route=\/wp\/v2\/product"}],"about":[{"href":"https:\/\/www.brmedal.com.br\/index.php?rest_route=\/wp\/v2\/types\/product"}],"replies":[{"embeddable":true,"href":"https:\/\/www.brmedal.com.br\/index.php?rest_route=%2Fwp%2Fv2%2Fcomments&post=8744"}],"wp:featuredmedia":[{"embeddable":true,"href":"https:\/\/www.brmedal.com.br\/index.php?rest_route=\/wp\/v2\/media\/8743"}],"wp:attachment":[{"href":"https:\/\/www.brmedal.com.br\/index.php?rest_route=%2Fwp%2Fv2%2Fmedia&parent=8744"}],"wp:term":[{"taxonomy":"product_brand","embeddable":true,"href":"https:\/\/www.brmedal.com.br\/index.php?rest_route=%2Fwp%2Fv2%2Fproduct_brand&post=8744"},{"taxonomy":"product_cat","embeddable":true,"href":"https:\/\/www.brmedal.com.br\/index.php?rest_route=%2Fwp%2Fv2%2Fproduct_cat&post=8744"},{"taxonomy":"product_tag","embeddable":true,"href":"https:\/\/www.brmedal.com.br\/index.php?rest_route=%2Fwp%2Fv2%2Fproduct_tag&post=8744"}],"curies":[{"name":"wp","href":"https:\/\/api.w.org\/{rel}","templated":true}]}}