{"id":8792,"date":"2019-05-15T15:10:06","date_gmt":"2019-05-15T18:10:06","guid":{"rendered":"https:\/\/www.brmedal.com.br\/product\/balanca-digital-para-adultos\/"},"modified":"2022-10-26T00:07:15","modified_gmt":"2022-10-26T03:07:15","slug":"balanca-digital-para-adultos","status":"publish","type":"product","link":"https:\/\/www.brmedal.com.br\/?product=balanca-digital-para-adultos","title":{"rendered":"Balan\u00e7a Digital para Adultos"},"content":{"rendered":"<p>Capacidade de 150 kg<\/p>\n<p>Divis\u00e3ode 100 g<\/p>\n<p>Carga m\u00ednima de 2 kg<\/p>\n<p>Estrutura em chapa de a\u00e7o carbono 1020. (Espessura da chapa: Corpo 2 mm. Base 1\/8\u201d.)<\/p>\n<p>Cursores feitos em a\u00e7o inoxid\u00e1vel polido. Material imune \u00e0 oxida\u00e7\u00e3o.<\/p>\n<p>R\u00e9gua lisa para as menores divis\u00f5es. Constru\u00e7\u00e3o em perfil de alum\u00ednio com escalas de alum\u00ednio embutidas em ambos os lados, para visualiza\u00e7\u00e3o n\u00edtida do peso por parte do operador e do paciente.<\/p>\n<p>R\u00e9gua dentada para as maiores divis\u00f5es. Lat\u00e3o polido com dureza e durabilidade elevada.<\/p>\n<p>PinturaPoliuretano (PU alif\u00e1tico) na cor branco, com tratamento anti-ferruginoso.<\/p>\n<p>Piso de borracha antiderrapante<\/p>\n<p>P\u00e9s antiderrapantes e regul\u00e1veis para nivelamento<\/p>\n<p>Produzido em borracha sint\u00e9tica, al\u00e9m de permitir a corre\u00e7\u00e3o de desn\u00edveis, oferece maior ader\u00eancia ao piso e seguran\u00e7a para as pesagens.<\/p>\n<p>R\u00e9gua antropom\u00e9trica\u00a0 de sistema pr\u00e1tico para medir altura constru\u00edda em tubo de a\u00e7o carbono pintado na cor da balan\u00e7a, com r\u00e9gua antropom\u00e9trica retr\u00e1til em alum\u00ednio anodizado, medindo at\u00e9 2,00m com gradua\u00e7\u00e3o de 0,5 cm. Cabe\u00e7ote da r\u00e9gua antropom\u00e9trica em pl\u00e1stico ABS injetado, com desenho ergon\u00f4mico especialmente desenvolvido para garantir m\u00e1xima seguran\u00e7a ao paciente.<\/p>\n<p>Trava de seguran\u00e7a impacto evitando sobrecarga mec\u00e2nica quando a balan\u00e7a n\u00e3o estiver em uso.<\/p>\n<p>Peso da balan\u00e7a de 19 kg<\/p>\n<p>Peso de embarque da balan\u00e7a de 20,3 kg<\/p>\n<p>Plataforma: 28,5 x 37 cm. Altura do piso at\u00e9 o topo do sistema de r\u00e9guas: 135 cm.<\/p>\n<p>Garantia de 1 ano contra quaisquer defeitos de materiais e\/ou fabrica\u00e7\u00e3o<\/p>\n","protected":false},"excerpt":{"rendered":"<p>Capacidade de 150 kg Divis\u00e3ode 100 g Carga m\u00ednima de 2 kg Estrutura em chapa de a\u00e7o carbono 1020. (Espessura da chapa: Corpo 2 mm. Base<span class=\"excerpt-hellip\"> [\u2026]<\/span><\/p>\n","protected":false},"featured_media":8790,"comment_status":"open","ping_status":"closed","template":"","meta":[],"product_brand":[],"product_cat":[535,509],"product_tag":[],"class_list":{"0":"post-8792","1":"product","2":"type-product","3":"status-publish","4":"has-post-thumbnail","6":"product_cat-equipamentos-medicina","7":"product_cat-medicina","9":"first","10":"onbackorder","11":"shipping-taxable","12":"purchasable","13":"product-type-simple"},"_links":{"self":[{"href":"https:\/\/www.brmedal.com.br\/index.php?rest_route=\/wp\/v2\/product\/8792","targetHints":{"allow":["GET"]}}],"collection":[{"href":"https:\/\/www.brmedal.com.br\/index.php?rest_route=\/wp\/v2\/product"}],"about":[{"href":"https:\/\/www.brmedal.com.br\/index.php?rest_route=\/wp\/v2\/types\/product"}],"replies":[{"embeddable":true,"href":"https:\/\/www.brmedal.com.br\/index.php?rest_route=%2Fwp%2Fv2%2Fcomments&post=8792"}],"wp:featuredmedia":[{"embeddable":true,"href":"https:\/\/www.brmedal.com.br\/index.php?rest_route=\/wp\/v2\/media\/8790"}],"wp:attachment":[{"href":"https:\/\/www.brmedal.com.br\/index.php?rest_route=%2Fwp%2Fv2%2Fmedia&parent=8792"}],"wp:term":[{"taxonomy":"product_brand","embeddable":true,"href":"https:\/\/www.brmedal.com.br\/index.php?rest_route=%2Fwp%2Fv2%2Fproduct_brand&post=8792"},{"taxonomy":"product_cat","embeddable":true,"href":"https:\/\/www.brmedal.com.br\/index.php?rest_route=%2Fwp%2Fv2%2Fproduct_cat&post=8792"},{"taxonomy":"product_tag","embeddable":true,"href":"https:\/\/www.brmedal.com.br\/index.php?rest_route=%2Fwp%2Fv2%2Fproduct_tag&post=8792"}],"curies":[{"name":"wp","href":"https:\/\/api.w.org\/{rel}","templated":true}]}}