{"id":8800,"date":"2019-05-16T06:52:37","date_gmt":"2019-05-16T09:52:37","guid":{"rendered":"https:\/\/www.brmedal.com.br\/product\/balanca-digital-portatil-baby\/"},"modified":"2022-10-26T00:03:21","modified_gmt":"2022-10-26T03:03:21","slug":"balanca-digital-portatil-baby","status":"publish","type":"product","link":"https:\/\/www.brmedal.com.br\/?product=balanca-digital-portatil-baby","title":{"rendered":"Balan\u00e7a Digital Port\u00e1til Baby"},"content":{"rendered":"<p>Capacidade 16kg<\/p>\n<p>Divis\u00e3o 10g<\/p>\n<p>Carga m\u00ednima 200g<\/p>\n<p>Estrutura em chapa de a\u00e7o carbono 1020.<\/p>\n<p>Cursores em A\u00e7o inoxid\u00e1vel polido. Material imune \u00e0 oxida\u00e7\u00e3o.<\/p>\n<p>R\u00e9gua lisa para as menores divis\u00f5es. Constru\u00e7\u00e3o em perfil de alum\u00ednio com escalas de alum\u00ednio embutidas em ambos os lados, para visualiza\u00e7\u00e3o n\u00edtida do peso por parte do operador e do paciente.<\/p>\n<p>R\u00e9gua dentada para as maiores divis\u00f5es. Lat\u00e3o polido com dureza e durabilidade elevada.<\/p>\n<p>PinturaEletrost\u00e1tica a p\u00f3 na cor branco, com tratamento anti-ferruginoso.<\/p>\n<p>Concha anat\u00f4mica Constru\u00edda especialmente em polipropileno injetado na cor extra-branco, \u00e9 anti-germes, totalmente higieniz\u00e1vel e at\u00f3xica, n\u00e3o oferecendo nenhum risco a sa\u00fade do beb\u00ea.<\/p>\n<p>P\u00e9s antiderrapantes e regul\u00e1veis para nivelamento<\/p>\n<p>Produzido em borracha sint\u00e9tica, al\u00e9m de permitir a corre\u00e7\u00e3o de desn\u00edveis, oferece maior ader\u00eancia ao piso e seguran\u00e7a para as pesagens.<\/p>\n<p>Trava de seguran\u00e7a para impacto, evitando sobrecarga mec\u00e2nica quando a balan\u00e7a n\u00e3o estiver em uso.<\/p>\n<p>Peso da balan\u00e7a &#8211; 10,5kg<\/p>\n<p>Peso de embarque da balan\u00e7a &#8211; 11,8kg<\/p>\n<p>Dimens\u00f5es: 55P x 33L x 8,5A cm. Concha em a\u00e7o inoxid\u00e1vel: 44,5P x 29,5L x 6,5A cm.<\/p>\n<p>Garantia de 1 ano contra quaisquer defeitos de materiais ou fabrica\u00e7\u00e3o.<\/p>\n","protected":false},"excerpt":{"rendered":"<p>Capacidade 16kg Divis\u00e3o 10g Carga m\u00ednima 200g Estrutura em chapa de a\u00e7o carbono 1020. Cursores em A\u00e7o inoxid\u00e1vel polido. Material imune \u00e0 oxida\u00e7\u00e3o. R\u00e9gua lisa para<span class=\"excerpt-hellip\"> [\u2026]<\/span><\/p>\n","protected":false},"featured_media":8798,"comment_status":"open","ping_status":"closed","template":"","meta":[],"product_brand":[],"product_cat":[535,509],"product_tag":[],"class_list":{"0":"post-8800","1":"product","2":"type-product","3":"status-publish","4":"has-post-thumbnail","6":"product_cat-equipamentos-medicina","7":"product_cat-medicina","9":"first","10":"onbackorder","11":"shipping-taxable","12":"purchasable","13":"product-type-simple"},"_links":{"self":[{"href":"https:\/\/www.brmedal.com.br\/index.php?rest_route=\/wp\/v2\/product\/8800","targetHints":{"allow":["GET"]}}],"collection":[{"href":"https:\/\/www.brmedal.com.br\/index.php?rest_route=\/wp\/v2\/product"}],"about":[{"href":"https:\/\/www.brmedal.com.br\/index.php?rest_route=\/wp\/v2\/types\/product"}],"replies":[{"embeddable":true,"href":"https:\/\/www.brmedal.com.br\/index.php?rest_route=%2Fwp%2Fv2%2Fcomments&post=8800"}],"wp:featuredmedia":[{"embeddable":true,"href":"https:\/\/www.brmedal.com.br\/index.php?rest_route=\/wp\/v2\/media\/8798"}],"wp:attachment":[{"href":"https:\/\/www.brmedal.com.br\/index.php?rest_route=%2Fwp%2Fv2%2Fmedia&parent=8800"}],"wp:term":[{"taxonomy":"product_brand","embeddable":true,"href":"https:\/\/www.brmedal.com.br\/index.php?rest_route=%2Fwp%2Fv2%2Fproduct_brand&post=8800"},{"taxonomy":"product_cat","embeddable":true,"href":"https:\/\/www.brmedal.com.br\/index.php?rest_route=%2Fwp%2Fv2%2Fproduct_cat&post=8800"},{"taxonomy":"product_tag","embeddable":true,"href":"https:\/\/www.brmedal.com.br\/index.php?rest_route=%2Fwp%2Fv2%2Fproduct_tag&post=8800"}],"curies":[{"name":"wp","href":"https:\/\/api.w.org\/{rel}","templated":true}]}}