{"id":8813,"date":"2019-05-16T07:11:59","date_gmt":"2019-05-16T10:11:59","guid":{"rendered":"https:\/\/www.brmedal.com.br\/product\/balanca-digital-portatil\/"},"modified":"2022-10-25T23:58:25","modified_gmt":"2022-10-26T02:58:25","slug":"balanca-digital-portatil","status":"publish","type":"product","link":"https:\/\/www.brmedal.com.br\/?product=balanca-digital-portatil","title":{"rendered":"Balan\u00e7a Digital Port\u00e1til &#8211; 180 kgs"},"content":{"rendered":"<p>Capacidade at\u00e9 180 kg, divis\u00e3o de 50g.<\/p>\n<p>Al\u00e7a para transporte, bateria interna com autonomia de 50h.<\/p>\n<p>Bateria interna de 6 Volts, oferece autonomia de funcionamento por at\u00e9 50 horas e fonte carregadora externa. Entrada: 90-250VAC, 50\/60hz e Sa\u00edda 6V\/1,5A.<\/p>\n<p>Display de LCD com 6 d\u00edgitos.<\/p>\n<p>Plataforma e tampa da plataforma em chapa de alum\u00ednio.<\/p>\n<p>Pintura Eletrost\u00e1tica a p\u00f3 (Padr\u00e3o de f\u00e1brica = branco)<\/p>\n<p>Al\u00e7a resistente em pl\u00e1stico ABS injetado na cor preta, que oferece conforto e conveni\u00eancia tornando a balan\u00e7a totalmente port\u00e1til.<\/p>\n<p>Piso antiderrapante<\/p>\n<p>Plataforma: 32 x 28 cm. Altura do piso at\u00e9 o topo do equipamento: 10 cm<\/p>\n<p>Peso da balan\u00e7a de apenas 5,200 kg<\/p>\n<p>Peso de embarque da balan\u00e7a de apenas 6 kg<\/p>\n<p>Consumo de 0,5W<\/p>\n<p>Garantia de 1 ano contra quaisquer v\u00edcios de qualidade de materiais e\/ou fabrica\u00e7\u00e3o<\/p>\n","protected":false},"excerpt":{"rendered":"<p>Capacidade at\u00e9 180 kg, divis\u00e3o de 50g. Al\u00e7a para transporte, bateria interna com autonomia de 50h. Bateria interna de 6 Volts, oferece autonomia de funcionamento por<span class=\"excerpt-hellip\"> [\u2026]<\/span><\/p>\n","protected":false},"featured_media":8812,"comment_status":"open","ping_status":"closed","template":"","meta":[],"product_brand":[],"product_cat":[535,509],"product_tag":[],"class_list":{"0":"post-8813","1":"product","2":"type-product","3":"status-publish","4":"has-post-thumbnail","6":"product_cat-equipamentos-medicina","7":"product_cat-medicina","9":"first","10":"onbackorder","11":"shipping-taxable","12":"purchasable","13":"product-type-simple"},"_links":{"self":[{"href":"https:\/\/www.brmedal.com.br\/index.php?rest_route=\/wp\/v2\/product\/8813","targetHints":{"allow":["GET"]}}],"collection":[{"href":"https:\/\/www.brmedal.com.br\/index.php?rest_route=\/wp\/v2\/product"}],"about":[{"href":"https:\/\/www.brmedal.com.br\/index.php?rest_route=\/wp\/v2\/types\/product"}],"replies":[{"embeddable":true,"href":"https:\/\/www.brmedal.com.br\/index.php?rest_route=%2Fwp%2Fv2%2Fcomments&post=8813"}],"wp:featuredmedia":[{"embeddable":true,"href":"https:\/\/www.brmedal.com.br\/index.php?rest_route=\/wp\/v2\/media\/8812"}],"wp:attachment":[{"href":"https:\/\/www.brmedal.com.br\/index.php?rest_route=%2Fwp%2Fv2%2Fmedia&parent=8813"}],"wp:term":[{"taxonomy":"product_brand","embeddable":true,"href":"https:\/\/www.brmedal.com.br\/index.php?rest_route=%2Fwp%2Fv2%2Fproduct_brand&post=8813"},{"taxonomy":"product_cat","embeddable":true,"href":"https:\/\/www.brmedal.com.br\/index.php?rest_route=%2Fwp%2Fv2%2Fproduct_cat&post=8813"},{"taxonomy":"product_tag","embeddable":true,"href":"https:\/\/www.brmedal.com.br\/index.php?rest_route=%2Fwp%2Fv2%2Fproduct_tag&post=8813"}],"curies":[{"name":"wp","href":"https:\/\/api.w.org\/{rel}","templated":true}]}}