{"id":8882,"date":"2019-05-16T08:04:47","date_gmt":"2019-05-16T11:04:47","guid":{"rendered":"https:\/\/www.brmedal.com.br\/product\/balanca-digital-portatil-new\/"},"modified":"2022-10-25T23:54:33","modified_gmt":"2022-10-26T02:54:33","slug":"balanca-digital-portatil-new","status":"publish","type":"product","link":"https:\/\/www.brmedal.com.br\/?product=balanca-digital-portatil-new","title":{"rendered":"Balan\u00e7a Digital Port\u00e1til New"},"content":{"rendered":"<p>Fonte autom\u00e1tica \u201cFull Range\u201d interna. Entrada: 90-250VAC, 50\/60Hz e Sa\u00edda 12V\/500mA\/8W.<\/p>\n<p>Display de LED vermelho com 6 d\u00edgitos.<\/p>\n<p>Constru\u00e7\u00e3o em chapa de a\u00e7o carbono 1020. Tampa da plataforma pode ser retirada para limpeza.<\/p>\n<p>Visor com prote\u00e7\u00e3o em policarbonato de alta resist\u00eancia \u00e0 umidade elevada.<\/p>\n<p>Pintura eletrost\u00e1tica a p\u00f3 (Padr\u00e3o \u00fanico de f\u00e1brica = branco)<\/p>\n<p>Piso de borracha antiderrapante<\/p>\n<p>Reveste a superf\u00edcie da plataforma de pesagem proporcionando maior seguran\u00e7a e conforto aos usu\u00e1rios.<\/p>\n<p>Gancho para bolsas<\/p>\n<p>Oferece conforto e comodidade ao usu\u00e1rio (*apenas nos modelos BK-F).<\/p>\n<p>Plataforma: 40 x 40 cm. Altura do piso at\u00e9 o final da coluna: 100 cm<\/p>\n<p>Peso da balan\u00e7a de 25,000 kg<\/p>\n<p>Peso de embarque da balan\u00e7a de 32,000 kg<\/p>\n<p>Consumo de 10W<\/p>\n<p>Garantia de 1 ano contra quaisquer defeitos de materiais e\/ou fabrica\u00e7\u00e3o.<\/p>\n","protected":false},"excerpt":{"rendered":"<p>BK &#8211; 50FN Capacidade 150 kg Plataforma 40 x 40 cm. Branco.<\/p>\n<p>BK &#8211; 200FN Capacidade 200 kg Plataforma 40 x 40 cm. Branco.<\/p>\n","protected":false},"featured_media":8879,"comment_status":"open","ping_status":"closed","template":"","meta":[],"product_brand":[],"product_cat":[535,509],"product_tag":[],"class_list":{"0":"post-8882","1":"product","2":"type-product","3":"status-publish","4":"has-post-thumbnail","6":"product_cat-equipamentos-medicina","7":"product_cat-medicina","9":"first","10":"onbackorder","11":"shipping-taxable","12":"purchasable","13":"product-type-simple"},"_links":{"self":[{"href":"https:\/\/www.brmedal.com.br\/index.php?rest_route=\/wp\/v2\/product\/8882","targetHints":{"allow":["GET"]}}],"collection":[{"href":"https:\/\/www.brmedal.com.br\/index.php?rest_route=\/wp\/v2\/product"}],"about":[{"href":"https:\/\/www.brmedal.com.br\/index.php?rest_route=\/wp\/v2\/types\/product"}],"replies":[{"embeddable":true,"href":"https:\/\/www.brmedal.com.br\/index.php?rest_route=%2Fwp%2Fv2%2Fcomments&post=8882"}],"wp:featuredmedia":[{"embeddable":true,"href":"https:\/\/www.brmedal.com.br\/index.php?rest_route=\/wp\/v2\/media\/8879"}],"wp:attachment":[{"href":"https:\/\/www.brmedal.com.br\/index.php?rest_route=%2Fwp%2Fv2%2Fmedia&parent=8882"}],"wp:term":[{"taxonomy":"product_brand","embeddable":true,"href":"https:\/\/www.brmedal.com.br\/index.php?rest_route=%2Fwp%2Fv2%2Fproduct_brand&post=8882"},{"taxonomy":"product_cat","embeddable":true,"href":"https:\/\/www.brmedal.com.br\/index.php?rest_route=%2Fwp%2Fv2%2Fproduct_cat&post=8882"},{"taxonomy":"product_tag","embeddable":true,"href":"https:\/\/www.brmedal.com.br\/index.php?rest_route=%2Fwp%2Fv2%2Fproduct_tag&post=8882"}],"curies":[{"name":"wp","href":"https:\/\/api.w.org\/{rel}","templated":true}]}}