{"id":891,"date":"2017-10-16T11:56:31","date_gmt":"2017-10-16T14:56:31","guid":{"rendered":"https:\/\/www.brmedal.com.br\/product\/indicador-biologico-5\/"},"modified":"2022-11-11T10:20:02","modified_gmt":"2022-11-11T13:20:02","slug":"indicador-biologico-5","status":"publish","type":"product","link":"https:\/\/www.brmedal.com.br\/?product=indicador-biologico-5","title":{"rendered":"Indicador Biol\u00f3gico para esteriliza\u00e7\u00e3o em autoclaves"},"content":{"rendered":"<p class=\"prod\">Indicador biol\u00f3gico desenvolvido para a monitoriza\u00e7\u00e3o e avalia\u00e7\u00e3o dos ciclos de esteriliza\u00e7\u00e3o em autoclaves a vapor.<\/p>\n<p class=\"prod\">Sistema claro e de f\u00e1cil interpreta\u00e7\u00e3o dos resultados do processo de esteriliza\u00e7\u00e3o. Quando a esteriliza\u00e7\u00e3o for bem sucedida a ampola teste permanecer\u00e1 roxa e a ampola controle mudar\u00e1 para amarelo;<\/p>\n<p class=\"prod\">Resultados finais ap\u00f3s apenas 24 horas de incuba\u00e7\u00e3o (Certificado pelo FDA \/ US).<\/p>\n<p class=\"prod\">\u00danico que cont\u00e9m indicador qu\u00edmico Classe 4 na etiqueta de identifica\u00e7\u00e3o.<\/p>\n<p class=\"prod\">Apresenta\u00e7\u00e3o: caixa com 100 unidades;<\/p>\n<p class=\"prod\">Acompanha manual de instru\u00e7\u00f5es com \u00e1rea para documenta\u00e7\u00e3o e arquivamento dos resultados;<\/p>\n<p class=\"prod\">Validade: 18 meses a partir da data de fabrica\u00e7\u00e3o;<\/p>\n<p class=\"prod\">Fabricante: SPSmedical &#8211; USA;<\/p>\n<p class=\"prod\">Dimens\u00f5es\u00a0 Ampola: 45,5 x 8,4 mm (A x D)<\/p>\n<p class=\"prod\">\u00a0Para mais informa\u00e7\u00f5es, consulte o Manual de Instru\u00e7\u00f5es.<\/p>\n<p class=\"prod\">\n","protected":false},"excerpt":{"rendered":"<p>Indicador biol\u00f3gico desenvolvido para a monitoriza\u00e7\u00e3o e avalia\u00e7\u00e3o dos ciclos de esteriliza\u00e7\u00e3o em autoclaves a vapor.<\/p>\n","protected":false},"featured_media":890,"comment_status":"open","ping_status":"closed","template":"","meta":[],"product_brand":[],"product_cat":[530],"product_tag":[],"class_list":{"0":"post-891","1":"product","2":"type-product","3":"status-publish","4":"has-post-thumbnail","6":"product_cat-biosseguranca","8":"first","9":"onbackorder","10":"shipping-taxable","11":"purchasable","12":"product-type-simple"},"_links":{"self":[{"href":"https:\/\/www.brmedal.com.br\/index.php?rest_route=\/wp\/v2\/product\/891","targetHints":{"allow":["GET"]}}],"collection":[{"href":"https:\/\/www.brmedal.com.br\/index.php?rest_route=\/wp\/v2\/product"}],"about":[{"href":"https:\/\/www.brmedal.com.br\/index.php?rest_route=\/wp\/v2\/types\/product"}],"replies":[{"embeddable":true,"href":"https:\/\/www.brmedal.com.br\/index.php?rest_route=%2Fwp%2Fv2%2Fcomments&post=891"}],"wp:featuredmedia":[{"embeddable":true,"href":"https:\/\/www.brmedal.com.br\/index.php?rest_route=\/wp\/v2\/media\/890"}],"wp:attachment":[{"href":"https:\/\/www.brmedal.com.br\/index.php?rest_route=%2Fwp%2Fv2%2Fmedia&parent=891"}],"wp:term":[{"taxonomy":"product_brand","embeddable":true,"href":"https:\/\/www.brmedal.com.br\/index.php?rest_route=%2Fwp%2Fv2%2Fproduct_brand&post=891"},{"taxonomy":"product_cat","embeddable":true,"href":"https:\/\/www.brmedal.com.br\/index.php?rest_route=%2Fwp%2Fv2%2Fproduct_cat&post=891"},{"taxonomy":"product_tag","embeddable":true,"href":"https:\/\/www.brmedal.com.br\/index.php?rest_route=%2Fwp%2Fv2%2Fproduct_tag&post=891"}],"curies":[{"name":"wp","href":"https:\/\/api.w.org\/{rel}","templated":true}]}}